{"id":1126,"date":"2024-10-04T12:18:14","date_gmt":"2024-10-04T15:18:14","guid":{"rendered":"https:\/\/qualibee.com.br\/?page_id=1126"},"modified":"2025-02-15T15:05:53","modified_gmt":"2025-02-15T18:05:53","slug":"empreendedores-rurais","status":"publish","type":"page","link":"https:\/\/qualibee.com.br\/index.php\/empreendedores-rurais\/","title":{"rendered":"Empreendedores Rurais"},"content":{"rendered":"\t<section class=\"section\" id=\"section_1364257447\">\n\t\t<div class=\"bg section-bg fill bg-fill  bg-loaded\" >\n\n\t\t\t\n\t\t\t<div class=\"section-bg-overlay absolute fill\"><\/div>\n\t\t\t\n\n\t\t<\/div>\n\n\t\t\n\n\t\t<div class=\"section-content relative\">\n\t\t\t\n<div class=\"row align-middle\"  id=\"row-1774345538\">\n\n\t<div id=\"col-1398852805\" class=\"col medium-6 small-12 large-6\"  data-animate=\"bounceInLeft\">\n\t\t\t\t<div class=\"col-inner text-left\"  >\n\t\t\t\n\t\t\t\n\t<div id=\"text-1836680132\" class=\"text\">\n\t\t\n\t\t\n<style>\n#text-1836680132 {\n  font-size: 1.2rem;\n  line-height: 0.75;\n  text-align: center;\n  color: #024959;\n}\n#text-1836680132 > * {\n  color: #024959;\n}\n@media (min-width:850px) {\n  #text-1836680132 {\n    font-size: 1.2rem;\n  }\n}\n<\/style>\n\t<\/div>\n\t\n\t<div id=\"gap-485477733\" class=\"gap-element clearfix\" style=\"display:block; height:auto;\">\n\t\t\n<style>\n#gap-485477733 {\n  padding-top: 63px;\n}\n@media (min-width:550px) {\n  #gap-485477733 {\n    padding-top: 79px;\n  }\n}\n<\/style>\n\t<\/div>\n\t\n\t<div id=\"text-2335394336\" class=\"text\">\n\t\t\n<h1>PLANOS DE<br \/>\nASSIST\u00caNCIA T\u00c9CNICA<br \/>\nGERENCIAL CONTINUADA<\/h1>\n\t\t\n<style>\n#text-2335394336 {\n  font-size: 1.15rem;\n  line-height: 1.05;\n  text-align: left;\n  color: #7c2f14;\n}\n#text-2335394336 > * {\n  color: #7c2f14;\n}\n<\/style>\n\t<\/div>\n\t\n\t<div id=\"text-213128024\" class=\"text\">\n\t\t\n<div class=\"elementor-element elementor-element-12e2bbf elementor-widget elementor-widget-heading\" data-id=\"12e2bbf\" data-element_type=\"widget\" data-widget_type=\"heading.default\">\n<div class=\"elementor-widget-container\">\n<p class=\"elementor-heading-title elementor-size-default\">Suporte t\u00e9cnico personalizado ao seu sistema produtivo, com nosso time de<br \/>especialistas para te orientar no manejo e nas decis\u00f5es mais assertivas paro seu<br \/>agroneg\u00f3cio.<\/p>\n<\/div>\n<\/div>\n<p><span style=\"font-family: Arial, serif; font-size: 85%;\">Apoio online di\u00e1rio nas tomadas de decis\u00f5es no uso racional de medicamentos, no manejo di\u00e1rio do rebanho e muito mais.<\/span><\/p>\n\t\t\n<style>\n#text-213128024 {\n  font-size: 1.25rem;\n  line-height: 1.1;\n}\n<\/style>\n\t<\/div>\n\t\n<a rel=\"noopener noreferrer\" href=\"https:\/\/wa.me\/553125285193\" target=\"_blank\" class=\"button success is-large box-shadow-2 expand\"  style=\"border-radius:99px;padding:0px 0px 0px 0px;\">\n    <span>Garanta suas visitas t\u00e9cnicas<\/span>\n  <\/a>\n\n\t\t<\/div>\n\t\t\t\t\t<\/div>\n\n\t\n\n\t<div id=\"col-216893473\" class=\"col medium-6 small-12 large-6\"  >\n\t\t\t\t<div class=\"col-inner\"  >\n\t\t\t\n\t\t\t\n\t<div class=\"img has-hover x md-x lg-x y md-y lg-y\" id=\"image_1077355394\">\n\t\t\t\t\t\t\t\t<div class=\"img-inner image-cover dark\" style=\"padding-top:99%;margin:0px 0px -90px 0px;\">\n\t\t\t<img decoding=\"async\" width=\"819\" height=\"1024\" src=\"https:\/\/qualibee.com.br\/wp-content\/uploads\/2025\/01\/WhatsApp-Image-2025-01-23-at-08.54.18-819x1024.jpeg\" class=\"attachment-large size-large\" alt=\"\" srcset=\"https:\/\/qualibee.com.br\/wp-content\/uploads\/2025\/01\/WhatsApp-Image-2025-01-23-at-08.54.18-819x1024.jpeg 819w, https:\/\/qualibee.com.br\/wp-content\/uploads\/2025\/01\/WhatsApp-Image-2025-01-23-at-08.54.18-510x638.jpeg 510w, https:\/\/qualibee.com.br\/wp-content\/uploads\/2025\/01\/WhatsApp-Image-2025-01-23-at-08.54.18-240x300.jpeg 240w, https:\/\/qualibee.com.br\/wp-content\/uploads\/2025\/01\/WhatsApp-Image-2025-01-23-at-08.54.18-768x960.jpeg 768w, https:\/\/qualibee.com.br\/wp-content\/uploads\/2025\/01\/WhatsApp-Image-2025-01-23-at-08.54.18.jpeg 1024w\" sizes=\"(max-width: 819px) 100vw, 819px\" \/>\t\t\t\t\t\t\n\t\t\t\t\t<\/div>\n\t\t\t\t\t\t\t\t\n<style>\n#image_1077355394 {\n  width: 100%;\n}\n<\/style>\n\t<\/div>\n\t\n\t\t<\/div>\n\t\t\t\t\n<style>\n#col-216893473 > .col-inner {\n  padding: 0px 0px 0px 0px;\n  margin: 0px 0px -130px 0px;\n}\n@media (min-width:550px) {\n  #col-216893473 > .col-inner {\n    margin: 0px 0px -130px 0px;\n  }\n}\n<\/style>\n\t<\/div>\n\n\t\n<\/div>\n\t<div id=\"gap-434118652\" class=\"gap-element clearfix\" style=\"display:block; height:auto;\">\n\t\t\n<style>\n#gap-434118652 {\n  padding-top: 63px;\n}\n@media (min-width:550px) {\n  #gap-434118652 {\n    padding-top: 58px;\n  }\n}\n<\/style>\n\t<\/div>\n\t\n<div class=\"row\"  id=\"row-1753636990\">\n\n\t<div id=\"col-804603326\" class=\"col medium-3 small-12 large-3\"  >\n\t\t\t\t<div class=\"col-inner\"  >\n\t\t\t\n\t\t\t\n\t\t<\/div>\n\t\t\t\t\t<\/div>\n\n\t\n\n\t<div id=\"col-481708211\" class=\"col medium-6 small-12 large-6\"  >\n\t\t\t\t<div class=\"col-inner\"  >\n\t\t\t\n\t\t\t\n\t\t<\/div>\n\t\t\t\t\t<\/div>\n\n\t\n\n\t<div id=\"col-990865569\" class=\"col medium-3 small-12 large-3\"  >\n\t\t\t\t<div class=\"col-inner\"  >\n\t\t\t\n\t\t\t\n\t\t<\/div>\n\t\t\t\t\t<\/div>\n\n\t\n<\/div>\n\t\t<\/div>\n\n\t\t\n<style>\n#section_1364257447 {\n  padding-top: 0px;\n  padding-bottom: 0px;\n  background-color: rgb(255, 255, 255);\n}\n#section_1364257447 .section-bg-overlay {\n  background-color: rgba(255, 255, 255, 0.85);\n}\n#section_1364257447 .ux-shape-divider--top svg {\n  height: 150px;\n  --divider-top-width: 100%;\n}\n#section_1364257447 .ux-shape-divider--bottom svg {\n  height: 150px;\n  --divider-width: 100%;\n}\n<\/style>\n\t<\/section>\n\t\n\t<section class=\"section\" id=\"section_446400283\">\n\t\t<div class=\"bg section-bg fill bg-fill  bg-loaded\" >\n\n\t\t\t\n\t\t\t\n\t\t\t\n\n\t\t<\/div>\n\n\t\t\n\n\t\t<div class=\"section-content relative\">\n\t\t\t\n<div class=\"row\"  id=\"row-897329481\">\n\n\t<div id=\"col-1149404359\" class=\"col medium-2 small-12 large-2\"  >\n\t\t\t\t<div class=\"col-inner\"  >\n\t\t\t\n\t\t\t\n\t\t<\/div>\n\t\t\t\t\t<\/div>\n\n\t\n\n\t<div id=\"col-2129889464\" class=\"col medium-8 small-12 large-8\"  >\n\t\t\t\t<div class=\"col-inner\"  >\n\t\t\t\n\t\t\t\n\t<div id=\"text-3840220932\" class=\"text\">\n\t\t\n<h1><span style=\"color: #ffffff;\"> Visitas t\u00e9cnicas programas, elabora\u00e7\u00e3o do manual produtivo, formula\u00e7\u00f5es de dietas, diagn\u00f3stico de prenhez, exame parasitol\u00f3gico e gest\u00e3o do controle leiteiro. <\/span><\/h1>\n\t\t\n<style>\n#text-3840220932 {\n  font-size: 0.95rem;\n  line-height: 0.95;\n  text-align: center;\n}\n<\/style>\n\t<\/div>\n\t\n<div class=\"video video-fit mb\" style=\"padding-top:56.25%;\"><p><iframe title=\"Planos de Consultoria Personalizados para Empreendedores Rurais\" width=\"1020\" height=\"574\" src=\"https:\/\/www.youtube.com\/embed\/3kdXbpyU4so?feature=oembed\" frameborder=\"0\" allow=\"accelerometer; autoplay; clipboard-write; encrypted-media; gyroscope; picture-in-picture; web-share\" referrerpolicy=\"strict-origin-when-cross-origin\" allowfullscreen><\/iframe><\/p>\n<\/div>\n\t<div id=\"text-3562888170\" class=\"text\">\n\t\t\n<p><span style=\"font-family: Arial, serif; font-size: 100%;\">Treinamentos t\u00e9cnicos dos colaboradores e muito mais.<\/span><\/p>\n\t\t\n<style>\n#text-3562888170 {\n  font-size: 1.9rem;\n  line-height: 1.25;\n  text-align: center;\n  color: rgb(255, 255, 255);\n}\n#text-3562888170 > * {\n  color: rgb(255, 255, 255);\n}\n<\/style>\n\t<\/div>\n\t\n<div class=\"row\"  id=\"row-831008543\">\n\n\t<div id=\"col-1897368772\" class=\"col medium-3 small-12 large-3\"  >\n\t\t\t\t<div class=\"col-inner\"  >\n\t\t\t\n\t\t\t\n\t\t<\/div>\n\t\t\t\t\t<\/div>\n\n\t\n\n\t<div id=\"col-1305548584\" class=\"col medium-6 small-12 large-6\"  >\n\t\t\t\t<div class=\"col-inner\"  >\n\t\t\t\n\t\t\t\n<a rel=\"noopener noreferrer\" href=\"https:\/\/wa.me\/553125285193\" target=\"_blank\" class=\"button white box-shadow-3 expand\"  style=\"border-radius:99px;\">\n    <span>AGENDAR VISITAS T\u00c9CNICAS<\/span>\n  <\/a>\n\n\t\t<\/div>\n\t\t\t\t\t<\/div>\n\n\t\n\n\t<div id=\"col-783561207\" class=\"col medium-3 small-12 large-3\"  >\n\t\t\t\t<div class=\"col-inner\"  >\n\t\t\t\n\t\t\t\n\t\t<\/div>\n\t\t\t\t\t<\/div>\n\n\t\n<\/div>\n\t\t<\/div>\n\t\t\t\t\t<\/div>\n\n\t\n\n\t<div id=\"col-443938709\" class=\"col medium-2 small-12 large-2\"  >\n\t\t\t\t<div class=\"col-inner\"  >\n\t\t\t\n\t\t\t\n\t\t<\/div>\n\t\t\t\t\t<\/div>\n\n\t\n<\/div>\n\t\t<\/div>\n\n\t\t\n<style>\n#section_446400283 {\n  padding-top: 30px;\n  padding-bottom: 30px;\n  background-color: rgb(2, 73, 89);\n}\n#section_446400283 .ux-shape-divider--top svg {\n  height: 150px;\n  --divider-top-width: 100%;\n}\n#section_446400283 .ux-shape-divider--bottom svg {\n  height: 150px;\n  --divider-width: 100%;\n}\n<\/style>\n\t<\/section>\n\t\n\t<section class=\"section\" id=\"section_1722320422\">\n\t\t<div class=\"bg section-bg fill bg-fill  bg-loaded\" >\n\n\t\t\t\n\t\t\t\n\t\t\t\n\n\t\t<\/div>\n\n\t\t\n\n\t\t<div class=\"section-content relative\">\n\t\t\t\n\t<div id=\"gap-2083615942\" class=\"gap-element clearfix\" style=\"display:block; height:auto;\">\n\t\t\n<style>\n#gap-2083615942 {\n  padding-top: 39px;\n}\n<\/style>\n\t<\/div>\n\t\n<div class=\"row\"  id=\"row-341258150\">\n\n\t<div id=\"col-1773866470\" class=\"col medium-6 small-12 large-6\"  >\n\t\t\t\t<div class=\"col-inner text-center\"  >\n\t\t\t\n\t\t\t\n\t<div id=\"text-4070744406\" class=\"text\">\n\t\t\n<h1 class=\"elementor-heading-title elementor-size-default\">Suporte T\u00e9cnico<\/h1>\n\t\t\n<style>\n#text-4070744406 {\n  font-size: 1.35rem;\n  line-height: 1.45;\n  text-align: left;\n  color: #7c2f14;\n}\n#text-4070744406 > * {\n  color: #7c2f14;\n}\n<\/style>\n\t<\/div>\n\t\n\t<div id=\"text-2315374089\" class=\"text\">\n\t\t\n<h1>Suporte remoto via WhatsApp para d\u00favidas:<\/h1>\n<ul>\n<li>Apoio online na tomada de decis\u00f5es para tratamento<br \/>de enfermidades;<\/li>\n<li>Aux\u00edlio remoto no uso de medicamentos e<br \/>tratamentos e na elabora\u00e7\u00e3o de medidas preventivas;<\/li>\n<li>Assist\u00eancia online para fornecimento da alimenta\u00e7\u00e3o<br \/>para o rebanho;<\/li>\n<li>Suporte na elabora\u00e7\u00e3o do manejo di\u00e1rio do rebanho;<\/li>\n<li>Aux\u00edlio na tomada de decis\u00e3o do plano de neg\u00f3cio;<\/li>\n<li>Participa\u00e7\u00e3o no Grupo de Troca de Experi\u00eancias<br \/>Qualib\u00e9\u00e9<\/li>\n<\/ul>\n\t\t\n<style>\n#text-2315374089 {\n  font-size: 1.1rem;\n  line-height: 1.05;\n  text-align: left;\n  color: #024959;\n}\n#text-2315374089 > * {\n  color: #024959;\n}\n<\/style>\n\t<\/div>\n\t\n\t\t<\/div>\n\t\t\t\t\t<\/div>\n\n\t\n\n\t<div id=\"col-2023622218\" class=\"col medium-6 small-12 large-6\"  >\n\t\t\t\t<div class=\"col-inner text-center\"  >\n\t\t\t\n\t\t\t\n\t<div id=\"gap-1498427395\" class=\"gap-element clearfix\" style=\"display:block; height:auto;\">\n\t\t\n<style>\n#gap-1498427395 {\n  padding-top: 59px;\n}\n<\/style>\n\t<\/div>\n\t\n\t<div class=\"img has-hover x md-x lg-x y md-y lg-y\" id=\"image_1390281762\">\n\t\t\t\t\t\t\t\t<div class=\"img-inner dark\" style=\"margin:0px 0px 0 0px;\">\n\t\t\t<img decoding=\"async\" width=\"256\" height=\"256\" src=\"https:\/\/qualibee.com.br\/wp-content\/uploads\/2025\/02\/apoio-suporte.png\" class=\"attachment-original size-original\" alt=\"\" srcset=\"https:\/\/qualibee.com.br\/wp-content\/uploads\/2025\/02\/apoio-suporte.png 256w, https:\/\/qualibee.com.br\/wp-content\/uploads\/2025\/02\/apoio-suporte-100x100.png 100w, https:\/\/qualibee.com.br\/wp-content\/uploads\/2025\/02\/apoio-suporte-150x150.png 150w\" sizes=\"(max-width: 256px) 100vw, 256px\" \/>\t\t\t\t\t\t\n\t\t\t\t\t<\/div>\n\t\t\t\t\t\t\t\t\n<style>\n#image_1390281762 {\n  width: 50%;\n}\n<\/style>\n\t<\/div>\n\t\n\t\t<\/div>\n\t\t\t\t\t<\/div>\n\n\t\n<\/div>\n\t\t<\/div>\n\n\t\t\n<style>\n#section_1722320422 {\n  padding-top: 30px;\n  padding-bottom: 30px;\n}\n#section_1722320422 .ux-shape-divider--top svg {\n  height: 150px;\n  --divider-top-width: 100%;\n}\n#section_1722320422 .ux-shape-divider--bottom svg {\n  height: 150px;\n  --divider-width: 100%;\n}\n<\/style>\n\t<\/section>\n\t\n\t<section class=\"section\" id=\"section_642099611\">\n\t\t<div class=\"bg section-bg fill bg-fill  bg-loaded\" >\n\n\t\t\t\n\t\t\t\n\t\t\t\n\n\t\t<\/div>\n\n\t\t\n\n\t\t<div class=\"section-content relative\">\n\t\t\t\n\t<div id=\"gap-1300377665\" class=\"gap-element clearfix\" style=\"display:block; height:auto;\">\n\t\t\n<style>\n#gap-1300377665 {\n  padding-top: 88px;\n}\n<\/style>\n\t<\/div>\n\t\n<div class=\"row\"  id=\"row-1394964004\">\n\n\t<div id=\"col-848144200\" class=\"col medium-6 small-12 large-6\"  >\n\t\t\t\t<div class=\"col-inner\"  >\n\t\t\t\n\t\t\t\n\t<div id=\"text-1821611064\" class=\"text\">\n\t\t\n<h1 class=\"elementor-heading-title elementor-size-default\">Ecossistema Qualib\u00e9\u00e9<\/p>\n\t\t\n<style>\n#text-1821611064 {\n  font-size: 1.35rem;\n  line-height: 1.45;\n  text-align: left;\n  color: #7c2f14;\n}\n#text-1821611064 > * {\n  color: #7c2f14;\n}\n<\/style>\n\t<\/div>\n\t\n\t<div id=\"text-668237284\" class=\"text\">\n\t\t\n<ul>\n<li style=\"text-align: left;\">Reuni\u00f5es t\u00e9cnicas online pr\u00e9-agendadas;<\/li>\n<li style=\"text-align: left;\">Elabora\u00e7\u00e3o do manual produtivo personalizado;<\/li>\n<li style=\"text-align: left;\">Formula\u00e7\u00e3o de dietas personalizadas;<\/li>\n<li style=\"text-align: left;\">Elabora\u00e7\u00e3o de protocolos sanit\u00e1rios personalizado;<\/li>\n<li>Suporte na elabora\u00e7\u00e3o do manejo di\u00e1rio do rebanho;<\/li>\n<li>Aux\u00edlio na tomada de decis\u00e3o do plano de neg\u00f3cio;<\/li>\n<li style=\"text-align: left;\">Suporte remoto via Whatsapp para d\u00favidas;<\/li>\n<li style=\"text-align: left;\">Participa\u00e7\u00e3o no Grupo de Troca de Experi\u00eancias Qualib\u00e9\u00e9.<\/li>\n<\/ul>\n\t\t\n<style>\n#text-668237284 {\n  font-size: 1.1rem;\n  line-height: 1.05;\n  color: #024959;\n}\n#text-668237284 > * {\n  color: #024959;\n}\n<\/style>\n\t<\/div>\n\t\n\t\t<\/div>\n\t\t\t\t\t<\/div>\n\n\t\n\n\t<div id=\"col-294540643\" class=\"col medium-6 small-12 large-6\"  >\n\t\t\t\t<div class=\"col-inner text-center\"  >\n\t\t\t\n\t\t\t\n\t<div id=\"gap-999851106\" class=\"gap-element clearfix\" style=\"display:block; height:auto;\">\n\t\t\n<style>\n#gap-999851106 {\n  padding-top: 59px;\n}\n<\/style>\n\t<\/div>\n\t\n\t<div class=\"img has-hover x md-x lg-x y md-y lg-y\" id=\"image_763883487\">\n\t\t\t\t\t\t\t\t<div class=\"img-inner dark\" >\n\t\t\t<img decoding=\"async\" width=\"256\" height=\"256\" src=\"https:\/\/qualibee.com.br\/wp-content\/uploads\/2025\/02\/ecossistema.png\" class=\"attachment-large size-large\" alt=\"\" srcset=\"https:\/\/qualibee.com.br\/wp-content\/uploads\/2025\/02\/ecossistema.png 256w, https:\/\/qualibee.com.br\/wp-content\/uploads\/2025\/02\/ecossistema-100x100.png 100w, https:\/\/qualibee.com.br\/wp-content\/uploads\/2025\/02\/ecossistema-150x150.png 150w\" sizes=\"(max-width: 256px) 100vw, 256px\" \/>\t\t\t\t\t\t\n\t\t\t\t\t<\/div>\n\t\t\t\t\t\t\t\t\n<style>\n#image_763883487 {\n  width: 50%;\n}\n<\/style>\n\t<\/div>\n\t\n\t\t<\/div>\n\t\t\t\t\t<\/div>\n\n\t\n<\/div>\n\t\t<\/div>\n\n\t\t\n<style>\n#section_642099611 {\n  padding-top: 30px;\n  padding-bottom: 30px;\n}\n#section_642099611 .ux-shape-divider--top svg {\n  height: 150px;\n  --divider-top-width: 100%;\n}\n#section_642099611 .ux-shape-divider--bottom svg {\n  height: 150px;\n  --divider-width: 100%;\n}\n<\/style>\n\t<\/section>\n\t\n\t<section class=\"section\" id=\"section_749649977\">\n\t\t<div class=\"bg section-bg fill bg-fill  bg-loaded\" >\n\n\t\t\t\n\t\t\t\n\t\t\t\n\n\t\t<\/div>\n\n\t\t\n\n\t\t<div class=\"section-content relative\">\n\t\t\t\n<div class=\"row\"  id=\"row-257762891\">\n\n\t<div id=\"col-1803472883\" class=\"col medium-6 small-12 large-6\"  >\n\t\t\t\t<div class=\"col-inner\"  >\n\t\t\t\n\t\t\t\n\t<div id=\"text-4203504726\" class=\"text\">\n\t\t\n<h1 class=\"elementor-heading-title elementor-size-default\">4 esta\u00e7\u00f5es <\/h1>\n\t\t\n<style>\n#text-4203504726 {\n  font-size: 1.35rem;\n  line-height: 1.45;\n  text-align: left;\n  color: #7c2f14;\n}\n#text-4203504726 > * {\n  color: #7c2f14;\n}\n<\/style>\n\t<\/div>\n\t\n\t<div id=\"text-2875122298\" class=\"text\">\n\t\t\n<ul>\n<li>4 visitas t\u00e9cnicas anuais;<\/li>\n<li>Reuni\u00f5es pr\u00e9-agendadas;<\/li>\n<li>Elabora\u00e7\u00e3o do manual produtivo personalizado;<\/li>\n<li>Defini\u00e7\u00f5es de prioridades e metas;<\/li>\n<li>Formula\u00e7\u00e3o de dietas personalizadas;<\/li>\n<li>Elabora\u00e7\u00e3o de protocolos sanit\u00e1rios;<\/li>\n<li>Teste de prenhez e exame parasitol\u00f3gico;<\/li>\n<li>Treinamento t\u00e9cnico dos colaboradores;<\/li>\n<li>Caderno de campo personalizado;<\/li>\n<li>Suporte remoto via WhatsApp para d\u00favidas;<\/li>\n<li>Participa\u00e7\u00e3o no Grupo de Troca de Experi\u00eancias Qualib\u00e9\u00e9.<\/li>\n<\/ul>\n\t\t\n<style>\n#text-2875122298 {\n  font-size: 1.1rem;\n  line-height: 1.05;\n  color: #024959;\n}\n#text-2875122298 > * {\n  color: #024959;\n}\n<\/style>\n\t<\/div>\n\t\n\t\t<\/div>\n\t\t\t\t\t<\/div>\n\n\t\n\n\t<div id=\"col-683021620\" class=\"col medium-6 small-12 large-6\"  >\n\t\t\t\t<div class=\"col-inner text-center\"  >\n\t\t\t\n\t\t\t\n\t<div id=\"gap-16982487\" class=\"gap-element clearfix\" style=\"display:block; height:auto;\">\n\t\t\n<style>\n#gap-16982487 {\n  padding-top: 59px;\n}\n<\/style>\n\t<\/div>\n\t\n\t<div class=\"img has-hover x md-x lg-x y md-y lg-y\" id=\"image_902325755\">\n\t\t\t\t\t\t\t\t<div class=\"img-inner dark\" >\n\t\t\t<img decoding=\"async\" width=\"256\" height=\"256\" src=\"https:\/\/qualibee.com.br\/wp-content\/uploads\/2025\/02\/reuniao.png\" class=\"attachment-large size-large\" alt=\"\" srcset=\"https:\/\/qualibee.com.br\/wp-content\/uploads\/2025\/02\/reuniao.png 256w, https:\/\/qualibee.com.br\/wp-content\/uploads\/2025\/02\/reuniao-100x100.png 100w, https:\/\/qualibee.com.br\/wp-content\/uploads\/2025\/02\/reuniao-150x150.png 150w\" sizes=\"(max-width: 256px) 100vw, 256px\" \/>\t\t\t\t\t\t\n\t\t\t\t\t<\/div>\n\t\t\t\t\t\t\t\t\n<style>\n#image_902325755 {\n  width: 50%;\n}\n<\/style>\n\t<\/div>\n\t\n\t\t<\/div>\n\t\t\t\t\t<\/div>\n\n\t\n<\/div>\n\t\t<\/div>\n\n\t\t\n<style>\n#section_749649977 {\n  padding-top: 30px;\n  padding-bottom: 30px;\n}\n#section_749649977 .ux-shape-divider--top svg {\n  height: 150px;\n  --divider-top-width: 100%;\n}\n#section_749649977 .ux-shape-divider--bottom svg {\n  height: 150px;\n  --divider-width: 100%;\n}\n<\/style>\n\t<\/section>\n\t\n\t<section class=\"section\" id=\"section_894389608\">\n\t\t<div class=\"bg section-bg fill bg-fill  bg-loaded\" >\n\n\t\t\t\n\t\t\t\n\t\t\t\n\n\t\t<\/div>\n\n\t\t\n\n\t\t<div class=\"section-content relative\">\n\t\t\t\n<div class=\"row\"  id=\"row-830874418\">\n\n\t<div id=\"col-1164707889\" class=\"col medium-6 small-12 large-6\"  >\n\t\t\t\t<div class=\"col-inner\"  >\n\t\t\t\n\t\t\t\n\t<div id=\"text-9896965\" class=\"text\">\n\t\t\n<h1 class=\"elementor-heading-title elementor-size-default\">Padr\u00e3o <br \/>\n<\/h1>\n\t\t\n<style>\n#text-9896965 {\n  font-size: 1.35rem;\n  line-height: 1.45;\n  text-align: left;\n  color: #7c2f14;\n}\n#text-9896965 > * {\n  color: #7c2f14;\n}\n<\/style>\n\t<\/div>\n\t\n\t<div id=\"text-519365112\" class=\"text\">\n\t\t\n<ul>\n<li>Visitas t\u00e9cnicas a cada 45 dias;<\/li>\n<li>Reuni\u00f5es pr\u00e9-agendadas;<\/li>\n<li>Elabora\u00e7\u00e3o do manual produtivo;<\/li>\n<li>Defini\u00e7\u00f5es de prioridades e metas anuais;<\/li>\n<li>Formula\u00e7\u00e3o de dietas personalizadas;<\/li>\n<li>Elabora\u00e7\u00e3o de protocolos sanit\u00e1rios;<\/li>\n<li>Teste de prenhez e exame parasitol\u00f3gico;<\/li>\n<li>Treinamento t\u00e9cnico dos colaboradores;<\/li>\n<li>Gest\u00e3o do controle leiteiro e an\u00e1lise de qualidade do leite RBQL;<\/li>\n<li>Acompanhamento dos plantios e colheita das lavouras;<\/li>\n<li>Cadastro de rebanho no software de Gest\u00e3o Pecu\u00e1ria Brasil.<\/li>\n<li>Gest\u00e3o dos dados zoot\u00e9cnicos;<\/li>\n<li>Caderno de campo personalizado;<\/li>\n<li>Participa\u00e7\u00e3o no Grupo de Troca de Experi\u00eancias Qualib\u00e9\u00e9;<\/li>\n<li>Suporte remoto via WhatsApp para d\u00favidas.<\/li>\n<\/ul>\n\t\t\n<style>\n#text-519365112 {\n  font-size: 1.07rem;\n  line-height: 1.05;\n  color: #024959;\n}\n#text-519365112 > * {\n  color: #024959;\n}\n<\/style>\n\t<\/div>\n\t\n\t\t<\/div>\n\t\t\t\t\t<\/div>\n\n\t\n\n\t<div id=\"col-361012494\" class=\"col medium-6 small-12 large-6\"  >\n\t\t\t\t<div class=\"col-inner text-center\"  >\n\t\t\t\n\t\t\t\n\t<div id=\"gap-88074814\" class=\"gap-element clearfix\" style=\"display:block; height:auto;\">\n\t\t\n<style>\n#gap-88074814 {\n  padding-top: 59px;\n}\n<\/style>\n\t<\/div>\n\t\n\t<div class=\"img has-hover x md-x lg-x y md-y lg-y\" id=\"image_876194071\">\n\t\t\t\t\t\t\t\t<div class=\"img-inner dark\" >\n\t\t\t<img decoding=\"async\" width=\"256\" height=\"256\" src=\"https:\/\/qualibee.com.br\/wp-content\/uploads\/2025\/02\/teste.png\" class=\"attachment-large size-large\" alt=\"\" srcset=\"https:\/\/qualibee.com.br\/wp-content\/uploads\/2025\/02\/teste.png 256w, https:\/\/qualibee.com.br\/wp-content\/uploads\/2025\/02\/teste-100x100.png 100w, https:\/\/qualibee.com.br\/wp-content\/uploads\/2025\/02\/teste-150x150.png 150w\" sizes=\"(max-width: 256px) 100vw, 256px\" \/>\t\t\t\t\t\t\n\t\t\t\t\t<\/div>\n\t\t\t\t\t\t\t\t\n<style>\n#image_876194071 {\n  width: 50%;\n}\n<\/style>\n\t<\/div>\n\t\n\t\t<\/div>\n\t\t\t\t\t<\/div>\n\n\t\n<\/div>\n<div class=\"row\"  id=\"row-1123011513\">\n\n\t<div id=\"col-1323634120\" class=\"col medium-4 small-12 large-4\"  >\n\t\t\t\t<div class=\"col-inner\"  >\n\t\t\t\n\t\t\t\n\t\t<\/div>\n\t\t\t\t\t<\/div>\n\n\t\n\n\t<div id=\"col-987662433\" class=\"col medium-4 small-12 large-4\"  >\n\t\t\t\t<div class=\"col-inner\"  >\n\t\t\t\n\t\t\t\n<a rel=\"noopener noreferrer\" href=\"https:\/\/wa.me\/553125285193\" target=\"_blank\" class=\"button success box-shadow-3 expand\"  style=\"border-radius:99px;\">\n    <span>SAIBA MAIS<\/span>\n  <\/a>\n\n\t\t<\/div>\n\t\t\t\t\t<\/div>\n\n\t\n\n\t<div id=\"col-1479148127\" class=\"col medium-4 small-12 large-4\"  >\n\t\t\t\t<div class=\"col-inner\"  >\n\t\t\t\n\t\t\t\n\t\t<\/div>\n\t\t\t\t\t<\/div>\n\n\t\n<\/div>\n\t\t<\/div>\n\n\t\t\n<style>\n#section_894389608 {\n  padding-top: 30px;\n  padding-bottom: 30px;\n}\n#section_894389608 .ux-shape-divider--top svg {\n  height: 150px;\n  --divider-top-width: 100%;\n}\n#section_894389608 .ux-shape-divider--bottom svg {\n  height: 150px;\n  --divider-width: 100%;\n}\n<\/style>\n\t<\/section>\n\t\n","protected":false},"excerpt":{"rendered":"","protected":false},"author":2,"featured_media":0,"parent":0,"menu_order":0,"comment_status":"closed","ping_status":"closed","template":"page-blank.php","meta":{"footnotes":""},"class_list":["post-1126","page","type-page","status-publish","hentry"],"_links":{"self":[{"href":"https:\/\/qualibee.com.br\/index.php\/wp-json\/wp\/v2\/pages\/1126","targetHints":{"allow":["GET"]}}],"collection":[{"href":"https:\/\/qualibee.com.br\/index.php\/wp-json\/wp\/v2\/pages"}],"about":[{"href":"https:\/\/qualibee.com.br\/index.php\/wp-json\/wp\/v2\/types\/page"}],"author":[{"embeddable":true,"href":"https:\/\/qualibee.com.br\/index.php\/wp-json\/wp\/v2\/users\/2"}],"replies":[{"embeddable":true,"href":"https:\/\/qualibee.com.br\/index.php\/wp-json\/wp\/v2\/comments?post=1126"}],"version-history":[{"count":38,"href":"https:\/\/qualibee.com.br\/index.php\/wp-json\/wp\/v2\/pages\/1126\/revisions"}],"predecessor-version":[{"id":1343,"href":"https:\/\/qualibee.com.br\/index.php\/wp-json\/wp\/v2\/pages\/1126\/revisions\/1343"}],"wp:attachment":[{"href":"https:\/\/qualibee.com.br\/index.php\/wp-json\/wp\/v2\/media?parent=1126"}],"curies":[{"name":"wp","href":"https:\/\/api.w.org\/{rel}","templated":true}]}}