{"id":1160,"date":"2024-10-04T13:02:08","date_gmt":"2024-10-04T16:02:08","guid":{"rendered":"https:\/\/qualibee.com.br\/?page_id=1160"},"modified":"2025-02-15T14:51:29","modified_gmt":"2025-02-15T17:51:29","slug":"planos-de-consutoria-para-empreededores","status":"publish","type":"page","link":"https:\/\/qualibee.com.br\/index.php\/planos-de-consutoria-para-empreededores\/","title":{"rendered":"PLANOS DE CONSUTORIA PARA EMPREEDEDORES"},"content":{"rendered":"\t<section class=\"section\" id=\"section_2075283986\">\n\t\t<div class=\"bg section-bg fill bg-fill  bg-loaded\" >\n\n\t\t\t\n\t\t\t<div class=\"section-bg-overlay absolute fill\"><\/div>\n\t\t\t\n\n\t\t<\/div>\n\n\t\t\n\n\t\t<div class=\"section-content relative\">\n\t\t\t\n<div class=\"row align-middle\"  id=\"row-1698309314\">\n\n\t<div id=\"col-1115743518\" class=\"col medium-6 small-12 large-6\"  data-animate=\"bounceInLeft\">\n\t\t\t\t<div class=\"col-inner text-left\"  >\n\t\t\t\n\t\t\t\n\t<div id=\"text-1960669746\" class=\"text\">\n\t\t\n\t\t\n<style>\n#text-1960669746 {\n  font-size: 1.2rem;\n  line-height: 0.75;\n  text-align: center;\n  color: #024959;\n}\n#text-1960669746 > * {\n  color: #024959;\n}\n@media (min-width:850px) {\n  #text-1960669746 {\n    font-size: 1.2rem;\n  }\n}\n<\/style>\n\t<\/div>\n\t\n\t<div id=\"gap-236196729\" class=\"gap-element clearfix\" style=\"display:block; height:auto;\">\n\t\t\n<style>\n#gap-236196729 {\n  padding-top: 63px;\n}\n@media (min-width:550px) {\n  #gap-236196729 {\n    padding-top: 79px;\n  }\n}\n<\/style>\n\t<\/div>\n\t\n\t<div id=\"text-278946542\" class=\"text\">\n\t\t\n<h1>PLANOS DE<br \/>\nCONSUTORIA PARA<br \/>\nEMPREENDEDORES QUEIJEIROS<\/h1>\n\t\t\n<style>\n#text-278946542 {\n  font-size: 1.05rem;\n  line-height: 1.05;\n  text-align: left;\n  color: #7c2f14;\n}\n#text-278946542 > * {\n  color: #7c2f14;\n}\n<\/style>\n\t<\/div>\n\t\n\t<div id=\"text-2033252496\" class=\"text\">\n\t\t\n<div class=\"elementor-element elementor-element-12e2bbf elementor-widget elementor-widget-heading\" data-id=\"12e2bbf\" data-element_type=\"widget\" data-widget_type=\"heading.default\">\n<div class=\"elementor-widget-container\">\n<p class=\"elementor-heading-title elementor-size-default\">Planos de consultoria t\u00e9cnica adequado ao seu empreendimento, com<br \/>especialistas que te orientam na implementa\u00e7\u00e3o  da sua queijaria.<\/p>\n<\/div>\n<\/div>\n\t\t\n<style>\n#text-2033252496 {\n  font-size: 1.25rem;\n  line-height: 1.1;\n}\n<\/style>\n\t<\/div>\n\t\n\t<div id=\"text-3205756468\" class=\"text\">\n\t\t\n<p><span style=\"font-family: Arial, serif; font-size: 85%;\">Plano de neg\u00f3cios, proje\u00e7\u00e3o de custos e receitas, e levantamento de oportunidades espec\u00edficas para produ\u00e7\u00e3o de queijos e derivados l\u00e1ctoes e muito mais.<\/span><\/p>\n\t\t\n<style>\n#text-3205756468 {\n  font-size: 1.05rem;\n  line-height: 1.15;\n  text-align: left;\n  color: #7c2f14;\n}\n#text-3205756468 > * {\n  color: #7c2f14;\n}\n<\/style>\n\t<\/div>\n\t\n<a rel=\"noopener noreferrer\" href=\"https:\/\/wa.me\/553125285193\" target=\"_blank\" class=\"button success is-large box-shadow-2 expand\"  style=\"border-radius:99px;padding:0px 0px 0px 0px;\">\n    <span>Inicie seu neg\u00f3cio de queijos<\/span>\n  <\/a>\n\n\t\t<\/div>\n\t\t\t\t\t<\/div>\n\n\t\n\n\t<div id=\"col-1371543066\" class=\"col medium-6 small-12 large-6\"  >\n\t\t\t\t<div class=\"col-inner\"  >\n\t\t\t\n\t\t\t\n\t<div class=\"img has-hover x md-x lg-x y md-y lg-y\" id=\"image_1997871303\">\n\t\t\t\t\t\t\t\t<div class=\"img-inner image-cover dark\" style=\"padding-top:99%;margin:0px 0px -90px 0px;\">\n\t\t\t<img decoding=\"async\" width=\"819\" height=\"1024\" src=\"https:\/\/qualibee.com.br\/wp-content\/uploads\/2025\/01\/WhatsApp-Image-2025-01-28-at-08.50.59-819x1024.jpeg\" class=\"attachment-large size-large\" alt=\"\" srcset=\"https:\/\/qualibee.com.br\/wp-content\/uploads\/2025\/01\/WhatsApp-Image-2025-01-28-at-08.50.59-819x1024.jpeg 819w, https:\/\/qualibee.com.br\/wp-content\/uploads\/2025\/01\/WhatsApp-Image-2025-01-28-at-08.50.59-510x638.jpeg 510w, https:\/\/qualibee.com.br\/wp-content\/uploads\/2025\/01\/WhatsApp-Image-2025-01-28-at-08.50.59-240x300.jpeg 240w, https:\/\/qualibee.com.br\/wp-content\/uploads\/2025\/01\/WhatsApp-Image-2025-01-28-at-08.50.59-768x960.jpeg 768w, https:\/\/qualibee.com.br\/wp-content\/uploads\/2025\/01\/WhatsApp-Image-2025-01-28-at-08.50.59.jpeg 1024w\" sizes=\"(max-width: 819px) 100vw, 819px\" \/>\t\t\t\t\t\t\n\t\t\t\t\t<\/div>\n\t\t\t\t\t\t\t\t\n<style>\n#image_1997871303 {\n  width: 100%;\n}\n<\/style>\n\t<\/div>\n\t\n\t\t<\/div>\n\t\t\t\t\n<style>\n#col-1371543066 > .col-inner {\n  padding: 0px 0px 0px 0px;\n  margin: 0px 0px -130px 0px;\n}\n@media (min-width:550px) {\n  #col-1371543066 > .col-inner {\n    margin: 0px 0px -130px 0px;\n  }\n}\n<\/style>\n\t<\/div>\n\n\t\n<\/div>\n\t<div id=\"gap-494455563\" class=\"gap-element clearfix\" style=\"display:block; height:auto;\">\n\t\t\n<style>\n#gap-494455563 {\n  padding-top: 63px;\n}\n@media (min-width:550px) {\n  #gap-494455563 {\n    padding-top: 58px;\n  }\n}\n<\/style>\n\t<\/div>\n\t\n\t\t<\/div>\n\n\t\t\n<style>\n#section_2075283986 {\n  padding-top: 0px;\n  padding-bottom: 0px;\n  background-color: rgb(255, 255, 255);\n}\n#section_2075283986 .section-bg-overlay {\n  background-color: rgba(255, 255, 255, 0.85);\n}\n#section_2075283986 .ux-shape-divider--top svg {\n  height: 150px;\n  --divider-top-width: 100%;\n}\n#section_2075283986 .ux-shape-divider--bottom svg {\n  height: 150px;\n  --divider-width: 100%;\n}\n<\/style>\n\t<\/section>\n\t\n\t<div id=\"gap-2025190813\" class=\"gap-element clearfix\" style=\"display:block; height:auto;\">\n\t\t\n<style>\n#gap-2025190813 {\n  padding-top: 30px;\n}\n<\/style>\n\t<\/div>\n\t\n\t<section class=\"section\" id=\"section_1022247123\">\n\t\t<div class=\"bg section-bg fill bg-fill  bg-loaded\" >\n\n\t\t\t\n\t\t\t\n\t\t\t\n\n\t\t<\/div>\n\n\t\t\n\n\t\t<div class=\"section-content relative\">\n\t\t\t\n<div class=\"row\"  id=\"row-1299466986\">\n\n\t<div id=\"col-2124456484\" class=\"col medium-2 small-12 large-2\"  >\n\t\t\t\t<div class=\"col-inner\"  >\n\t\t\t\n\t\t\t\n\t\t<\/div>\n\t\t\t\t\t<\/div>\n\n\t\n\n\t<div id=\"col-1354950538\" class=\"col medium-8 small-12 large-8\"  >\n\t\t\t\t<div class=\"col-inner\"  >\n\t\t\t\n\t\t\t\n\t<div id=\"text-4107610887\" class=\"text\">\n\t\t\n<h1><span style=\"color: #ffffff;\">Cronograma de execus\u00e3o, desenho t\u00e9cnico da ind\u00fastria de queijos e orienta\u00e7\u00e3o para aquisi\u00e7\u00e3o de equipamentos.<\/span><\/h1>\n\t\t\n<style>\n#text-4107610887 {\n  font-size: 1.25rem;\n  line-height: 0.95;\n  text-align: center;\n}\n<\/style>\n\t<\/div>\n\t\n<div class=\"video video-fit mb\" style=\"padding-top:56.25%;\"><p><iframe title=\"Planos de Consultoria Personalizados para Novos Queijeiros\" width=\"1020\" height=\"574\" src=\"https:\/\/www.youtube.com\/embed\/0wEhOHIMZsE?feature=oembed\" frameborder=\"0\" allow=\"accelerometer; autoplay; clipboard-write; encrypted-media; gyroscope; picture-in-picture; web-share\" referrerpolicy=\"strict-origin-when-cross-origin\" allowfullscreen><\/iframe><\/p>\n<\/div>\n\t<div id=\"text-3598805846\" class=\"text\">\n\t\t\n<p><span style=\"font-family: Arial, serif; font-size: 100%;\">Avalia\u00e7\u00e3o da infraestrutura da agroind\u00fastria e potencial produtivo dos produtos.<\/span><\/p>\n\t\t\n<style>\n#text-3598805846 {\n  font-size: 1.95rem;\n  line-height: 1.25;\n  text-align: center;\n  color: rgb(255, 255, 255);\n}\n#text-3598805846 > * {\n  color: rgb(255, 255, 255);\n}\n<\/style>\n\t<\/div>\n\t\n<div class=\"row\"  id=\"row-1769211003\">\n\n\t<div id=\"col-1883321884\" class=\"col medium-3 small-12 large-3\"  >\n\t\t\t\t<div class=\"col-inner\"  >\n\t\t\t\n\t\t\t\n\t\t<\/div>\n\t\t\t\t\t<\/div>\n\n\t\n\n\t<div id=\"col-540707292\" class=\"col medium-6 small-12 large-6\"  >\n\t\t\t\t<div class=\"col-inner\"  >\n\t\t\t\n\t\t\t\n<a rel=\"noopener noreferrer\" href=\"https:\/\/wa.me\/553125285193\" target=\"_blank\" class=\"button white box-shadow-3 expand\"  style=\"border-radius:99px;\">\n    <span>Agendar Reuni\u00e3o<\/span>\n  <\/a>\n\n\t\t<\/div>\n\t\t\t\t\t<\/div>\n\n\t\n\n\t<div id=\"col-1170680467\" class=\"col medium-3 small-12 large-3\"  >\n\t\t\t\t<div class=\"col-inner\"  >\n\t\t\t\n\t\t\t\n\t\t<\/div>\n\t\t\t\t\t<\/div>\n\n\t\n<\/div>\n\t\t<\/div>\n\t\t\t\t\t<\/div>\n\n\t\n\n\t<div id=\"col-221931170\" class=\"col medium-2 small-12 large-2\"  >\n\t\t\t\t<div class=\"col-inner\"  >\n\t\t\t\n\t\t\t\n\t\t<\/div>\n\t\t\t\t\t<\/div>\n\n\t\n<\/div>\n\t\t<\/div>\n\n\t\t\n<style>\n#section_1022247123 {\n  padding-top: 30px;\n  padding-bottom: 30px;\n  background-color: rgb(2, 73, 89);\n}\n#section_1022247123 .ux-shape-divider--top svg {\n  height: 150px;\n  --divider-top-width: 100%;\n}\n#section_1022247123 .ux-shape-divider--bottom svg {\n  height: 150px;\n  --divider-width: 100%;\n}\n<\/style>\n\t<\/section>\n\t\n\t<section class=\"section\" id=\"section_643097046\">\n\t\t<div class=\"bg section-bg fill bg-fill  bg-loaded\" >\n\n\t\t\t\n\t\t\t\n\t\t\t\n\n\t\t<\/div>\n\n\t\t\n\n\t\t<div class=\"section-content relative\">\n\t\t\t\n\t<div id=\"gap-665455647\" class=\"gap-element clearfix\" style=\"display:block; height:auto;\">\n\t\t\n<style>\n#gap-665455647 {\n  padding-top: 88px;\n}\n<\/style>\n\t<\/div>\n\t\n<div class=\"row\"  id=\"row-948430876\">\n\n\t<div id=\"col-168860078\" class=\"col medium-6 small-12 large-6\"  >\n\t\t\t\t<div class=\"col-inner\"  >\n\t\t\t\n\t\t\t\n\t<div id=\"text-2716570954\" class=\"text\">\n\t\t\n<h1 class=\"elementor-heading-title elementor-size-default\">Diagn\u00f3stico Queijeiro Online<\/h1>\n\t\t\n<style>\n#text-2716570954 {\n  font-size: 1.35rem;\n  line-height: 1.45;\n  text-align: left;\n  color: #7c2f14;\n}\n#text-2716570954 > * {\n  color: #7c2f14;\n}\n<\/style>\n\t<\/div>\n\t\n\t<div id=\"text-2140950198\" class=\"text\">\n\t\t\n<h1>Reuni\u00e3o t\u00e9cnica online:<\/h1>\n\t\t\n<style>\n#text-2140950198 {\n  text-align: left;\n  color: rgb(59, 85, 94);\n}\n#text-2140950198 > * {\n  color: rgb(59, 85, 94);\n}\n<\/style>\n\t<\/div>\n\t\n\t<div id=\"text-2396218193\" class=\"text\">\n\t\t\n<ul>\n<li>Orienta\u00e7\u00e3o de plano de neg\u00f3cios;<\/li>\n<li>Proje\u00e7\u00e3o de custos e receitas;<\/li>\n<li>Defini\u00e7\u00f5es de prioridades e metas financeiras;<\/li>\n<li>Levantamento de oportunidades do empreendimento;<\/li>\n<li>Esclarecimento de d\u00favidas sobre o sistema de produ\u00e7\u00e3o;<\/li>\n<li>Relat\u00f3rio de simula\u00e7\u00e3o de viabilidade de investimento;<\/li>\n<\/ul>\n\t\t\n<style>\n#text-2396218193 {\n  font-size: 1.05rem;\n  line-height: 1.05;\n  color: #024959;\n}\n#text-2396218193 > * {\n  color: #024959;\n}\n<\/style>\n\t<\/div>\n\t\n\t\t<\/div>\n\t\t\t\t\t<\/div>\n\n\t\n\n\t<div id=\"col-292338661\" class=\"col medium-6 small-12 large-6\"  >\n\t\t\t\t<div class=\"col-inner text-center\"  >\n\t\t\t\n\t\t\t\n\t<div class=\"img has-hover x md-x lg-x y md-y lg-y\" id=\"image_743376849\">\n\t\t\t\t\t\t\t\t<div class=\"img-inner dark\" style=\"margin:- 0px 100px 0px;\">\n\t\t\t<img decoding=\"async\" width=\"256\" height=\"256\" src=\"https:\/\/qualibee.com.br\/wp-content\/uploads\/2024\/10\/consulta-online-1.png\" class=\"attachment-large size-large\" alt=\"\" srcset=\"https:\/\/qualibee.com.br\/wp-content\/uploads\/2024\/10\/consulta-online-1.png 256w, https:\/\/qualibee.com.br\/wp-content\/uploads\/2024\/10\/consulta-online-1-100x100.png 100w, https:\/\/qualibee.com.br\/wp-content\/uploads\/2024\/10\/consulta-online-1-150x150.png 150w\" sizes=\"(max-width: 256px) 100vw, 256px\" \/>\t\t\t\t\t\t\n\t\t\t\t\t<\/div>\n\t\t\t\t\t\t\t\t\n<style>\n#image_743376849 {\n  width: 50%;\n}\n<\/style>\n\t<\/div>\n\t\n\t\t<\/div>\n\t\t\t\t\t<\/div>\n\n\t\n<\/div>\n\t\t<\/div>\n\n\t\t\n<style>\n#section_643097046 {\n  padding-top: 30px;\n  padding-bottom: 30px;\n}\n#section_643097046 .ux-shape-divider--top svg {\n  height: 150px;\n  --divider-top-width: 100%;\n}\n#section_643097046 .ux-shape-divider--bottom svg {\n  height: 150px;\n  --divider-width: 100%;\n}\n<\/style>\n\t<\/section>\n\t\n\t<section class=\"section\" id=\"section_196204903\">\n\t\t<div class=\"bg section-bg fill bg-fill  bg-loaded\" >\n\n\t\t\t\n\t\t\t\n\t\t\t\n\n\t\t<\/div>\n\n\t\t\n\n\t\t<div class=\"section-content relative\">\n\t\t\t\n<div class=\"row\"  id=\"row-437934461\">\n\n\t<div id=\"col-952038564\" class=\"col medium-6 small-12 large-6\"  >\n\t\t\t\t<div class=\"col-inner text-center\"  >\n\t\t\t\n\t\t\t\n\t<div id=\"text-4233210015\" class=\"text\">\n\t\t\n<h1 class=\"elementor-heading-title elementor-size-default\">Visita Diagn\u00f3stico Queijeiro<\/h1>\n\t\t\n<style>\n#text-4233210015 {\n  font-size: 1.35rem;\n  line-height: 1.45;\n  text-align: left;\n  color: #7c2f14;\n}\n#text-4233210015 > * {\n  color: #7c2f14;\n}\n<\/style>\n\t<\/div>\n\t\n\t<div id=\"text-2939282797\" class=\"text\">\n\t\t\n<h1>Visita t\u00e9cnica presencial:<\/h1>\n\t\t\n<style>\n#text-2939282797 {\n  text-align: left;\n  color: rgb(2, 73, 89);\n}\n#text-2939282797 > * {\n  color: rgb(2, 73, 89);\n}\n<\/style>\n\t<\/div>\n\t\n\t<div id=\"text-3717804432\" class=\"text\">\n\t\t\n<ul>\n<li style=\"text-align: left;\">Avalia\u00e7\u00e3o da infraestrutura da agroind\u00fastria;<\/li>\n<li style=\"text-align: left;\">Avali\u00e7\u00e3o do processo produtivo;<\/li>\n<li style=\"text-align: left;\">Avalia\u00e7\u00e3o do potencial dos produtos;<\/li>\n<li style=\"text-align: left;\">Elabora\u00e7\u00e3o de plano de a\u00e7\u00e3o para adequa\u00e7\u00e3o a legisla\u00e7\u00e3o;<\/li>\n<li style=\"text-align: left;\">Coleta da amostra de leite e envio ao laborat\u00f3rio RBQL;<\/li>\n<li style=\"text-align: left;\">Orienta\u00e7\u00e3o para precifica\u00e7\u00e3o dos produtos;<\/li>\n<li style=\"text-align: left;\">Relat\u00f3rio de visita t\u00e9cnica;<\/li>\n<\/ul>\n\t\t\n<style>\n#text-3717804432 {\n  font-size: 1.05rem;\n  line-height: 1.05;\n  color: #024959;\n}\n#text-3717804432 > * {\n  color: #024959;\n}\n<\/style>\n\t<\/div>\n\t\n\t\t<\/div>\n\t\t\t\t\t<\/div>\n\n\t\n\n\t<div id=\"col-939893789\" class=\"col medium-6 small-12 large-6\"  >\n\t\t\t\t<div class=\"col-inner text-center\"  >\n\t\t\t\n\t\t\t\n\t<div class=\"img has-hover x md-x lg-x y md-y lg-y\" id=\"image_1282426633\">\n\t\t\t\t\t\t\t\t<div class=\"img-inner dark\" style=\"margin:0 0px 0px 0px;\">\n\t\t\t<img decoding=\"async\" width=\"256\" height=\"256\" src=\"https:\/\/qualibee.com.br\/wp-content\/uploads\/2024\/10\/do-utilizador.png\" class=\"attachment-large size-large\" alt=\"\" srcset=\"https:\/\/qualibee.com.br\/wp-content\/uploads\/2024\/10\/do-utilizador.png 256w, https:\/\/qualibee.com.br\/wp-content\/uploads\/2024\/10\/do-utilizador-100x100.png 100w, https:\/\/qualibee.com.br\/wp-content\/uploads\/2024\/10\/do-utilizador-150x150.png 150w\" sizes=\"(max-width: 256px) 100vw, 256px\" \/>\t\t\t\t\t\t\n\t\t\t\t\t<\/div>\n\t\t\t\t\t\t\t\t\n<style>\n#image_1282426633 {\n  width: 53%;\n}\n<\/style>\n\t<\/div>\n\t\n\t\t<\/div>\n\t\t\t\t\t<\/div>\n\n\t\n<\/div>\n\t\t<\/div>\n\n\t\t\n<style>\n#section_196204903 {\n  padding-top: 30px;\n  padding-bottom: 30px;\n}\n#section_196204903 .ux-shape-divider--top svg {\n  height: 150px;\n  --divider-top-width: 100%;\n}\n#section_196204903 .ux-shape-divider--bottom svg {\n  height: 150px;\n  --divider-width: 100%;\n}\n<\/style>\n\t<\/section>\n\t\n\t<section class=\"section\" id=\"section_246521109\">\n\t\t<div class=\"bg section-bg fill bg-fill  bg-loaded\" >\n\n\t\t\t\n\t\t\t\n\t\t\t\n\n\t\t<\/div>\n\n\t\t\n\n\t\t<div class=\"section-content relative\">\n\t\t\t\n<div class=\"row\"  id=\"row-1431203105\">\n\n\t<div id=\"col-208400284\" class=\"col medium-6 small-12 large-6\"  >\n\t\t\t\t<div class=\"col-inner\"  >\n\t\t\t\n\t\t\t\n\t<div id=\"text-4057816131\" class=\"text\">\n\t\t\n<h1 class=\"elementor-heading-title elementor-size-default\">Novos (as) queijeiros (as)<\/h1>\n\t\t\n<style>\n#text-4057816131 {\n  font-size: 1.35rem;\n  line-height: 1.45;\n  text-align: left;\n  color: #7c2f14;\n}\n#text-4057816131 > * {\n  color: #7c2f14;\n}\n<\/style>\n\t<\/div>\n\t\n\t<div id=\"text-518102644\" class=\"text\">\n\t\t\n<h1> Visitas t\u00e9cnicas presenciais  :<\/h1>\n\t\t\n<style>\n#text-518102644 {\n  text-align: left;\n  color: #024959;\n}\n#text-518102644 > * {\n  color: #024959;\n}\n<\/style>\n\t<\/div>\n\t\n\t<div id=\"text-655686018\" class=\"text\">\n\t\t\n<ul>\n<li>Duas visitas t\u00e9cnicas presenciais programadas;<\/li>\n<li>Elabora\u00e7\u00e3o do cronograma de execu\u00e7\u00e3o da Agroind\u00fastria;<\/li>\n<li>Desenho T\u00e9cnico da ind\u00fastria de acordo com a legisla\u00e7\u00e3o ;<\/li>\n<li>Orienta\u00e7\u00e3o para a aquisi\u00e7\u00e3o dos equipamentos;<\/li>\n<li>Elabora\u00e7\u00e3o de documentos para registro no sistema de inspe\u00e7\u00e3o;<\/li>\n<li>Orienta\u00e7\u00e3o no desenvolvimento do portif\u00f3lio de at\u00e9 3 produtos;<\/li>\n<li>Participa\u00e7\u00e3o no Grupo de Troca de Experi\u00eancias Qualib\u00e9\u00e9;<\/li>\n<li>Implementa\u00e7\u00e3o de Agroind\u00fastria em at\u00e9 12 meses;<\/li>\n<li>Suporte remoto via grupo do Whatsapp;<\/li>\n<\/ul>\n\t\t\n<style>\n#text-655686018 {\n  font-size: 1.05rem;\n  line-height: 1.05;\n  color: #024959;\n}\n#text-655686018 > * {\n  color: #024959;\n}\n<\/style>\n\t<\/div>\n\t\n\t\t<\/div>\n\t\t\t\t\t<\/div>\n\n\t\n\n\t<div id=\"col-962869266\" class=\"col medium-6 small-12 large-6\"  >\n\t\t\t\t<div class=\"col-inner text-center\"  >\n\t\t\t\n\t\t\t\n\t<div id=\"gap-1271966215\" class=\"gap-element clearfix\" style=\"display:block; height:auto;\">\n\t\t\n<style>\n#gap-1271966215 {\n  padding-top: 95px;\n}\n<\/style>\n\t<\/div>\n\t\n\t<div class=\"img has-hover x md-x lg-x y md-y lg-y\" id=\"image_1441518894\">\n\t\t\t\t\t\t\t\t<div class=\"img-inner dark\" style=\"margin:px 0px 0 0px;\">\n\t\t\t<img decoding=\"async\" width=\"256\" height=\"256\" src=\"https:\/\/qualibee.com.br\/wp-content\/uploads\/2024\/10\/trabalho-em-equipe.png\" class=\"attachment-large size-large\" alt=\"\" srcset=\"https:\/\/qualibee.com.br\/wp-content\/uploads\/2024\/10\/trabalho-em-equipe.png 256w, https:\/\/qualibee.com.br\/wp-content\/uploads\/2024\/10\/trabalho-em-equipe-100x100.png 100w, https:\/\/qualibee.com.br\/wp-content\/uploads\/2024\/10\/trabalho-em-equipe-150x150.png 150w\" sizes=\"(max-width: 256px) 100vw, 256px\" \/>\t\t\t\t\t\t\n\t\t\t\t\t<\/div>\n\t\t\t\t\t\t\t\t\n<style>\n#image_1441518894 {\n  width: 55%;\n}\n<\/style>\n\t<\/div>\n\t\n\t\t<\/div>\n\t\t\t\t\t<\/div>\n\n\t\n<\/div>\n<div class=\"row\"  id=\"row-1596791272\">\n\n\t<div id=\"col-1599442484\" class=\"col medium-4 small-12 large-4\"  >\n\t\t\t\t<div class=\"col-inner\"  >\n\t\t\t\n\t\t\t\n\t\t<\/div>\n\t\t\t\t\t<\/div>\n\n\t\n\n\t<div id=\"col-1333508501\" class=\"col medium-4 small-12 large-4\"  >\n\t\t\t\t<div class=\"col-inner\"  >\n\t\t\t\n\t\t\t\n<a rel=\"noopener noreferrer\" href=\"https:\/\/wa.me\/553125285193\" target=\"_blank\" class=\"button success box-shadow-3 expand\"  style=\"border-radius:99px;\">\n    <span>Solicite uma visita t\u00e9cnica<\/span>\n  <\/a>\n\n\t\t<\/div>\n\t\t\t\t\t<\/div>\n\n\t\n\n\t<div id=\"col-1163585631\" class=\"col medium-4 small-12 large-4\"  >\n\t\t\t\t<div class=\"col-inner\"  >\n\t\t\t\n\t\t\t\n\t\t<\/div>\n\t\t\t\t\t<\/div>\n\n\t\n<\/div>\n\t\t<\/div>\n\n\t\t\n<style>\n#section_246521109 {\n  padding-top: 30px;\n  padding-bottom: 30px;\n}\n#section_246521109 .ux-shape-divider--top svg {\n  height: 150px;\n  --divider-top-width: 100%;\n}\n#section_246521109 .ux-shape-divider--bottom svg {\n  height: 150px;\n  --divider-width: 100%;\n}\n<\/style>\n\t<\/section>\n\t\n","protected":false},"excerpt":{"rendered":"","protected":false},"author":2,"featured_media":0,"parent":0,"menu_order":0,"comment_status":"closed","ping_status":"closed","template":"page-blank.php","meta":{"footnotes":""},"class_list":["post-1160","page","type-page","status-publish","hentry"],"_links":{"self":[{"href":"https:\/\/qualibee.com.br\/index.php\/wp-json\/wp\/v2\/pages\/1160","targetHints":{"allow":["GET"]}}],"collection":[{"href":"https:\/\/qualibee.com.br\/index.php\/wp-json\/wp\/v2\/pages"}],"about":[{"href":"https:\/\/qualibee.com.br\/index.php\/wp-json\/wp\/v2\/types\/page"}],"author":[{"embeddable":true,"href":"https:\/\/qualibee.com.br\/index.php\/wp-json\/wp\/v2\/users\/2"}],"replies":[{"embeddable":true,"href":"https:\/\/qualibee.com.br\/index.php\/wp-json\/wp\/v2\/comments?post=1160"}],"version-history":[{"count":29,"href":"https:\/\/qualibee.com.br\/index.php\/wp-json\/wp\/v2\/pages\/1160\/revisions"}],"predecessor-version":[{"id":1336,"href":"https:\/\/qualibee.com.br\/index.php\/wp-json\/wp\/v2\/pages\/1160\/revisions\/1336"}],"wp:attachment":[{"href":"https:\/\/qualibee.com.br\/index.php\/wp-json\/wp\/v2\/media?parent=1160"}],"curies":[{"name":"wp","href":"https:\/\/api.w.org\/{rel}","templated":true}]}}