{"id":1177,"date":"2024-10-04T13:14:41","date_gmt":"2024-10-04T16:14:41","guid":{"rendered":"https:\/\/qualibee.com.br\/?page_id=1177"},"modified":"2025-02-15T15:07:25","modified_gmt":"2025-02-15T18:07:25","slug":"planos-de-assistencia-tecnica-gerencial-continuada","status":"publish","type":"page","link":"https:\/\/qualibee.com.br\/index.php\/planos-de-assistencia-tecnica-gerencial-continuada\/","title":{"rendered":"PLANOS DE ASSIST\u00caNCIA T\u00c9CNICA GERENCIAL CONTINUADA"},"content":{"rendered":"\t<section class=\"section\" id=\"section_1980885408\">\n\t\t<div class=\"bg section-bg fill bg-fill  bg-loaded\" >\n\n\t\t\t\n\t\t\t<div class=\"section-bg-overlay absolute fill\"><\/div>\n\t\t\t\n\n\t\t<\/div>\n\n\t\t\n\n\t\t<div class=\"section-content relative\">\n\t\t\t\n<div class=\"row align-middle\"  id=\"row-943973449\">\n\n\t<div id=\"col-1747862887\" class=\"col medium-6 small-12 large-6\"  data-animate=\"bounceInLeft\">\n\t\t\t\t<div class=\"col-inner text-left\"  >\n\t\t\t\n\t\t\t\n\t<div id=\"text-171287685\" class=\"text\">\n\t\t\n\t\t\n<style>\n#text-171287685 {\n  font-size: 1.2rem;\n  line-height: 0.75;\n  text-align: center;\n  color: #024959;\n}\n#text-171287685 > * {\n  color: #024959;\n}\n@media (min-width:850px) {\n  #text-171287685 {\n    font-size: 1.2rem;\n  }\n}\n<\/style>\n\t<\/div>\n\t\n\t<div id=\"gap-1852848319\" class=\"gap-element clearfix\" style=\"display:block; height:auto;\">\n\t\t\n<style>\n#gap-1852848319 {\n  padding-top: 63px;\n}\n@media (min-width:550px) {\n  #gap-1852848319 {\n    padding-top: 79px;\n  }\n}\n<\/style>\n\t<\/div>\n\t\n\t<div id=\"text-2859803621\" class=\"text\">\n\t\t\n<h1>PLANOS DE<br \/>\nASSIST\u00caNCIA T\u00c9CNICA<br \/>\nPARA QUEIJARIAS<\/h1>\n\t\t\n<style>\n#text-2859803621 {\n  font-size: 1.15rem;\n  line-height: 1.05;\n  text-align: left;\n  color: #7c2f14;\n}\n#text-2859803621 > * {\n  color: #7c2f14;\n}\n<\/style>\n\t<\/div>\n\t\n\t<div id=\"text-1324103146\" class=\"text\">\n\t\t\n<div class=\"elementor-element elementor-element-12e2bbf elementor-widget elementor-widget-heading\" data-id=\"12e2bbf\" data-element_type=\"widget\" data-widget_type=\"heading.default\">\n<div class=\"elementor-widget-container\">\n<p class=\"elementor-heading-title elementor-size-default\">Planos de acompanhamento t\u00e9cnico adequados \u00e0 sua queijaria, com especialistas<br \/>para te orientar na gest\u00e3o e nas decis\u00f5es mais assertivas para o sua queijaria.<\/p>\n<\/div>\n<\/div>\n\t\t\n<style>\n#text-1324103146 {\n  font-size: 1.25rem;\n  line-height: 1.1;\n}\n<\/style>\n\t<\/div>\n\t\n\t<div id=\"text-2189756467\" class=\"text\">\n\t\t\n<p> Orienta\u00e7\u00e3o para desenvolvimento de portf\u00f3lio de produtos, aux\u00edlio na rotulagem, mentoria empreendedora e muito mais  <\/p>\n\t\t\n<style>\n#text-2189756467 {\n  font-size: 1.05rem;\n  line-height: 1.15;\n  text-align: left;\n  color: #7c2f14;\n}\n#text-2189756467 > * {\n  color: #7c2f14;\n}\n<\/style>\n\t<\/div>\n\t\n<a rel=\"noopener noreferrer\" href=\"https:\/\/wa.me\/553125285193\" target=\"_blank\" class=\"button success is-large box-shadow-2 expand\"  style=\"border-radius:99px;padding:0px 0px 0px 0px;\">\n    <span>Agendar consultoria<\/span>\n  <\/a>\n\n\t\t<\/div>\n\t\t\t\t\t<\/div>\n\n\t\n\n\t<div id=\"col-425369153\" class=\"col medium-6 small-12 large-6\"  >\n\t\t\t\t<div class=\"col-inner\"  >\n\t\t\t\n\t\t\t\n\t<div class=\"img has-hover x md-x lg-x y md-y lg-y\" id=\"image_1779122074\">\n\t\t\t\t\t\t\t\t<div class=\"img-inner image-cover dark\" style=\"padding-top:105%;margin:0px 0px -90px 0px;\">\n\t\t\t<img decoding=\"async\" width=\"819\" height=\"1024\" src=\"https:\/\/qualibee.com.br\/wp-content\/uploads\/2025\/01\/WhatsApp-Image-2025-01-23-at-08.54.37-819x1024.jpeg\" class=\"attachment-large size-large\" alt=\"\" srcset=\"https:\/\/qualibee.com.br\/wp-content\/uploads\/2025\/01\/WhatsApp-Image-2025-01-23-at-08.54.37-819x1024.jpeg 819w, https:\/\/qualibee.com.br\/wp-content\/uploads\/2025\/01\/WhatsApp-Image-2025-01-23-at-08.54.37-510x638.jpeg 510w, https:\/\/qualibee.com.br\/wp-content\/uploads\/2025\/01\/WhatsApp-Image-2025-01-23-at-08.54.37-240x300.jpeg 240w, https:\/\/qualibee.com.br\/wp-content\/uploads\/2025\/01\/WhatsApp-Image-2025-01-23-at-08.54.37-768x960.jpeg 768w, https:\/\/qualibee.com.br\/wp-content\/uploads\/2025\/01\/WhatsApp-Image-2025-01-23-at-08.54.37.jpeg 1024w\" sizes=\"(max-width: 819px) 100vw, 819px\" \/>\t\t\t\t\t\t\n\t\t\t\t\t<\/div>\n\t\t\t\t\t\t\t\t\n<style>\n#image_1779122074 {\n  width: 100%;\n}\n<\/style>\n\t<\/div>\n\t\n\t\t<\/div>\n\t\t\t\t\n<style>\n#col-425369153 > .col-inner {\n  padding: 0px 0px 0px 0px;\n  margin: 0px 0px -130px 0px;\n}\n@media (min-width:550px) {\n  #col-425369153 > .col-inner {\n    margin: 0px 0px -130px 0px;\n  }\n}\n<\/style>\n\t<\/div>\n\n\t\n<\/div>\n\t<div id=\"gap-354218024\" class=\"gap-element clearfix\" style=\"display:block; height:auto;\">\n\t\t\n<style>\n#gap-354218024 {\n  padding-top: 63px;\n}\n@media (min-width:550px) {\n  #gap-354218024 {\n    padding-top: 58px;\n  }\n}\n<\/style>\n\t<\/div>\n\t\n\t<div id=\"gap-837489018\" class=\"gap-element clearfix\" style=\"display:block; height:auto;\">\n\t\t\n<style>\n#gap-837489018 {\n  padding-top: 30px;\n}\n<\/style>\n\t<\/div>\n\t\n\t\t<\/div>\n\n\t\t\n<style>\n#section_1980885408 {\n  padding-top: 0px;\n  padding-bottom: 0px;\n  background-color: rgb(255, 255, 255);\n}\n#section_1980885408 .section-bg-overlay {\n  background-color: rgba(255, 255, 255, 0.85);\n}\n#section_1980885408 .ux-shape-divider--top svg {\n  height: 150px;\n  --divider-top-width: 100%;\n}\n#section_1980885408 .ux-shape-divider--bottom svg {\n  height: 150px;\n  --divider-width: 100%;\n}\n<\/style>\n\t<\/section>\n\t\n\t<section class=\"section\" id=\"section_1069290827\">\n\t\t<div class=\"bg section-bg fill bg-fill  bg-loaded\" >\n\n\t\t\t\n\t\t\t\n\t\t\t\n\n\t\t<\/div>\n\n\t\t\n\n\t\t<div class=\"section-content relative\">\n\t\t\t\n<div class=\"row\"  id=\"row-1977092045\">\n\n\t<div id=\"col-350800829\" class=\"col medium-2 small-12 large-2\"  >\n\t\t\t\t<div class=\"col-inner\"  >\n\t\t\t\n\t\t\t\n\t\t<\/div>\n\t\t\t\t\t<\/div>\n\n\t\n\n\t<div id=\"col-1480517107\" class=\"col medium-8 small-12 large-8\"  >\n\t\t\t\t<div class=\"col-inner\"  >\n\t\t\t\n\t\t\t\n\t<div id=\"text-102064373\" class=\"text\">\n\t\t\n<h1><span style=\"color: #ffffff;\">Treinamento em boas pr\u00e1ticas de fabrica\u00e7\u00e3o, programas de autocontrole e desenvolvimento de receitas autorais. <\/span><\/h1>\n\t\t\n<style>\n#text-102064373 {\n  font-size: 1.05rem;\n  line-height: 0.95;\n  text-align: center;\n}\n<\/style>\n\t<\/div>\n\t\n<div class=\"video video-fit mb\" style=\"padding-top:56.25%;\"><p><iframe title=\"Planos de Consultoria Personalizados para Empreendedores Queijeiros\" width=\"1020\" height=\"574\" src=\"https:\/\/www.youtube.com\/embed\/ycSgLVNGN_w?feature=oembed\" frameborder=\"0\" allow=\"accelerometer; autoplay; clipboard-write; encrypted-media; gyroscope; picture-in-picture; web-share\" referrerpolicy=\"strict-origin-when-cross-origin\" allowfullscreen><\/iframe><\/p>\n<\/div>\n\t<div id=\"text-2848515809\" class=\"text\">\n\t\t\n<p><span style=\"font-family: Arial, serif; font-size: 100%;\">Avalia\u00e7\u00e3o da qualidade da mat\u00e9ria-prima, verifica\u00e7\u00e3o de efic\u00e1cia de a\u00e7\u00f5es corretivas e funcionamento de PACs. <\/span><\/p>\n\t\t\n<style>\n#text-2848515809 {\n  font-size: 1.95rem;\n  line-height: 1.25;\n  text-align: center;\n  color: rgb(255, 255, 255);\n}\n#text-2848515809 > * {\n  color: rgb(255, 255, 255);\n}\n<\/style>\n\t<\/div>\n\t\n<div class=\"row\"  id=\"row-1575351011\">\n\n\t<div id=\"col-256300072\" class=\"col medium-3 small-12 large-3\"  >\n\t\t\t\t<div class=\"col-inner\"  >\n\t\t\t\n\t\t\t\n\t\t<\/div>\n\t\t\t\t\t<\/div>\n\n\t\n\n\t<div id=\"col-683811738\" class=\"col medium-6 small-12 large-6\"  >\n\t\t\t\t<div class=\"col-inner\"  >\n\t\t\t\n\t\t\t\n<a rel=\"noopener noreferrer\" href=\"https:\/\/wa.me\/553125285193\" target=\"_blank\" class=\"button white box-shadow-3 expand\"  style=\"border-radius:99px;\">\n    <span>regulamenta\u00e7\u00e3o de queijaria<\/span>\n  <\/a>\n\n\t\t<\/div>\n\t\t\t\t\t<\/div>\n\n\t\n\n\t<div id=\"col-1598857760\" class=\"col medium-3 small-12 large-3\"  >\n\t\t\t\t<div class=\"col-inner\"  >\n\t\t\t\n\t\t\t\n\t\t<\/div>\n\t\t\t\t\t<\/div>\n\n\t\n<\/div>\n\t\t<\/div>\n\t\t\t\t\t<\/div>\n\n\t\n\n\t<div id=\"col-2115984370\" class=\"col medium-2 small-12 large-2\"  >\n\t\t\t\t<div class=\"col-inner\"  >\n\t\t\t\n\t\t\t\n\t\t<\/div>\n\t\t\t\t\t<\/div>\n\n\t\n<\/div>\n\t\t<\/div>\n\n\t\t\n<style>\n#section_1069290827 {\n  padding-top: 30px;\n  padding-bottom: 30px;\n  background-color: rgb(2, 73, 89);\n}\n#section_1069290827 .ux-shape-divider--top svg {\n  height: 150px;\n  --divider-top-width: 100%;\n}\n#section_1069290827 .ux-shape-divider--bottom svg {\n  height: 150px;\n  --divider-width: 100%;\n}\n<\/style>\n\t<\/section>\n\t\n\t<section class=\"section\" id=\"section_483081514\">\n\t\t<div class=\"bg section-bg fill bg-fill  bg-loaded\" >\n\n\t\t\t\n\t\t\t\n\t\t\t\n\n\t\t<\/div>\n\n\t\t\n\n\t\t<div class=\"section-content relative\">\n\t\t\t\n\t<div id=\"gap-1193267321\" class=\"gap-element clearfix\" style=\"display:block; height:auto;\">\n\t\t\n<style>\n#gap-1193267321 {\n  padding-top: 88px;\n}\n<\/style>\n\t<\/div>\n\t\n<div class=\"row\"  id=\"row-846798835\">\n\n\t<div id=\"col-1518497723\" class=\"col medium-6 small-12 large-6\"  >\n\t\t\t\t<div class=\"col-inner\"  >\n\t\t\t\n\t\t\t\n\t<div id=\"text-1546151683\" class=\"text\">\n\t\t\n<h1 class=\"elementor-heading-title elementor-size-default\">Apoio Queijeiro<\/h1>\n\t\t\n<style>\n#text-1546151683 {\n  font-size: 1.35rem;\n  line-height: 1.45;\n  text-align: left;\n  color: #7c2f14;\n}\n#text-1546151683 > * {\n  color: #7c2f14;\n}\n<\/style>\n\t<\/div>\n\t\n\t<div id=\"text-2738080107\" class=\"text\">\n\t\t\n<h1>Suporte remoto via WhatsApp para d\u00favidas:<\/h1>\n\t\t\n<style>\n#text-2738080107 {\n  text-align: left;\n  color: rgb(59, 85, 94);\n}\n#text-2738080107 > * {\n  color: rgb(59, 85, 94);\n}\n<\/style>\n\t<\/div>\n\t\n\t<div id=\"text-3636995801\" class=\"text\">\n\t\t\n<ul>\n<li>Aux\u00edlio nas d\u00favidas do processamento e armazenamento<br \/>dos produtos l\u00e1cteos;<\/li>\n<li>Assist\u00eancia especializada para a interpreta\u00e7\u00e3o de desafios <br \/> e orienta\u00e7\u00e3o para elabora\u00e7\u00e3o de plano de a\u00e7\u00e3o preventiva;<\/li>\n<li>Indica\u00e7\u00e3o de melhores equipamentos personalizados,<br \/>materiais, insumos, utens\u00edlios e embalagens;<\/li>\n<li>Auxilio no desenvolvimento do plano empreendedor;<\/li>\n<li>Participa\u00e7\u00e3o no Grupo de Troca de Experi\u00eancias Qualib\u00e9\u00e9<\/li>\n<\/ul>\n\t\t\n<style>\n#text-3636995801 {\n  font-size: 1.05rem;\n  line-height: 1.05;\n  color: #024959;\n}\n#text-3636995801 > * {\n  color: #024959;\n}\n<\/style>\n\t<\/div>\n\t\n\t\t<\/div>\n\t\t\t\t\t<\/div>\n\n\t\n\n\t<div id=\"col-1649843652\" class=\"col medium-6 small-12 large-6\"  >\n\t\t\t\t<div class=\"col-inner text-center\"  >\n\t\t\t\n\t\t\t\n\t<div id=\"gap-1370484353\" class=\"gap-element clearfix\" style=\"display:block; height:auto;\">\n\t\t\n<style>\n#gap-1370484353 {\n  padding-top: 59px;\n}\n<\/style>\n\t<\/div>\n\t\n\t<div class=\"img has-hover x md-x lg-x y md-y lg-y\" id=\"image_779617658\">\n\t\t\t\t\t\t\t\t<div class=\"img-inner dark\" style=\"margin:- 0px 100px 0px;\">\n\t\t\t<img decoding=\"async\" width=\"256\" height=\"256\" src=\"https:\/\/qualibee.com.br\/wp-content\/uploads\/2025\/02\/apoio-suporte.png\" class=\"attachment-large size-large\" alt=\"\" srcset=\"https:\/\/qualibee.com.br\/wp-content\/uploads\/2025\/02\/apoio-suporte.png 256w, https:\/\/qualibee.com.br\/wp-content\/uploads\/2025\/02\/apoio-suporte-100x100.png 100w, https:\/\/qualibee.com.br\/wp-content\/uploads\/2025\/02\/apoio-suporte-150x150.png 150w\" sizes=\"(max-width: 256px) 100vw, 256px\" \/>\t\t\t\t\t\t\n\t\t\t\t\t<\/div>\n\t\t\t\t\t\t\t\t\n<style>\n#image_779617658 {\n  width: 50%;\n}\n<\/style>\n\t<\/div>\n\t\n\t\t<\/div>\n\t\t\t\t\t<\/div>\n\n\t\n<\/div>\n\t\t<\/div>\n\n\t\t\n<style>\n#section_483081514 {\n  padding-top: 30px;\n  padding-bottom: 30px;\n}\n#section_483081514 .ux-shape-divider--top svg {\n  height: 150px;\n  --divider-top-width: 100%;\n}\n#section_483081514 .ux-shape-divider--bottom svg {\n  height: 150px;\n  --divider-width: 100%;\n}\n<\/style>\n\t<\/section>\n\t\n\t<section class=\"section\" id=\"section_387821285\">\n\t\t<div class=\"bg section-bg fill bg-fill  bg-loaded\" >\n\n\t\t\t\n\t\t\t\n\t\t\t\n\n\t\t<\/div>\n\n\t\t\n\n\t\t<div class=\"section-content relative\">\n\t\t\t\n<div class=\"row\"  id=\"row-1988361065\">\n\n\t<div id=\"col-1837658762\" class=\"col medium-6 small-12 large-6\"  >\n\t\t\t\t<div class=\"col-inner text-center\"  >\n\t\t\t\n\t\t\t\n\t<div id=\"text-1829260889\" class=\"text\">\n\t\t\n<h1 class=\"elementor-heading-title elementor-size-default\">Ecossistema Queijeiro<\/h1>\n\t\t\n<style>\n#text-1829260889 {\n  font-size: 1.35rem;\n  line-height: 1.45;\n  text-align: left;\n  color: #7c2f14;\n}\n#text-1829260889 > * {\n  color: #7c2f14;\n}\n<\/style>\n\t<\/div>\n\t\n\t<div id=\"text-2896793206\" class=\"text\">\n\t\t\n<h1>Reuni\u00f5es online pr\u00e9-agendadas:<\/h1>\n\t\t\n<style>\n#text-2896793206 {\n  text-align: left;\n  color: rgb(2, 73, 89);\n}\n#text-2896793206 > * {\n  color: rgb(2, 73, 89);\n}\n<\/style>\n\t<\/div>\n\t\n\t<div id=\"text-3679426644\" class=\"text\">\n\t\t\n<ul>\n<li style=\"text-align: left;\">Reuni\u00f5es online pr\u00e9-agendadas;<\/li>\n<li style=\"text-align: left;\">Capacita\u00e7\u00e3o nos fundamentos da produ\u00e7\u00e3o de queijo;<\/li>\n<li style=\"text-align: left;\">Orienta\u00e7\u00e3o para desenvolvimento de receitas autorais;<\/li>\n<li style=\"text-align: left;\">Revis\u00e3o de manual de boas pr\u00e1ticas;<\/li>\n<li style=\"text-align: left;\">Mentoria empreendedora;<\/li>\n<li style=\"text-align: left;\">Auxilio rotulagem;<\/li>\n<li style=\"text-align: left;\">Suporte remoto via grupo do Whatsapp;<\/li>\n<li style=\"text-align: left;\">Participa\u00e7\u00e3o no Grupo de Troca de Experi\u00eancias Qualib\u00e9\u00e9<\/li>\n<\/ul>\n\t\t\n<style>\n#text-3679426644 {\n  font-size: 1.05rem;\n  line-height: 1.05;\n  color: #024959;\n}\n#text-3679426644 > * {\n  color: #024959;\n}\n<\/style>\n\t<\/div>\n\t\n\t\t<\/div>\n\t\t\t\t\t<\/div>\n\n\t\n\n\t<div id=\"col-1278125067\" class=\"col medium-6 small-12 large-6\"  >\n\t\t\t\t<div class=\"col-inner text-center\"  >\n\t\t\t\n\t\t\t\n\t<div id=\"gap-1641641408\" class=\"gap-element clearfix\" style=\"display:block; height:auto;\">\n\t\t\n<style>\n#gap-1641641408 {\n  padding-top: 59px;\n}\n<\/style>\n\t<\/div>\n\t\n\t<div class=\"img has-hover x md-x lg-x y md-y lg-y\" id=\"image_1440282280\">\n\t\t\t\t\t\t\t\t<div class=\"img-inner dark\" style=\"margin:0 0px 0px 0px;\">\n\t\t\t<img decoding=\"async\" width=\"256\" height=\"256\" src=\"https:\/\/qualibee.com.br\/wp-content\/uploads\/2025\/02\/ecossistema.png\" class=\"attachment-large size-large\" alt=\"\" srcset=\"https:\/\/qualibee.com.br\/wp-content\/uploads\/2025\/02\/ecossistema.png 256w, https:\/\/qualibee.com.br\/wp-content\/uploads\/2025\/02\/ecossistema-100x100.png 100w, https:\/\/qualibee.com.br\/wp-content\/uploads\/2025\/02\/ecossistema-150x150.png 150w\" sizes=\"(max-width: 256px) 100vw, 256px\" \/>\t\t\t\t\t\t\n\t\t\t\t\t<\/div>\n\t\t\t\t\t\t\t\t\n<style>\n#image_1440282280 {\n  width: 53%;\n}\n<\/style>\n\t<\/div>\n\t\n\t\t<\/div>\n\t\t\t\t\t<\/div>\n\n\t\n<\/div>\n\t\t<\/div>\n\n\t\t\n<style>\n#section_387821285 {\n  padding-top: 30px;\n  padding-bottom: 30px;\n}\n#section_387821285 .ux-shape-divider--top svg {\n  height: 150px;\n  --divider-top-width: 100%;\n}\n#section_387821285 .ux-shape-divider--bottom svg {\n  height: 150px;\n  --divider-width: 100%;\n}\n<\/style>\n\t<\/section>\n\t\n\t<section class=\"section\" id=\"section_472921427\">\n\t\t<div class=\"bg section-bg fill bg-fill  bg-loaded\" >\n\n\t\t\t\n\t\t\t\n\t\t\t\n\n\t\t<\/div>\n\n\t\t\n\n\t\t<div class=\"section-content relative\">\n\t\t\t\n<div class=\"row\"  id=\"row-948602400\">\n\n\t<div id=\"col-1258591068\" class=\"col medium-6 small-12 large-6\"  >\n\t\t\t\t<div class=\"col-inner text-center\"  >\n\t\t\t\n\t\t\t\n\t<div id=\"text-1430165098\" class=\"text\">\n\t\t\n<h1 class=\"elementor-heading-title elementor-size-default\">Regularize a sua queijaria<\/h1>\n\t\t\n<style>\n#text-1430165098 {\n  font-size: 1.35rem;\n  line-height: 1.45;\n  text-align: left;\n  color: #7c2f14;\n}\n#text-1430165098 > * {\n  color: #7c2f14;\n}\n<\/style>\n\t<\/div>\n\t\n\t<div id=\"text-3994128304\" class=\"text\">\n\t\t\n<ul>\n<li>Orienta\u00e7\u00e3o para adequa\u00e7\u00e3o \u00e0 legisla\u00e7\u00e3o;<\/li>\n<li>Desenho t\u00e9cnico da Agroind\u00fastria ou adapta\u00e7\u00e3o de<br \/>acordo com a legisla\u00e7\u00e3o;<\/li>\n<li>Elabora\u00e7\u00e3o de Programas de Autocontrole;<\/li>\n<li>Adequa\u00e7\u00e3o da produ\u00e7\u00e3o \u00e0s instru\u00e7\u00f5es normativas do<br \/>MAPA;<\/li>\n<li>Orienta\u00e7\u00e3o para adequa\u00e7\u00e3o dos r\u00f3tulos \u00e0 legisla\u00e7\u00e3o;<\/li>\n<li>Treinamento em Boas Pr\u00e1ticas de Fabrica\u00e7\u00e3o;<\/li>\n<li>Visitas t\u00e9cnicas programadas de acordo com andamento do projeto<\/li>\n<\/ul>\n\t\t\n<style>\n#text-3994128304 {\n  font-size: 1.1rem;\n  line-height: 1.05;\n  text-align: left;\n  color: #024959;\n}\n#text-3994128304 > * {\n  color: #024959;\n}\n<\/style>\n\t<\/div>\n\t\n\t\t<\/div>\n\t\t\t\t\t<\/div>\n\n\t\n\n\t<div id=\"col-446978052\" class=\"col medium-6 small-12 large-6\"  >\n\t\t\t\t<div class=\"col-inner text-center\"  >\n\t\t\t\n\t\t\t\n\t<div id=\"gap-1218354155\" class=\"gap-element clearfix\" style=\"display:block; height:auto;\">\n\t\t\n<style>\n#gap-1218354155 {\n  padding-top: 59px;\n}\n<\/style>\n\t<\/div>\n\t\n\t<div class=\"img has-hover x md-x lg-x y md-y lg-y\" id=\"image_660359613\">\n\t\t\t\t\t\t\t\t<div class=\"img-inner dark\" style=\"margin:0 0px 0px 0px;\">\n\t\t\t<img decoding=\"async\" width=\"256\" height=\"256\" src=\"https:\/\/qualibee.com.br\/wp-content\/uploads\/2025\/02\/reuniao.png\" class=\"attachment-large size-large\" alt=\"\" srcset=\"https:\/\/qualibee.com.br\/wp-content\/uploads\/2025\/02\/reuniao.png 256w, https:\/\/qualibee.com.br\/wp-content\/uploads\/2025\/02\/reuniao-100x100.png 100w, https:\/\/qualibee.com.br\/wp-content\/uploads\/2025\/02\/reuniao-150x150.png 150w\" sizes=\"(max-width: 256px) 100vw, 256px\" \/>\t\t\t\t\t\t\n\t\t\t\t\t<\/div>\n\t\t\t\t\t\t\t\t\n<style>\n#image_660359613 {\n  width: 53%;\n}\n<\/style>\n\t<\/div>\n\t\n\t\t<\/div>\n\t\t\t\t\t<\/div>\n\n\t\n<\/div>\n\t\t<\/div>\n\n\t\t\n<style>\n#section_472921427 {\n  padding-top: 30px;\n  padding-bottom: 30px;\n}\n#section_472921427 .ux-shape-divider--top svg {\n  height: 150px;\n  --divider-top-width: 100%;\n}\n#section_472921427 .ux-shape-divider--bottom svg {\n  height: 150px;\n  --divider-width: 100%;\n}\n<\/style>\n\t<\/section>\n\t\n\t<section class=\"section\" id=\"section_1940045590\">\n\t\t<div class=\"bg section-bg fill bg-fill  bg-loaded\" >\n\n\t\t\t\n\t\t\t\n\t\t\t\n\n\t\t<\/div>\n\n\t\t\n\n\t\t<div class=\"section-content relative\">\n\t\t\t\n<div class=\"row\"  id=\"row-1645571608\">\n\n\t<div id=\"col-1071383694\" class=\"col medium-6 small-12 large-6\"  >\n\t\t\t\t<div class=\"col-inner\"  >\n\t\t\t\n\t\t\t\n\t<div id=\"text-3927918272\" class=\"text\">\n\t\t\n<h1 class=\"elementor-heading-title elementor-size-default\">4 esta\u00e7\u00f5es Queijeiro<\/h1>\n\t\t\n<style>\n#text-3927918272 {\n  font-size: 1.35rem;\n  line-height: 1.45;\n  text-align: left;\n  color: #7c2f14;\n}\n#text-3927918272 > * {\n  color: #7c2f14;\n}\n<\/style>\n\t<\/div>\n\t\n\t<div id=\"text-4287157146\" class=\"text\">\n\t\t\n<h1>4 visitas t\u00e9cnicas anuais;<\/h1>\n\t\t\n<style>\n#text-4287157146 {\n  text-align: left;\n  color: #024959;\n}\n#text-4287157146 > * {\n  color: #024959;\n}\n<\/style>\n\t<\/div>\n\t\n\t<div id=\"text-2196566673\" class=\"text\">\n\t\t\n<ol>\n<li>Treinamento em Boas Pr\u00e1ticas de Fabrica\u00e7\u00e3o<\/li>\n<li>Treinamento dos programas de Autocontrole<\/li>\n<li>Treinamento em Fabrica\u00e7\u00e3o de Receitas<\/li>\n<li>Elabora\u00e7\u00e3o de Receitas personalizadas<\/li>\n<\/ol>\n\t\t\n<style>\n#text-2196566673 {\n  font-size: 1.05rem;\n  line-height: 1.05;\n  color: #024959;\n}\n#text-2196566673 > * {\n  color: #024959;\n}\n<\/style>\n\t<\/div>\n\t\n\t<div id=\"text-3813968060\" class=\"text\">\n\t\t\n<ul>\n<li>Revis\u00e3o de manual de boas pr\u00e1ticas;<\/li>\n<li>Avalia\u00e7\u00e3o de laudos laboratoriais;<\/li>\n<li>Avalia\u00e7\u00e3o t\u00e9cnica da qualidade da mat\u00e9ria prima;<\/li>\n<li>Verifica\u00e7\u00e3o de efic\u00e1cia de a\u00e7\u00f5es corretivas;<\/li>\n<li>Verifica\u00e7\u00e3o de funcionamento de PACs<\/li>\n<li>Orienta\u00e7\u00e3o no desenvolvimento do portif\u00f3lio dos produtos;<\/li>\n<li>Auxilio rotulagem;<\/li>\n<li>Mentoria empreendedora;<\/li>\n<li>Participa\u00e7\u00e3o no Grupo de Troca de Experi\u00eancias Qualib\u00e9\u00e9;<\/li>\n<li>Suporte remoto via WhatsApp para d\u00favidas.<\/li>\n<\/ul>\n\t\t\n<style>\n#text-3813968060 {\n  font-size: 1.05rem;\n  line-height: 1.05;\n  color: #024959;\n}\n#text-3813968060 > * {\n  color: #024959;\n}\n<\/style>\n\t<\/div>\n\t\n\t\t<\/div>\n\t\t\t\t\t<\/div>\n\n\t\n\n\t<div id=\"col-1225398754\" class=\"col medium-6 small-12 large-6\"  >\n\t\t\t\t<div class=\"col-inner text-center\"  >\n\t\t\t\n\t\t\t\n\t<div id=\"gap-1890883878\" class=\"gap-element clearfix\" style=\"display:block; height:auto;\">\n\t\t\n<style>\n#gap-1890883878 {\n  padding-top: 59px;\n}\n<\/style>\n\t<\/div>\n\t\n\t<div class=\"img has-hover x md-x lg-x y md-y lg-y\" id=\"image_1638333332\">\n\t\t\t\t\t\t\t\t<div class=\"img-inner dark\" style=\"margin:px 0px 0 0px;\">\n\t\t\t<img decoding=\"async\" width=\"256\" height=\"256\" src=\"https:\/\/qualibee.com.br\/wp-content\/uploads\/2025\/02\/teste.png\" class=\"attachment-large size-large\" alt=\"\" srcset=\"https:\/\/qualibee.com.br\/wp-content\/uploads\/2025\/02\/teste.png 256w, https:\/\/qualibee.com.br\/wp-content\/uploads\/2025\/02\/teste-100x100.png 100w, https:\/\/qualibee.com.br\/wp-content\/uploads\/2025\/02\/teste-150x150.png 150w\" sizes=\"(max-width: 256px) 100vw, 256px\" \/>\t\t\t\t\t\t\n\t\t\t\t\t<\/div>\n\t\t\t\t\t\t\t\t\n<style>\n#image_1638333332 {\n  width: 55%;\n}\n<\/style>\n\t<\/div>\n\t\n\t\t<\/div>\n\t\t\t\t\t<\/div>\n\n\t\n<\/div>\n<div class=\"row\"  id=\"row-2130814678\">\n\n\t<div id=\"col-1375318073\" class=\"col medium-4 small-12 large-4\"  >\n\t\t\t\t<div class=\"col-inner\"  >\n\t\t\t\n\t\t\t\n\t\t<\/div>\n\t\t\t\t\t<\/div>\n\n\t\n\n\t<div id=\"col-260850123\" class=\"col medium-4 small-12 large-4\"  >\n\t\t\t\t<div class=\"col-inner\"  >\n\t\t\t\n\t\t\t\n<a rel=\"noopener noreferrer\" href=\"https:\/\/wa.me\/553125285193\" target=\"_blank\" class=\"button success box-shadow-3 expand\"  style=\"border-radius:99px;\">\n    <span>agendar treinamento<\/span>\n  <\/a>\n\n\t\t<\/div>\n\t\t\t\t\t<\/div>\n\n\t\n\n\t<div id=\"col-197163873\" class=\"col medium-4 small-12 large-4\"  >\n\t\t\t\t<div class=\"col-inner\"  >\n\t\t\t\n\t\t\t\n\t\t<\/div>\n\t\t\t\t\t<\/div>\n\n\t\n<\/div>\n\t\t<\/div>\n\n\t\t\n<style>\n#section_1940045590 {\n  padding-top: 30px;\n  padding-bottom: 30px;\n}\n#section_1940045590 .ux-shape-divider--top svg {\n  height: 150px;\n  --divider-top-width: 100%;\n}\n#section_1940045590 .ux-shape-divider--bottom svg {\n  height: 150px;\n  --divider-width: 100%;\n}\n<\/style>\n\t<\/section>\n\t\n","protected":false},"excerpt":{"rendered":"","protected":false},"author":2,"featured_media":0,"parent":0,"menu_order":0,"comment_status":"closed","ping_status":"closed","template":"page-blank.php","meta":{"footnotes":""},"class_list":["post-1177","page","type-page","status-publish","hentry"],"_links":{"self":[{"href":"https:\/\/qualibee.com.br\/index.php\/wp-json\/wp\/v2\/pages\/1177","targetHints":{"allow":["GET"]}}],"collection":[{"href":"https:\/\/qualibee.com.br\/index.php\/wp-json\/wp\/v2\/pages"}],"about":[{"href":"https:\/\/qualibee.com.br\/index.php\/wp-json\/wp\/v2\/types\/page"}],"author":[{"embeddable":true,"href":"https:\/\/qualibee.com.br\/index.php\/wp-json\/wp\/v2\/users\/2"}],"replies":[{"embeddable":true,"href":"https:\/\/qualibee.com.br\/index.php\/wp-json\/wp\/v2\/comments?post=1177"}],"version-history":[{"count":30,"href":"https:\/\/qualibee.com.br\/index.php\/wp-json\/wp\/v2\/pages\/1177\/revisions"}],"predecessor-version":[{"id":1344,"href":"https:\/\/qualibee.com.br\/index.php\/wp-json\/wp\/v2\/pages\/1177\/revisions\/1344"}],"wp:attachment":[{"href":"https:\/\/qualibee.com.br\/index.php\/wp-json\/wp\/v2\/media?parent=1177"}],"curies":[{"name":"wp","href":"https:\/\/api.w.org\/{rel}","templated":true}]}}