{"id":323,"date":"2022-08-26T15:03:43","date_gmt":"2022-08-26T18:03:43","guid":{"rendered":"https:\/\/qualibee.com.br\/?page_id=323"},"modified":"2025-01-28T10:14:55","modified_gmt":"2025-01-28T13:14:55","slug":"seja-produtor","status":"publish","type":"page","link":"https:\/\/qualibee.com.br\/index.php\/seja-produtor\/","title":{"rendered":"Seja Produtor"},"content":{"rendered":"\t<section class=\"section\" id=\"section_1299825020\">\n\t\t<div class=\"bg section-bg fill bg-fill  bg-loaded\" >\n\n\t\t\t\n\t\t\t\n\t\t\t\n\n\t\t<\/div>\n\n\t\t\n\n\t\t<div class=\"section-content relative\">\n\t\t\t\n\n  <div class=\"banner has-hover hide-for-small\" id=\"banner-812460523\">\n          <div class=\"banner-inner fill\">\n        <div class=\"banner-bg fill\" >\n            <div class=\"bg fill bg-fill \"><\/div>\n                        <div class=\"overlay\"><\/div>            \n                    <\/div>\n\t\t\n        <div class=\"banner-layers container\">\n            <div class=\"fill banner-link\"><\/div>            \n   <div id=\"text-box-1632010015\" class=\"text-box banner-layer x50 md-x50 lg-x50 y100 md-y95 lg-y95 res-text\">\n                                <div class=\"text-box-content text box-shadow-3\">\n              \n              <div class=\"text-inner text-center\">\n                  \n<h3><span style=\"color: #333333;\">Fa\u00e7a parte do Ecossistema empreendedor do Leite e Queijos de Cabra e de Ovelha!<\/span><\/h3>\n              <\/div>\n           <\/div>\n                            \n<style>\n#text-box-1632010015 .text-box-content {\n  background-color: rgba(255, 255, 255, 0.453);\n  font-size: 100%;\n}\n#text-box-1632010015 .text-inner {\n  padding: 30px 30px 30px 30px;\n}\n#text-box-1632010015 {\n  width: 100%;\n}\n@media (min-width:550px) {\n  #text-box-1632010015 {\n    width: 75%;\n  }\n}\n<\/style>\n    <\/div>\n \n        <\/div>\n      <\/div>\n\n            \n<style>\n#banner-812460523 {\n  padding-top: 186px;\n}\n#banner-812460523 .bg.bg-loaded {\n  background-image: url(https:\/\/qualibee.com.br\/wp-content\/uploads\/2024\/12\/Design-sem-nome-10-1024x597.png);\n}\n#banner-812460523 .overlay {\n  background-color: rgba(0, 0, 0, 0.2);\n}\n#banner-812460523 .bg {\n  background-position: 0% 76%;\n}\n#banner-812460523 .ux-shape-divider--top svg {\n  height: 150px;\n  --divider-top-width: 100%;\n}\n#banner-812460523 .ux-shape-divider--bottom svg {\n  height: 150px;\n  --divider-width: 100%;\n}\n@media (min-width:550px) {\n  #banner-812460523 {\n    padding-top: 500px;\n  }\n}\n<\/style>\n  <\/div>\n\n\n\t\t<\/div>\n\n\t\t\n<style>\n#section_1299825020 {\n  padding-top: 30px;\n  padding-bottom: 30px;\n}\n#section_1299825020 .ux-shape-divider--top svg {\n  height: 150px;\n  --divider-top-width: 100%;\n}\n#section_1299825020 .ux-shape-divider--bottom svg {\n  height: 150px;\n  --divider-width: 100%;\n}\n<\/style>\n\t<\/section>\n\t\n\t<section class=\"section\" id=\"section_232031515\">\n\t\t<div class=\"bg section-bg fill bg-fill  bg-loaded\" >\n\n\t\t\t\n\t\t\t\n\t\t\t\n\n\t\t<\/div>\n\n\t\t\n\n\t\t<div class=\"section-content relative\">\n\t\t\t\n<div class=\"row\"  id=\"row-130868831\">\n\n\t<div id=\"col-2136254128\" class=\"col medium-2 small-12 large-2\"  >\n\t\t\t\t<div class=\"col-inner\"  >\n\t\t\t\n\t\t\t\n\t\t<\/div>\n\t\t\t\t\t<\/div>\n\n\t\n\n\t<div id=\"col-310373495\" class=\"col medium-8 small-12 large-8\"  >\n\t\t\t\t<div class=\"col-inner\"  >\n\t\t\t\n\t\t\t\n\t<div id=\"text-2122898404\" class=\"text\">\n\t\t\n<h1>FORMUL\u00c1RIO DE CADASTRO PARA NOVOS EMPREENDEDORES<\/h1>\n\t\t\n<style>\n#text-2122898404 {\n  font-size: 1.3rem;\n  line-height: 2.3;\n  text-align: center;\n  color: #024959;\n}\n#text-2122898404 > * {\n  color: #024959;\n}\n<\/style>\n\t<\/div>\n\t\n\t\t<\/div>\n\t\t\t\t\t<\/div>\n\n\t\n\n\t<div id=\"col-1296329196\" class=\"col medium-2 small-12 large-2\"  >\n\t\t\t\t<div class=\"col-inner\"  >\n\t\t\t\n\t\t\t\n\t\t<\/div>\n\t\t\t\t\t<\/div>\n\n\t\n<\/div>\n\t\t<\/div>\n\n\t\t\n<style>\n#section_232031515 {\n  padding-top: 30px;\n  padding-bottom: 30px;\n}\n#section_232031515 .ux-shape-divider--top svg {\n  height: 150px;\n  --divider-top-width: 100%;\n}\n#section_232031515 .ux-shape-divider--bottom svg {\n  height: 150px;\n  --divider-width: 100%;\n}\n<\/style>\n\t<\/section>\n\t\n\t<section class=\"section\" id=\"section_1684265089\">\n\t\t<div class=\"bg section-bg fill bg-fill  bg-loaded\" >\n\n\t\t\t\n\t\t\t\n\t\t\t\n\n\t\t<\/div>\n\n\t\t\n\n\t\t<div class=\"section-content relative\">\n\t\t\t\n<div class=\"row\"  id=\"row-1218984016\">\n\n\t<div id=\"col-1721822223\" class=\"col small-12 large-12\"  >\n\t\t\t\t<div class=\"col-inner\"  >\n\t\t\t\n\t\t\t\n\t<div id=\"text-2129194798\" class=\"text\">\n\t\t\n<p style=\"text-align: left;\">Oportunidades no Agroneg\u00f3cio de Cabras e Ovelhas: <br \/>\nO mercado de produtos l\u00e1cteos no Brasil est\u00e1 em expans\u00e3o, com consumidores exigindo mais diversidade e qualidade. O leite de cabra e o de ovelha s\u00e3o mais digest\u00edveis que o de vaca e oferecem benef\u00edcios \u00e0 sa\u00fade, como c\u00e1lcio, prote\u00ednas e vitaminas, atraindo consumidores com intoler\u00e2ncia \u00e0 lactose ou que buscam op\u00e7\u00f5es nutricionais de alta qualidade. <\/p>\n<p style=\"text-align: left;\">Os leites de pequenos ruminantes possuem caracter\u00edsticas que resultam em produtos com texturas e sabores \u00fanicos. O leite de cabra \u00e9 suave e levemente \u00e1cido, enquanto o de ovelha tem um sabor mais intenso e uma textura cremosa. Esses produtos s\u00e3o menos comuns e podem atrair um p\u00fablico espec\u00edfico em busca de novidades gastron\u00f4micas.<\/p>\n<p style=\"text-align: left;\">A cria\u00e7\u00e3o de pequenos ruminantes est\u00e1 crescendo em todas as regi\u00f5es do Brasil, sendo mais sustent\u00e1vel e acess\u00edvel em termos de recursos e espa\u00e7o quando comparada \u00e0 pecu\u00e1ria bovina. Portanto, investir no agroneg\u00f3cio leiteiro \u00e9 uma escolha estrat\u00e9gica, rent\u00e1vel e saborosa.\n<\/p>\n\t\t\n<style>\n#text-2129194798 {\n  font-size: 1rem;\n  line-height: 1.65;\n  text-align: center;\n  color: rgb(0,0,0);\n}\n#text-2129194798 > * {\n  color: rgb(0,0,0);\n}\n<\/style>\n\t<\/div>\n\t\n\t\t<\/div>\n\t\t\t\t\t<\/div>\n\n\t\n<\/div>\n<div class=\"row\"  id=\"row-279876156\">\n\n\t<div id=\"col-614599212\" class=\"col medium-1 small-12 large-1\"  >\n\t\t\t\t<div class=\"col-inner\"  >\n\t\t\t\n\t\t\t\n\t\t<\/div>\n\t\t\t\t\t<\/div>\n\n\t\n\n\t<div id=\"col-754572900\" class=\"col medium-10 small-12 large-10\"  >\n\t\t\t\t<div class=\"col-inner\"  >\n\t\t\t\n\t\t\t\n\n<p><iframe style=\"border: none; max-width: 100%; max-height: 100vh;\" src=\"https:\/\/forms.office.com\/r\/TPkRp25et3?embed=true\" width=\"900px\" height=\"480px\" frameborder=\"0\" marginwidth=\"0\" marginheight=\"0\" allowfullscreen=\"allowfullscreen\"> <\/iframe><br \/>\n\n\t\t<\/div>\n\t\t\t\t\t<\/div>\n\n\t\n\n\t<div id=\"col-1799788235\" class=\"col medium-1 small-12 large-1\"  >\n\t\t\t\t<div class=\"col-inner\"  >\n\t\t\t\n\t\t\t\n\t\t<\/div>\n\t\t\t\t\t<\/div>\n\n\t\n<\/div>\n\t\t<\/div>\n\n\t\t\n<style>\n#section_1684265089 {\n  padding-top: 0px;\n  padding-bottom: 0px;\n}\n#section_1684265089 .ux-shape-divider--top svg {\n  height: 150px;\n  --divider-top-width: 100%;\n}\n#section_1684265089 .ux-shape-divider--bottom svg {\n  height: 150px;\n  --divider-width: 100%;\n}\n<\/style>\n\t<\/section>\n\t\n","protected":false},"excerpt":{"rendered":"","protected":false},"author":2,"featured_media":0,"parent":0,"menu_order":0,"comment_status":"closed","ping_status":"closed","template":"page-blank.php","meta":{"footnotes":""},"class_list":["post-323","page","type-page","status-publish","hentry"],"_links":{"self":[{"href":"https:\/\/qualibee.com.br\/index.php\/wp-json\/wp\/v2\/pages\/323","targetHints":{"allow":["GET"]}}],"collection":[{"href":"https:\/\/qualibee.com.br\/index.php\/wp-json\/wp\/v2\/pages"}],"about":[{"href":"https:\/\/qualibee.com.br\/index.php\/wp-json\/wp\/v2\/types\/page"}],"author":[{"embeddable":true,"href":"https:\/\/qualibee.com.br\/index.php\/wp-json\/wp\/v2\/users\/2"}],"replies":[{"embeddable":true,"href":"https:\/\/qualibee.com.br\/index.php\/wp-json\/wp\/v2\/comments?post=323"}],"version-history":[{"count":43,"href":"https:\/\/qualibee.com.br\/index.php\/wp-json\/wp\/v2\/pages\/323\/revisions"}],"predecessor-version":[{"id":1315,"href":"https:\/\/qualibee.com.br\/index.php\/wp-json\/wp\/v2\/pages\/323\/revisions\/1315"}],"wp:attachment":[{"href":"https:\/\/qualibee.com.br\/index.php\/wp-json\/wp\/v2\/media?parent=323"}],"curies":[{"name":"wp","href":"https:\/\/api.w.org\/{rel}","templated":true}]}}