{"id":330,"date":"2022-08-26T15:42:55","date_gmt":"2022-08-26T18:42:55","guid":{"rendered":"https:\/\/qualibee.com.br\/?page_id=330"},"modified":"2023-02-27T14:09:08","modified_gmt":"2023-02-27T17:09:08","slug":"nutribee","status":"publish","type":"page","link":"https:\/\/qualibee.com.br\/index.php\/nutribee\/","title":{"rendered":"Nutrib\u00e9\u00e9"},"content":{"rendered":"\t<section class=\"section\" id=\"section_1956027719\">\n\t\t<div class=\"bg section-bg fill bg-fill  bg-loaded\" >\n\n\t\t\t\n\t\t\t\n\t\t\t\n\n\t\t<\/div>\n\n\t\t\n\n\t\t<div class=\"section-content relative\">\n\t\t\t\n<div class=\"row\"  id=\"row-491380242\">\n\n\t<div id=\"col-1591470223\" class=\"col small-12 large-12\"  >\n\t\t\t\t<div class=\"col-inner\"  >\n\t\t\t\n\t\t\t\n<div class=\"row\"  id=\"row-1385556106\">\n\n\t<div id=\"col-915429118\" class=\"col small-12 large-12\"  >\n\t\t\t\t<div class=\"col-inner text-center\"  >\n\t\t\t\n\t\t\t\n<div class=\"ux-logo has-hover align-middle ux_logo inline-block\" style=\"max-width: 100%!important; width: 401.9801980198px!important\"><div class=\"ux-logo-link block image-zoom\" title=\"\"  href=\"\" style=\"padding: 15px;\"><img decoding=\"async\" src=\"https:\/\/qualibee.com.br\/wp-content\/uploads\/2023\/01\/Nuntribee_final.eps_2710_1601-1-1024x608.png\" title=\"\" alt=\"\" class=\"ux-logo-image block\" style=\"height:221px;\" \/><\/div><\/div>\n\t\t<\/div>\n\t\t\t\t\t<\/div>\n\n\t\n<\/div>\n<div class=\"row\"  id=\"row-1304554379\">\n\n\t<div id=\"col-331041626\" class=\"col small-12 large-12\"  >\n\t\t\t\t<div class=\"col-inner\"  >\n\t\t\t\n\t\t\t\n\t<div id=\"text-3410981088\" class=\"text\">\n\t\t\n<h2>Assist\u00eancia t\u00e9cnica e gerencial para<br \/>\nprodutores de ovinos e caprinos de corte Nutrib\u00e9\u00e9<\/h2>\n\t\t\n<style>\n#text-3410981088 {\n  font-size: 1.2rem;\n  text-align: center;\n  color: rgb(50, 180, 74);\n}\n#text-3410981088 > * {\n  color: rgb(50, 180, 74);\n}\n<\/style>\n\t<\/div>\n\t\n\t<div id=\"text-2799384999\" class=\"text\">\n\t\t\n<p>A Nutrib\u00e9\u00e9 \u00e9 um departamento t\u00e9cnico da Qualib\u00e9\u00e9 dedicado a assist\u00eancia t\u00e9cnica continuada a produtores de carne de cordeiros e cabritos<\/p>\n\t\t\n<style>\n#text-2799384999 {\n  font-size: 1.05rem;\n  text-align: center;\n}\n<\/style>\n\t<\/div>\n\t\n\t\t<\/div>\n\t\t\t\t\t<\/div>\n\n\t\n<\/div>\n<div class=\"row\"  id=\"row-1102980952\">\n\n\t<div id=\"col-254337412\" class=\"col small-12 large-12\"  >\n\t\t\t\t<div class=\"col-inner\"  >\n\t\t\t\n\t\t\t\n\t<div id=\"text-1208082987\" class=\"text\">\n\t\t\n<h2>A Nutrib\u00e9\u00e9 oferece ao produtor<\/h2>\n\t\t\n<style>\n#text-1208082987 {\n  color: rgb(65, 175, 80);\n}\n#text-1208082987 > * {\n  color: rgb(65, 175, 80);\n}\n<\/style>\n\t<\/div>\n\t\n\n\t\t<div class=\"icon-box featured-box icon-box-top text-left\"  >\n\t\t\t\t<div class=\"icon-box-text last-reset\">\n\t\t\t\t\t\t\t\t\t\n<div class=\"container section-title-container\" ><h3 class=\"section-title section-title-normal\"><b><\/b><span class=\"section-title-main\" ><i class=\"icon-angle-left\" ><\/i>Orienta\u00e7\u00f5es para implementa\u00e7\u00e3o do sistema<\/span><b><\/b><\/h3><\/div>\n<div class=\"container section-title-container\" ><h3 class=\"section-title section-title-normal\"><b><\/b><span class=\"section-title-main\" ><i class=\"icon-angle-left\" ><\/i>An\u00e1lise econ\u00f4mica de produ\u00e7\u00e3o<\/span><b><\/b><\/h3><\/div>\n<div class=\"container section-title-container\" ><h3 class=\"section-title section-title-normal\"><b><\/b><span class=\"section-title-main\" ><i class=\"icon-angle-left\" ><\/i>Dietas personalizadas e organiza\u00e7\u00e3o de planos  alimentares<\/span><b><\/b><\/h3><\/div>\n<div class=\"container section-title-container\" ><h3 class=\"section-title section-title-normal\"><b><\/b><span class=\"section-title-main\" ><i class=\"icon-angle-left\" ><\/i>Aten\u00e7\u00e3o integral a sa\u00fade do rebanho<\/span><b><\/b><\/h3><\/div>\n<div class=\"container section-title-container\" ><h3 class=\"section-title section-title-normal\"><b><\/b><span class=\"section-title-main\" ><i class=\"icon-angle-left\" ><\/i>Planejamento reprodutivo<\/span><b><\/b><\/h3><\/div>\n<div class=\"container section-title-container\" ><h3 class=\"section-title section-title-normal\"><b><\/b><span class=\"section-title-main\" ><i class=\"icon-angle-left\" ><\/i>Gest\u00e3o dos dados zoot\u00e9cnicos<\/span><b><\/b><\/h3><\/div>\n<div class=\"container section-title-container\" ><h3 class=\"section-title section-title-normal\"><b><\/b><span class=\"section-title-main\" ><i class=\"icon-angle-left\" ><\/i>Desenho de apriscos<\/span><b><\/b><\/h3><\/div>\n<div class=\"container section-title-container\" ><h3 class=\"section-title section-title-normal\"><b><\/b><span class=\"section-title-main\" ><i class=\"icon-angle-left\" ><\/i>Mentorias (Treinamentos e capacita\u00e7\u00f5es)<\/span><b><\/b><\/h3><\/div>\n\t\t<\/div>\n\t<\/div>\n\t\n\t\n\t\t<\/div>\n\t\t\t\t\t<\/div>\n\n\t\n<\/div>\n\t\t<\/div>\n\t\t\t\t\t<\/div>\n\n\t\n<\/div>\n\t\t<\/div>\n\n\t\t\n<style>\n#section_1956027719 {\n  padding-top: 30px;\n  padding-bottom: 30px;\n}\n#section_1956027719 .ux-shape-divider--top svg {\n  height: 150px;\n  --divider-top-width: 100%;\n}\n#section_1956027719 .ux-shape-divider--bottom svg {\n  height: 150px;\n  --divider-width: 100%;\n}\n<\/style>\n\t<\/section>\n\t\n\t<section class=\"section\" id=\"section_883861325\">\n\t\t<div class=\"bg section-bg fill bg-fill  bg-loaded\" >\n\n\t\t\t\n\t\t\t\n\t\t\t\n\n\t\t<\/div>\n\n\t\t\n\n\t\t<div class=\"section-content relative\">\n\t\t\t\n<div class=\"row\"  id=\"row-2143932932\">\n\n\t<div id=\"col-269830087\" class=\"col small-12 large-12\"  >\n\t\t\t\t<div class=\"col-inner\"  >\n\t\t\t\n\t\t\t\n<div class=\"slider-wrapper relative\" id=\"slider-1303022987\" style=\"background-color:#3a97d3;\">\n    <div class=\"slider slider-nav-circle slider-nav-large slider-nav-light slider-style-container\"\n        data-flickity-options='{\n            \"cellAlign\": \"center\",\n            \"imagesLoaded\": true,\n            \"lazyLoad\": 1,\n            \"freeScroll\": false,\n            \"wrapAround\": true,\n            \"autoPlay\": 3000,\n            \"pauseAutoPlayOnHover\" : true,\n            \"prevNextButtons\": true,\n            \"contain\" : true,\n            \"adaptiveHeight\" : true,\n            \"dragThreshold\" : 10,\n            \"percentPosition\": true,\n            \"pageDots\": true,\n            \"rightToLeft\": false,\n            \"draggable\": true,\n            \"selectedAttraction\": 0.1,\n            \"parallax\" : 0,\n            \"friction\": 0.6        }'\n        >\n        \n\t<div class=\"img has-hover x md-x lg-x y md-y lg-y\" id=\"image_1156762985\">\n\t\t\t\t\t\t\t\t<div class=\"img-inner image-cover dark\" style=\"padding-top:75%;\">\n\t\t\t<img decoding=\"async\" width=\"800\" height=\"800\" src=\"https:\/\/qualibee.com.br\/wp-content\/uploads\/2023\/01\/Sem-Titulo-1-1.png\" class=\"attachment-large size-large\" alt=\"\" srcset=\"https:\/\/qualibee.com.br\/wp-content\/uploads\/2023\/01\/Sem-Titulo-1-1.png 800w, https:\/\/qualibee.com.br\/wp-content\/uploads\/2023\/01\/Sem-Titulo-1-1-100x100.png 100w, https:\/\/qualibee.com.br\/wp-content\/uploads\/2023\/01\/Sem-Titulo-1-1-510x510.png 510w, https:\/\/qualibee.com.br\/wp-content\/uploads\/2023\/01\/Sem-Titulo-1-1-300x300.png 300w, https:\/\/qualibee.com.br\/wp-content\/uploads\/2023\/01\/Sem-Titulo-1-1-150x150.png 150w, https:\/\/qualibee.com.br\/wp-content\/uploads\/2023\/01\/Sem-Titulo-1-1-768x768.png 768w\" sizes=\"(max-width: 800px) 100vw, 800px\" \/>\t\t\t\t\t\t\n\t\t\t\t\t<\/div>\n\t\t\t\t\t\t\t\t\n<style>\n#image_1156762985 {\n  width: 100%;\n}\n<\/style>\n\t<\/div>\n\t\n\t<div class=\"img has-hover x md-x lg-x y md-y lg-y\" id=\"image_2030003353\">\n\t\t\t\t\t\t\t\t<div class=\"img-inner image-cover dark\" style=\"padding-top:75%;\">\n\t\t\t<img decoding=\"async\" width=\"800\" height=\"800\" src=\"https:\/\/qualibee.com.br\/wp-content\/uploads\/2023\/01\/2.png\" class=\"attachment-large size-large\" alt=\"\" srcset=\"https:\/\/qualibee.com.br\/wp-content\/uploads\/2023\/01\/2.png 800w, https:\/\/qualibee.com.br\/wp-content\/uploads\/2023\/01\/2-100x100.png 100w, https:\/\/qualibee.com.br\/wp-content\/uploads\/2023\/01\/2-510x510.png 510w, https:\/\/qualibee.com.br\/wp-content\/uploads\/2023\/01\/2-300x300.png 300w, https:\/\/qualibee.com.br\/wp-content\/uploads\/2023\/01\/2-150x150.png 150w, https:\/\/qualibee.com.br\/wp-content\/uploads\/2023\/01\/2-768x768.png 768w\" sizes=\"(max-width: 800px) 100vw, 800px\" \/>\t\t\t\t\t\t\n\t\t\t\t\t<\/div>\n\t\t\t\t\t\t\t\t\n<style>\n#image_2030003353 {\n  width: 100%;\n}\n<\/style>\n\t<\/div>\n\t\n\t<div class=\"img has-hover x md-x lg-x y md-y lg-y\" id=\"image_365680288\">\n\t\t\t\t\t\t\t\t<div class=\"img-inner image-cover dark\" style=\"padding-top:75%;\">\n\t\t\t<img decoding=\"async\" width=\"800\" height=\"800\" src=\"https:\/\/qualibee.com.br\/wp-content\/uploads\/2023\/01\/5.png\" class=\"attachment-large size-large\" alt=\"\" srcset=\"https:\/\/qualibee.com.br\/wp-content\/uploads\/2023\/01\/5.png 800w, https:\/\/qualibee.com.br\/wp-content\/uploads\/2023\/01\/5-100x100.png 100w, https:\/\/qualibee.com.br\/wp-content\/uploads\/2023\/01\/5-510x510.png 510w, https:\/\/qualibee.com.br\/wp-content\/uploads\/2023\/01\/5-300x300.png 300w, https:\/\/qualibee.com.br\/wp-content\/uploads\/2023\/01\/5-150x150.png 150w, https:\/\/qualibee.com.br\/wp-content\/uploads\/2023\/01\/5-768x768.png 768w\" sizes=\"(max-width: 800px) 100vw, 800px\" \/>\t\t\t\t\t\t\n\t\t\t\t\t<\/div>\n\t\t\t\t\t\t\t\t\n<style>\n#image_365680288 {\n  width: 100%;\n}\n<\/style>\n\t<\/div>\n\t\n\t<div class=\"img has-hover x md-x lg-x y md-y lg-y\" id=\"image_1148507136\">\n\t\t\t\t\t\t\t\t<div class=\"img-inner image-cover dark\" style=\"padding-top:75%;\">\n\t\t\t<img decoding=\"async\" width=\"800\" height=\"800\" src=\"https:\/\/qualibee.com.br\/wp-content\/uploads\/2023\/01\/6.png\" class=\"attachment-large size-large\" alt=\"\" srcset=\"https:\/\/qualibee.com.br\/wp-content\/uploads\/2023\/01\/6.png 800w, https:\/\/qualibee.com.br\/wp-content\/uploads\/2023\/01\/6-100x100.png 100w, https:\/\/qualibee.com.br\/wp-content\/uploads\/2023\/01\/6-510x510.png 510w, https:\/\/qualibee.com.br\/wp-content\/uploads\/2023\/01\/6-300x300.png 300w, https:\/\/qualibee.com.br\/wp-content\/uploads\/2023\/01\/6-150x150.png 150w, https:\/\/qualibee.com.br\/wp-content\/uploads\/2023\/01\/6-768x768.png 768w\" sizes=\"(max-width: 800px) 100vw, 800px\" \/>\t\t\t\t\t\t\n\t\t\t\t\t<\/div>\n\t\t\t\t\t\t\t\t\n<style>\n#image_1148507136 {\n  width: 100%;\n}\n<\/style>\n\t<\/div>\n\t\n\t<div class=\"img has-hover x md-x lg-x y md-y lg-y\" id=\"image_65234948\">\n\t\t\t\t\t\t\t\t<div class=\"img-inner image-cover dark\" style=\"padding-top:75%;\">\n\t\t\t<img decoding=\"async\" width=\"800\" height=\"800\" src=\"https:\/\/qualibee.com.br\/wp-content\/uploads\/2023\/01\/7.png\" class=\"attachment-large size-large\" alt=\"\" srcset=\"https:\/\/qualibee.com.br\/wp-content\/uploads\/2023\/01\/7.png 800w, https:\/\/qualibee.com.br\/wp-content\/uploads\/2023\/01\/7-100x100.png 100w, https:\/\/qualibee.com.br\/wp-content\/uploads\/2023\/01\/7-510x510.png 510w, https:\/\/qualibee.com.br\/wp-content\/uploads\/2023\/01\/7-300x300.png 300w, https:\/\/qualibee.com.br\/wp-content\/uploads\/2023\/01\/7-150x150.png 150w, https:\/\/qualibee.com.br\/wp-content\/uploads\/2023\/01\/7-768x768.png 768w\" sizes=\"(max-width: 800px) 100vw, 800px\" \/>\t\t\t\t\t\t\n\t\t\t\t\t<\/div>\n\t\t\t\t\t\t\t\t\n<style>\n#image_65234948 {\n  width: 100%;\n}\n<\/style>\n\t<\/div>\n\t\n\t<div class=\"img has-hover x md-x lg-x y md-y lg-y\" id=\"image_1954055079\">\n\t\t\t\t\t\t\t\t<div class=\"img-inner image-cover dark\" style=\"padding-top:75%;\">\n\t\t\t<img decoding=\"async\" width=\"800\" height=\"800\" src=\"https:\/\/qualibee.com.br\/wp-content\/uploads\/2023\/01\/8.png\" class=\"attachment-large size-large\" alt=\"\" srcset=\"https:\/\/qualibee.com.br\/wp-content\/uploads\/2023\/01\/8.png 800w, https:\/\/qualibee.com.br\/wp-content\/uploads\/2023\/01\/8-100x100.png 100w, https:\/\/qualibee.com.br\/wp-content\/uploads\/2023\/01\/8-510x510.png 510w, https:\/\/qualibee.com.br\/wp-content\/uploads\/2023\/01\/8-300x300.png 300w, https:\/\/qualibee.com.br\/wp-content\/uploads\/2023\/01\/8-150x150.png 150w, https:\/\/qualibee.com.br\/wp-content\/uploads\/2023\/01\/8-768x768.png 768w\" sizes=\"(max-width: 800px) 100vw, 800px\" \/>\t\t\t\t\t\t\n\t\t\t\t\t<\/div>\n\t\t\t\t\t\t\t\t\n<style>\n#image_1954055079 {\n  width: 100%;\n}\n<\/style>\n\t<\/div>\n\t\n\t<div class=\"img has-hover x md-x lg-x y md-y lg-y\" id=\"image_1613926003\">\n\t\t\t\t\t\t\t\t<div class=\"img-inner image-cover dark\" style=\"padding-top:75%;\">\n\t\t\t<img decoding=\"async\" width=\"800\" height=\"800\" src=\"https:\/\/qualibee.com.br\/wp-content\/uploads\/2023\/01\/9.png\" class=\"attachment-large size-large\" alt=\"\" srcset=\"https:\/\/qualibee.com.br\/wp-content\/uploads\/2023\/01\/9.png 800w, https:\/\/qualibee.com.br\/wp-content\/uploads\/2023\/01\/9-100x100.png 100w, https:\/\/qualibee.com.br\/wp-content\/uploads\/2023\/01\/9-510x510.png 510w, https:\/\/qualibee.com.br\/wp-content\/uploads\/2023\/01\/9-300x300.png 300w, https:\/\/qualibee.com.br\/wp-content\/uploads\/2023\/01\/9-150x150.png 150w, https:\/\/qualibee.com.br\/wp-content\/uploads\/2023\/01\/9-768x768.png 768w\" sizes=\"(max-width: 800px) 100vw, 800px\" \/>\t\t\t\t\t\t\n\t\t\t\t\t<\/div>\n\t\t\t\t\t\t\t\t\n<style>\n#image_1613926003 {\n  width: 100%;\n}\n<\/style>\n\t<\/div>\n\t\n\t<div class=\"img has-hover x md-x lg-x y md-y lg-y\" id=\"image_1037297178\">\n\t\t\t\t\t\t\t\t<div class=\"img-inner image-cover dark\" style=\"padding-top:75%;\">\n\t\t\t<img decoding=\"async\" width=\"800\" height=\"800\" src=\"https:\/\/qualibee.com.br\/wp-content\/uploads\/2023\/01\/10.png\" class=\"attachment-large size-large\" alt=\"\" srcset=\"https:\/\/qualibee.com.br\/wp-content\/uploads\/2023\/01\/10.png 800w, https:\/\/qualibee.com.br\/wp-content\/uploads\/2023\/01\/10-100x100.png 100w, https:\/\/qualibee.com.br\/wp-content\/uploads\/2023\/01\/10-510x510.png 510w, https:\/\/qualibee.com.br\/wp-content\/uploads\/2023\/01\/10-300x300.png 300w, https:\/\/qualibee.com.br\/wp-content\/uploads\/2023\/01\/10-150x150.png 150w, https:\/\/qualibee.com.br\/wp-content\/uploads\/2023\/01\/10-768x768.png 768w\" sizes=\"(max-width: 800px) 100vw, 800px\" \/>\t\t\t\t\t\t\n\t\t\t\t\t<\/div>\n\t\t\t\t\t\t\t\t\n<style>\n#image_1037297178 {\n  width: 100%;\n}\n<\/style>\n\t<\/div>\n\t\n\t<div class=\"img has-hover x md-x lg-x y md-y lg-y\" id=\"image_559586267\">\n\t\t\t\t\t\t\t\t<div class=\"img-inner image-cover dark\" style=\"padding-top:75%;\">\n\t\t\t<img decoding=\"async\" width=\"800\" height=\"800\" src=\"https:\/\/qualibee.com.br\/wp-content\/uploads\/2023\/01\/12.png\" class=\"attachment-large size-large\" alt=\"\" srcset=\"https:\/\/qualibee.com.br\/wp-content\/uploads\/2023\/01\/12.png 800w, https:\/\/qualibee.com.br\/wp-content\/uploads\/2023\/01\/12-100x100.png 100w, https:\/\/qualibee.com.br\/wp-content\/uploads\/2023\/01\/12-510x510.png 510w, https:\/\/qualibee.com.br\/wp-content\/uploads\/2023\/01\/12-300x300.png 300w, https:\/\/qualibee.com.br\/wp-content\/uploads\/2023\/01\/12-150x150.png 150w, https:\/\/qualibee.com.br\/wp-content\/uploads\/2023\/01\/12-768x768.png 768w\" sizes=\"(max-width: 800px) 100vw, 800px\" \/>\t\t\t\t\t\t\n\t\t\t\t\t<\/div>\n\t\t\t\t\t\t\t\t\n<style>\n#image_559586267 {\n  width: 100%;\n}\n<\/style>\n\t<\/div>\n\t\n\t<div class=\"img has-hover x md-x lg-x y md-y lg-y\" id=\"image_1678064709\">\n\t\t\t\t\t\t\t\t<div class=\"img-inner image-cover dark\" style=\"padding-top:75%;\">\n\t\t\t<img decoding=\"async\" width=\"800\" height=\"800\" src=\"https:\/\/qualibee.com.br\/wp-content\/uploads\/2023\/01\/13.png\" class=\"attachment-large size-large\" alt=\"\" srcset=\"https:\/\/qualibee.com.br\/wp-content\/uploads\/2023\/01\/13.png 800w, https:\/\/qualibee.com.br\/wp-content\/uploads\/2023\/01\/13-100x100.png 100w, https:\/\/qualibee.com.br\/wp-content\/uploads\/2023\/01\/13-510x510.png 510w, https:\/\/qualibee.com.br\/wp-content\/uploads\/2023\/01\/13-300x300.png 300w, https:\/\/qualibee.com.br\/wp-content\/uploads\/2023\/01\/13-150x150.png 150w, https:\/\/qualibee.com.br\/wp-content\/uploads\/2023\/01\/13-768x768.png 768w\" sizes=\"(max-width: 800px) 100vw, 800px\" \/>\t\t\t\t\t\t\n\t\t\t\t\t<\/div>\n\t\t\t\t\t\t\t\t\n<style>\n#image_1678064709 {\n  width: 100%;\n}\n<\/style>\n\t<\/div>\n\t\n\t<div class=\"img has-hover x md-x lg-x y md-y lg-y\" id=\"image_956805025\">\n\t\t\t\t\t\t\t\t<div class=\"img-inner image-cover dark\" style=\"padding-top:75%;\">\n\t\t\t<img decoding=\"async\" width=\"800\" height=\"800\" src=\"https:\/\/qualibee.com.br\/wp-content\/uploads\/2023\/01\/14.png\" class=\"attachment-large size-large\" alt=\"\" srcset=\"https:\/\/qualibee.com.br\/wp-content\/uploads\/2023\/01\/14.png 800w, https:\/\/qualibee.com.br\/wp-content\/uploads\/2023\/01\/14-100x100.png 100w, https:\/\/qualibee.com.br\/wp-content\/uploads\/2023\/01\/14-510x510.png 510w, https:\/\/qualibee.com.br\/wp-content\/uploads\/2023\/01\/14-300x300.png 300w, https:\/\/qualibee.com.br\/wp-content\/uploads\/2023\/01\/14-150x150.png 150w, https:\/\/qualibee.com.br\/wp-content\/uploads\/2023\/01\/14-768x768.png 768w\" sizes=\"(max-width: 800px) 100vw, 800px\" \/>\t\t\t\t\t\t\n\t\t\t\t\t<\/div>\n\t\t\t\t\t\t\t\t\n<style>\n#image_956805025 {\n  width: 100%;\n}\n<\/style>\n\t<\/div>\n\t\n\t<div class=\"img has-hover x md-x lg-x y md-y lg-y\" id=\"image_1315207448\">\n\t\t\t\t\t\t\t\t<div class=\"img-inner image-cover dark\" style=\"padding-top:75%;\">\n\t\t\t<img decoding=\"async\" width=\"800\" height=\"800\" src=\"https:\/\/qualibee.com.br\/wp-content\/uploads\/2023\/01\/15.png\" class=\"attachment-large size-large\" alt=\"\" srcset=\"https:\/\/qualibee.com.br\/wp-content\/uploads\/2023\/01\/15.png 800w, https:\/\/qualibee.com.br\/wp-content\/uploads\/2023\/01\/15-100x100.png 100w, https:\/\/qualibee.com.br\/wp-content\/uploads\/2023\/01\/15-510x510.png 510w, https:\/\/qualibee.com.br\/wp-content\/uploads\/2023\/01\/15-300x300.png 300w, https:\/\/qualibee.com.br\/wp-content\/uploads\/2023\/01\/15-150x150.png 150w, https:\/\/qualibee.com.br\/wp-content\/uploads\/2023\/01\/15-768x768.png 768w\" sizes=\"(max-width: 800px) 100vw, 800px\" \/>\t\t\t\t\t\t\n\t\t\t\t\t<\/div>\n\t\t\t\t\t\t\t\t\n<style>\n#image_1315207448 {\n  width: 100%;\n}\n<\/style>\n\t<\/div>\n\t\n\t<div class=\"img has-hover x md-x lg-x y md-y lg-y\" id=\"image_825768843\">\n\t\t\t\t\t\t\t\t<div class=\"img-inner image-cover dark\" style=\"padding-top:75%;\">\n\t\t\t<img decoding=\"async\" width=\"800\" height=\"800\" src=\"https:\/\/qualibee.com.br\/wp-content\/uploads\/2023\/01\/16.png\" class=\"attachment-large size-large\" alt=\"\" srcset=\"https:\/\/qualibee.com.br\/wp-content\/uploads\/2023\/01\/16.png 800w, https:\/\/qualibee.com.br\/wp-content\/uploads\/2023\/01\/16-100x100.png 100w, https:\/\/qualibee.com.br\/wp-content\/uploads\/2023\/01\/16-510x510.png 510w, https:\/\/qualibee.com.br\/wp-content\/uploads\/2023\/01\/16-300x300.png 300w, https:\/\/qualibee.com.br\/wp-content\/uploads\/2023\/01\/16-150x150.png 150w, https:\/\/qualibee.com.br\/wp-content\/uploads\/2023\/01\/16-768x768.png 768w\" sizes=\"(max-width: 800px) 100vw, 800px\" \/>\t\t\t\t\t\t\n\t\t\t\t\t<\/div>\n\t\t\t\t\t\t\t\t\n<style>\n#image_825768843 {\n  width: 100%;\n}\n<\/style>\n\t<\/div>\n\t\n     <\/div>\n\n     <div class=\"loading-spin dark large centered\"><\/div>\n\n     \t<\/div>\n\n\n\t\t<\/div>\n\t\t\t\t\t<\/div>\n\n\t\n<\/div>\n\t\t<\/div>\n\n\t\t\n<style>\n#section_883861325 {\n  padding-top: 30px;\n  padding-bottom: 30px;\n}\n#section_883861325 .ux-shape-divider--top svg {\n  height: 150px;\n  --divider-top-width: 100%;\n}\n#section_883861325 .ux-shape-divider--bottom svg {\n  height: 150px;\n  --divider-width: 100%;\n}\n<\/style>\n\t<\/section>\n\t\n\t<section class=\"section\" id=\"section_879548244\">\n\t\t<div class=\"bg section-bg fill bg-fill  bg-loaded\" >\n\n\t\t\t\n\t\t\t\n\t\t\t\n\n\t\t<\/div>\n\n\t\t\n\n\t\t<div class=\"section-content relative\">\n\t\t\t\n<div class=\"row\"  id=\"row-253152297\">\n\n\t<div id=\"col-566738190\" class=\"col small-12 large-12\"  >\n\t\t\t\t<div class=\"col-inner\"  >\n\t\t\t\n\t\t\t\n\n<p><script src=\"https:\/\/apps.elfsight.com\/p\/platform.js\" defer><\/script><\/p>\n<div class=\"elfsight-app-9c9b1056-e2db-4d84-9fc3-d18d7ed68c07\"><\/div>\n\n\t\t<\/div>\n\t\t\t\t\t<\/div>\n\n\t\n<\/div>\n\t\t<\/div>\n\n\t\t\n<style>\n#section_879548244 {\n  padding-top: 30px;\n  padding-bottom: 30px;\n}\n#section_879548244 .ux-shape-divider--top svg {\n  height: 150px;\n  --divider-top-width: 100%;\n}\n#section_879548244 .ux-shape-divider--bottom svg {\n  height: 150px;\n  --divider-width: 100%;\n}\n<\/style>\n\t<\/section>\n\t\n","protected":false},"excerpt":{"rendered":"","protected":false},"author":2,"featured_media":0,"parent":0,"menu_order":0,"comment_status":"closed","ping_status":"closed","template":"page-blank.php","meta":{"footnotes":""},"class_list":["post-330","page","type-page","status-publish","hentry"],"_links":{"self":[{"href":"https:\/\/qualibee.com.br\/index.php\/wp-json\/wp\/v2\/pages\/330","targetHints":{"allow":["GET"]}}],"collection":[{"href":"https:\/\/qualibee.com.br\/index.php\/wp-json\/wp\/v2\/pages"}],"about":[{"href":"https:\/\/qualibee.com.br\/index.php\/wp-json\/wp\/v2\/types\/page"}],"author":[{"embeddable":true,"href":"https:\/\/qualibee.com.br\/index.php\/wp-json\/wp\/v2\/users\/2"}],"replies":[{"embeddable":true,"href":"https:\/\/qualibee.com.br\/index.php\/wp-json\/wp\/v2\/comments?post=330"}],"version-history":[{"count":18,"href":"https:\/\/qualibee.com.br\/index.php\/wp-json\/wp\/v2\/pages\/330\/revisions"}],"predecessor-version":[{"id":575,"href":"https:\/\/qualibee.com.br\/index.php\/wp-json\/wp\/v2\/pages\/330\/revisions\/575"}],"wp:attachment":[{"href":"https:\/\/qualibee.com.br\/index.php\/wp-json\/wp\/v2\/media?parent=330"}],"curies":[{"name":"wp","href":"https:\/\/api.w.org\/{rel}","templated":true}]}}