{"id":577,"date":"2023-02-27T15:25:16","date_gmt":"2023-02-27T18:25:16","guid":{"rendered":"https:\/\/qualibee.com.br\/?page_id=577"},"modified":"2023-02-27T16:16:18","modified_gmt":"2023-02-27T19:16:18","slug":"blog","status":"publish","type":"page","link":"https:\/\/qualibee.com.br\/index.php\/blog\/","title":{"rendered":"Blog"},"content":{"rendered":"\t<section class=\"section\" id=\"section_1947251539\">\n\t\t<div class=\"bg section-bg fill bg-fill  bg-loaded\" >\n\n\t\t\t\n\t\t\t\n\t\t\t\n\n\t\t<\/div>\n\n\t\t\n\n\t\t<div class=\"section-content relative\">\n\t\t\t\n\n  \n    <div class=\"row large-columns-3 medium-columns- small-columns-1\">\n  <div class=\"col post-item\" >\n\t\t\t<div class=\"col-inner\">\n\t\t\t<a href=\"https:\/\/qualibee.com.br\/index.php\/2023\/02\/27\/voce-sabia-que-existe-uma-classificacao-entre-os-ruminantes-em-relacao-aos-habitos-alimentares\/\" class=\"plain\">\n\t\t\t\t<div class=\"box box-bounce box-text-bottom box-blog-post has-hover\">\n            \t\t\t\t\t<div class=\"box-image\" >\n  \t\t\t\t\t\t<div class=\"image-cover\" style=\"padding-top:75%;\">\n  \t\t\t\t\t\t\t<img decoding=\"async\" width=\"300\" height=\"300\" src=\"https:\/\/qualibee.com.br\/wp-content\/uploads\/2023\/02\/WhatsApp-Image-2023-02-27-at-15.25.26-300x300.jpeg\" class=\"attachment-medium size-medium wp-post-image\" alt=\"\" srcset=\"https:\/\/qualibee.com.br\/wp-content\/uploads\/2023\/02\/WhatsApp-Image-2023-02-27-at-15.25.26-300x300.jpeg 300w, https:\/\/qualibee.com.br\/wp-content\/uploads\/2023\/02\/WhatsApp-Image-2023-02-27-at-15.25.26-100x100.jpeg 100w, https:\/\/qualibee.com.br\/wp-content\/uploads\/2023\/02\/WhatsApp-Image-2023-02-27-at-15.25.26-510x510.jpeg 510w, https:\/\/qualibee.com.br\/wp-content\/uploads\/2023\/02\/WhatsApp-Image-2023-02-27-at-15.25.26-1024x1024.jpeg 1024w, https:\/\/qualibee.com.br\/wp-content\/uploads\/2023\/02\/WhatsApp-Image-2023-02-27-at-15.25.26-150x150.jpeg 150w, https:\/\/qualibee.com.br\/wp-content\/uploads\/2023\/02\/WhatsApp-Image-2023-02-27-at-15.25.26-768x768.jpeg 768w, https:\/\/qualibee.com.br\/wp-content\/uploads\/2023\/02\/WhatsApp-Image-2023-02-27-at-15.25.26.jpeg 1080w\" sizes=\"(max-width: 300px) 100vw, 300px\" \/>  \t\t\t\t\t\t\t  \t\t\t\t\t\t\t  \t\t\t\t\t\t<\/div>\n  \t\t\t\t\t\t  \t\t\t\t\t<\/div>\n          \t\t\t\t\t<div class=\"box-text text-center\" >\n\t\t\t\t\t<div class=\"box-text-inner blog-post-inner\">\n\n\t\t\t\t\t\n\t\t\t\t\t\t\t\t\t\t<h5 class=\"post-title is-large \">Voc\u00ea sabia que existe uma classifica\u00e7\u00e3o entre os ruminantes em rela\u00e7\u00e3o aos h\u00e1bitos alimentares?<\/h5>\n\t\t\t\t\t\t\t\t\t\t<div class=\"is-divider\"><\/div>\n\t\t\t\t\t\t\t\t\t\t<p class=\"from_the_blog_excerpt show-on-hover hover-fade\"> [...]\t\t\t\t\t<\/p>\n\t\t\t\t\t                    \n\t\t\t\t\t\n\t\t\t\t\t\n\t\t\t\t\t<\/div>\n\t\t\t\t\t<\/div>\n\t\t\t\t\t\t\t\t\t<\/div>\n\t\t\t\t<\/a>\n\t\t\t<\/div>\n\t\t<\/div><div class=\"col post-item\" >\n\t\t\t<div class=\"col-inner\">\n\t\t\t<a href=\"https:\/\/qualibee.com.br\/index.php\/2023\/02\/27\/acidez\/\" class=\"plain\">\n\t\t\t\t<div class=\"box box-bounce box-text-bottom box-blog-post has-hover\">\n            \t\t\t\t\t<div class=\"box-image\" >\n  \t\t\t\t\t\t<div class=\"image-cover\" style=\"padding-top:75%;\">\n  \t\t\t\t\t\t\t<img decoding=\"async\" width=\"300\" height=\"300\" src=\"https:\/\/qualibee.com.br\/wp-content\/uploads\/2023\/02\/WhatsApp-Image-2023-02-27-at-15.24.19-2-300x300.jpeg\" class=\"attachment-medium size-medium wp-post-image\" alt=\"\" srcset=\"https:\/\/qualibee.com.br\/wp-content\/uploads\/2023\/02\/WhatsApp-Image-2023-02-27-at-15.24.19-2-300x300.jpeg 300w, https:\/\/qualibee.com.br\/wp-content\/uploads\/2023\/02\/WhatsApp-Image-2023-02-27-at-15.24.19-2-100x100.jpeg 100w, https:\/\/qualibee.com.br\/wp-content\/uploads\/2023\/02\/WhatsApp-Image-2023-02-27-at-15.24.19-2-510x510.jpeg 510w, https:\/\/qualibee.com.br\/wp-content\/uploads\/2023\/02\/WhatsApp-Image-2023-02-27-at-15.24.19-2-1024x1024.jpeg 1024w, https:\/\/qualibee.com.br\/wp-content\/uploads\/2023\/02\/WhatsApp-Image-2023-02-27-at-15.24.19-2-150x150.jpeg 150w, https:\/\/qualibee.com.br\/wp-content\/uploads\/2023\/02\/WhatsApp-Image-2023-02-27-at-15.24.19-2-768x768.jpeg 768w, https:\/\/qualibee.com.br\/wp-content\/uploads\/2023\/02\/WhatsApp-Image-2023-02-27-at-15.24.19-2.jpeg 1080w\" sizes=\"(max-width: 300px) 100vw, 300px\" \/>  \t\t\t\t\t\t\t  \t\t\t\t\t\t\t  \t\t\t\t\t\t<\/div>\n  \t\t\t\t\t\t  \t\t\t\t\t<\/div>\n          \t\t\t\t\t<div class=\"box-text text-center\" >\n\t\t\t\t\t<div class=\"box-text-inner blog-post-inner\">\n\n\t\t\t\t\t\n\t\t\t\t\t\t\t\t\t\t<h5 class=\"post-title is-large \">Os valores de acidez(%acido l\u00e1tico) do leite das esp\u00e9cies s\u00e3o diferentes?<\/h5>\n\t\t\t\t\t\t\t\t\t\t<div class=\"is-divider\"><\/div>\n\t\t\t\t\t\t\t\t\t\t<p class=\"from_the_blog_excerpt show-on-hover hover-fade\">Voc\u00ea sabia que a concentra\u00e7\u00e3o de \u00e1cido l\u00e1ctico varia conforme as esp\u00e9cies? Confira nosso post [...]\t\t\t\t\t<\/p>\n\t\t\t\t\t                    \n\t\t\t\t\t\n\t\t\t\t\t\n\t\t\t\t\t<\/div>\n\t\t\t\t\t<\/div>\n\t\t\t\t\t\t\t\t\t<\/div>\n\t\t\t\t<\/a>\n\t\t\t<\/div>\n\t\t<\/div><div class=\"col post-item\" >\n\t\t\t<div class=\"col-inner\">\n\t\t\t<a href=\"https:\/\/qualibee.com.br\/index.php\/2022\/08\/10\/ordem-correta-para-o-seu-rebanho\/\" class=\"plain\">\n\t\t\t\t<div class=\"box box-bounce box-text-bottom box-blog-post has-hover\">\n            \t\t\t\t\t<div class=\"box-image\" >\n  \t\t\t\t\t\t<div class=\"image-cover\" style=\"padding-top:75%;\">\n  \t\t\t\t\t\t\t<img decoding=\"async\" width=\"300\" height=\"300\" src=\"https:\/\/qualibee.com.br\/wp-content\/uploads\/2022\/08\/WhatsApp-Image-2022-08-10-at-10.00.44-300x300.jpeg\" class=\"attachment-medium size-medium wp-post-image\" alt=\"\" srcset=\"https:\/\/qualibee.com.br\/wp-content\/uploads\/2022\/08\/WhatsApp-Image-2022-08-10-at-10.00.44-300x300.jpeg 300w, https:\/\/qualibee.com.br\/wp-content\/uploads\/2022\/08\/WhatsApp-Image-2022-08-10-at-10.00.44-100x100.jpeg 100w, https:\/\/qualibee.com.br\/wp-content\/uploads\/2022\/08\/WhatsApp-Image-2022-08-10-at-10.00.44-510x510.jpeg 510w, https:\/\/qualibee.com.br\/wp-content\/uploads\/2022\/08\/WhatsApp-Image-2022-08-10-at-10.00.44-1024x1024.jpeg 1024w, https:\/\/qualibee.com.br\/wp-content\/uploads\/2022\/08\/WhatsApp-Image-2022-08-10-at-10.00.44-150x150.jpeg 150w, https:\/\/qualibee.com.br\/wp-content\/uploads\/2022\/08\/WhatsApp-Image-2022-08-10-at-10.00.44-768x767.jpeg 768w, https:\/\/qualibee.com.br\/wp-content\/uploads\/2022\/08\/WhatsApp-Image-2022-08-10-at-10.00.44-600x599.jpeg 600w, https:\/\/qualibee.com.br\/wp-content\/uploads\/2022\/08\/WhatsApp-Image-2022-08-10-at-10.00.44.jpeg 1080w\" sizes=\"(max-width: 300px) 100vw, 300px\" \/>  \t\t\t\t\t\t\t  \t\t\t\t\t\t\t  \t\t\t\t\t\t<\/div>\n  \t\t\t\t\t\t  \t\t\t\t\t<\/div>\n          \t\t\t\t\t<div class=\"box-text text-center\" >\n\t\t\t\t\t<div class=\"box-text-inner blog-post-inner\">\n\n\t\t\t\t\t\n\t\t\t\t\t\t\t\t\t\t<h5 class=\"post-title is-large \">Ordem correta para o seu rebanho<\/h5>\n\t\t\t\t\t\t\t\t\t\t<div class=\"is-divider\"><\/div>\n\t\t\t\t\t\t\t\t\t\t<p class=\"from_the_blog_excerpt show-on-hover hover-fade\">Essa linha de ordenha \u00e9 essencial para garantir a qualidade do leite e evitar casos [...]\t\t\t\t\t<\/p>\n\t\t\t\t\t                    \n\t\t\t\t\t\n\t\t\t\t\t\n\t\t\t\t\t<\/div>\n\t\t\t\t\t<\/div>\n\t\t\t\t\t\t\t\t\t<\/div>\n\t\t\t\t<\/a>\n\t\t\t<\/div>\n\t\t<\/div><div class=\"col post-item\" >\n\t\t\t<div class=\"col-inner\">\n\t\t\t<a href=\"https:\/\/qualibee.com.br\/index.php\/2022\/08\/10\/uma-vaca-vale-por-quantas-cabras\/\" class=\"plain\">\n\t\t\t\t<div class=\"box box-bounce box-text-bottom box-blog-post has-hover\">\n            \t\t\t\t\t<div class=\"box-image\" >\n  \t\t\t\t\t\t<div class=\"image-cover\" style=\"padding-top:75%;\">\n  \t\t\t\t\t\t\t<img decoding=\"async\" width=\"300\" height=\"300\" src=\"https:\/\/qualibee.com.br\/wp-content\/uploads\/2022\/08\/WhatsApp-Image-2022-08-10-at-10.00.14-300x300.jpeg\" class=\"attachment-medium size-medium wp-post-image\" alt=\"\" srcset=\"https:\/\/qualibee.com.br\/wp-content\/uploads\/2022\/08\/WhatsApp-Image-2022-08-10-at-10.00.14-300x300.jpeg 300w, https:\/\/qualibee.com.br\/wp-content\/uploads\/2022\/08\/WhatsApp-Image-2022-08-10-at-10.00.14-100x100.jpeg 100w, https:\/\/qualibee.com.br\/wp-content\/uploads\/2022\/08\/WhatsApp-Image-2022-08-10-at-10.00.14-510x510.jpeg 510w, https:\/\/qualibee.com.br\/wp-content\/uploads\/2022\/08\/WhatsApp-Image-2022-08-10-at-10.00.14-1024x1024.jpeg 1024w, https:\/\/qualibee.com.br\/wp-content\/uploads\/2022\/08\/WhatsApp-Image-2022-08-10-at-10.00.14-150x150.jpeg 150w, https:\/\/qualibee.com.br\/wp-content\/uploads\/2022\/08\/WhatsApp-Image-2022-08-10-at-10.00.14-768x768.jpeg 768w, https:\/\/qualibee.com.br\/wp-content\/uploads\/2022\/08\/WhatsApp-Image-2022-08-10-at-10.00.14-600x600.jpeg 600w, https:\/\/qualibee.com.br\/wp-content\/uploads\/2022\/08\/WhatsApp-Image-2022-08-10-at-10.00.14.jpeg 1080w\" sizes=\"(max-width: 300px) 100vw, 300px\" \/>  \t\t\t\t\t\t\t  \t\t\t\t\t\t\t  \t\t\t\t\t\t<\/div>\n  \t\t\t\t\t\t  \t\t\t\t\t<\/div>\n          \t\t\t\t\t<div class=\"box-text text-center\" >\n\t\t\t\t\t<div class=\"box-text-inner blog-post-inner\">\n\n\t\t\t\t\t\n\t\t\t\t\t\t\t\t\t\t<h5 class=\"post-title is-large \">Uma vaca vale por quantas cabras?<\/h5>\n\t\t\t\t\t\t\t\t\t\t<div class=\"is-divider\"><\/div>\n\t\t\t\t\t\t\t\t\t\t<p class=\"from_the_blog_excerpt show-on-hover hover-fade\">Entenda essa compara\u00e7\u00e3o no carrossel! ???? Quer saber mais sobre Caprinocultura e Ovinocultura? Entre em [...]\t\t\t\t\t<\/p>\n\t\t\t\t\t                    \n\t\t\t\t\t\n\t\t\t\t\t\n\t\t\t\t\t<\/div>\n\t\t\t\t\t<\/div>\n\t\t\t\t\t\t\t\t\t<\/div>\n\t\t\t\t<\/a>\n\t\t\t<\/div>\n\t\t<\/div><div class=\"col post-item\" >\n\t\t\t<div class=\"col-inner\">\n\t\t\t<a href=\"https:\/\/qualibee.com.br\/index.php\/2022\/07\/29\/ola-mundo\/\" class=\"plain\">\n\t\t\t\t<div class=\"box box-bounce box-text-bottom box-blog-post has-hover\">\n            \t\t\t\t\t<div class=\"box-image\" >\n  \t\t\t\t\t\t<div class=\"image-cover\" style=\"padding-top:75%;\">\n  \t\t\t\t\t\t\t<img decoding=\"async\" width=\"300\" height=\"300\" src=\"https:\/\/qualibee.com.br\/wp-content\/uploads\/2022\/07\/WhatsApp-Image-2022-08-10-at-09.59.46-300x300.jpeg\" class=\"attachment-medium size-medium wp-post-image\" alt=\"\" srcset=\"https:\/\/qualibee.com.br\/wp-content\/uploads\/2022\/07\/WhatsApp-Image-2022-08-10-at-09.59.46-300x300.jpeg 300w, https:\/\/qualibee.com.br\/wp-content\/uploads\/2022\/07\/WhatsApp-Image-2022-08-10-at-09.59.46-100x100.jpeg 100w, https:\/\/qualibee.com.br\/wp-content\/uploads\/2022\/07\/WhatsApp-Image-2022-08-10-at-09.59.46-510x510.jpeg 510w, https:\/\/qualibee.com.br\/wp-content\/uploads\/2022\/07\/WhatsApp-Image-2022-08-10-at-09.59.46-1024x1024.jpeg 1024w, https:\/\/qualibee.com.br\/wp-content\/uploads\/2022\/07\/WhatsApp-Image-2022-08-10-at-09.59.46-150x150.jpeg 150w, https:\/\/qualibee.com.br\/wp-content\/uploads\/2022\/07\/WhatsApp-Image-2022-08-10-at-09.59.46-768x768.jpeg 768w, https:\/\/qualibee.com.br\/wp-content\/uploads\/2022\/07\/WhatsApp-Image-2022-08-10-at-09.59.46-600x600.jpeg 600w, https:\/\/qualibee.com.br\/wp-content\/uploads\/2022\/07\/WhatsApp-Image-2022-08-10-at-09.59.46.jpeg 1080w\" sizes=\"(max-width: 300px) 100vw, 300px\" \/>  \t\t\t\t\t\t\t  \t\t\t\t\t\t\t  \t\t\t\t\t\t<\/div>\n  \t\t\t\t\t\t  \t\t\t\t\t<\/div>\n          \t\t\t\t\t<div class=\"box-text text-center\" >\n\t\t\t\t\t<div class=\"box-text-inner blog-post-inner\">\n\n\t\t\t\t\t\n\t\t\t\t\t\t\t\t\t\t<h5 class=\"post-title is-large \">Facilmente atra\u00eddos por por queijos de ovelha<\/h5>\n\t\t\t\t\t\t\t\t\t\t<div class=\"is-divider\"><\/div>\n\t\t\t\t\t\t\t\t\t\t<p class=\"from_the_blog_excerpt show-on-hover hover-fade\">Aqui na Qualib\u00e9\u00e9 todos somos apaixonados por queijos de ovelha! ???? Se voc\u00ea tamb\u00e9m faz [...]\t\t\t\t\t<\/p>\n\t\t\t\t\t                    \n\t\t\t\t\t\n\t\t\t\t\t\n\t\t\t\t\t<\/div>\n\t\t\t\t\t<\/div>\n\t\t\t\t\t\t\t\t\t<\/div>\n\t\t\t\t<\/a>\n\t\t\t<\/div>\n\t\t<\/div><\/div>\n\t\t<\/div>\n\n\t\t\n<style>\n#section_1947251539 {\n  padding-top: 30px;\n  padding-bottom: 30px;\n}\n#section_1947251539 .ux-shape-divider--top svg {\n  height: 150px;\n  --divider-top-width: 100%;\n}\n#section_1947251539 .ux-shape-divider--bottom svg {\n  height: 150px;\n  --divider-width: 100%;\n}\n<\/style>\n\t<\/section>\n\t\n","protected":false},"excerpt":{"rendered":"","protected":false},"author":2,"featured_media":0,"parent":0,"menu_order":0,"comment_status":"closed","ping_status":"closed","template":"page-blank.php","meta":{"footnotes":""},"class_list":["post-577","page","type-page","status-publish","hentry"],"_links":{"self":[{"href":"https:\/\/qualibee.com.br\/index.php\/wp-json\/wp\/v2\/pages\/577","targetHints":{"allow":["GET"]}}],"collection":[{"href":"https:\/\/qualibee.com.br\/index.php\/wp-json\/wp\/v2\/pages"}],"about":[{"href":"https:\/\/qualibee.com.br\/index.php\/wp-json\/wp\/v2\/types\/page"}],"author":[{"embeddable":true,"href":"https:\/\/qualibee.com.br\/index.php\/wp-json\/wp\/v2\/users\/2"}],"replies":[{"embeddable":true,"href":"https:\/\/qualibee.com.br\/index.php\/wp-json\/wp\/v2\/comments?post=577"}],"version-history":[{"count":3,"href":"https:\/\/qualibee.com.br\/index.php\/wp-json\/wp\/v2\/pages\/577\/revisions"}],"predecessor-version":[{"id":600,"href":"https:\/\/qualibee.com.br\/index.php\/wp-json\/wp\/v2\/pages\/577\/revisions\/600"}],"wp:attachment":[{"href":"https:\/\/qualibee.com.br\/index.php\/wp-json\/wp\/v2\/media?parent=577"}],"curies":[{"name":"wp","href":"https:\/\/api.w.org\/{rel}","templated":true}]}}