{"id":70,"date":"2022-08-09T14:47:49","date_gmt":"2022-08-09T17:47:49","guid":{"rendered":"https:\/\/qualibee.com.br\/?page_id=70"},"modified":"2024-04-09T14:42:26","modified_gmt":"2024-04-09T17:42:26","slug":"caprinocultura-leiteira","status":"publish","type":"page","link":"https:\/\/qualibee.com.br\/index.php\/caprinocultura-leiteira\/","title":{"rendered":"Ovinocultura Leiteira"},"content":{"rendered":"\t<div id=\"gap-1569720476\" class=\"gap-element clearfix\" style=\"display:block; height:auto;\">\n\t\t\n<style>\n#gap-1569720476 {\n  padding-top: 43px;\n}\n<\/style>\n\t<\/div>\n\t\n<div class=\"row row-collapse row-dashed\"  id=\"row-514503717\">\n\n\t<div id=\"col-811428771\" class=\"col medium-6 small-12 large-6\"  data-animate=\"fadeInLeft\">\n\t\t\t\t<div class=\"col-inner text-right\"  >\n\t\t\t\n\t\t\t\n\t<div class=\"img has-hover x md-x lg-x y md-y lg-y\" id=\"image_632191595\">\n\t\t\t\t\t\t\t\t<div class=\"img-inner image-zoom dark\" >\n\t\t\t<img decoding=\"async\" width=\"1020\" height=\"870\" src=\"https:\/\/qualibee.com.br\/wp-content\/uploads\/2024\/04\/banner5-2-1024x873.png\" class=\"attachment-large size-large\" alt=\"\" srcset=\"https:\/\/qualibee.com.br\/wp-content\/uploads\/2024\/04\/banner5-2-1024x873.png 1024w, https:\/\/qualibee.com.br\/wp-content\/uploads\/2024\/04\/banner5-2-510x435.png 510w, https:\/\/qualibee.com.br\/wp-content\/uploads\/2024\/04\/banner5-2-300x256.png 300w, https:\/\/qualibee.com.br\/wp-content\/uploads\/2024\/04\/banner5-2-768x655.png 768w, https:\/\/qualibee.com.br\/wp-content\/uploads\/2024\/04\/banner5-2.png 1270w\" sizes=\"(max-width: 1020px) 100vw, 1020px\" \/>\t\t\t\t\t\t\n\t\t\t\t\t<\/div>\n\t\t\t\t\t\t\t\t\n<style>\n#image_632191595 {\n  width: 100%;\n}\n<\/style>\n\t<\/div>\n\t\n\t\t<\/div>\n\t\t\t\t\t<\/div>\n\n\t\n\n\t<div id=\"col-196478065\" class=\"col medium-6 small-12 large-6\"  data-animate=\"fadeInRight\">\n\t\t\t\t<div class=\"col-inner\"  >\n\t\t\t\n\t\t\t\n\t<div id=\"text-2005652416\" class=\"text\">\n\t\t\n<h2>Ovinocultura Leiteira<\/h2>\n\t\t\n<style>\n#text-2005652416 {\n  font-size: 1.5rem;\n  color: #024959;\n}\n#text-2005652416 > * {\n  color: #024959;\n}\n<\/style>\n\t<\/div>\n\t\n\t<div id=\"text-2315615261\" class=\"text\">\n\t\t\n<p style=\"text-align: justify;\">O leite ovino \u00e9 um produto de elevado valor nutricional, podendo apresentar o dobro de gordura e prote\u00edna que o leite de vaca e cabra. Em s\u00edntese, sua constitui\u00e7\u00e3o \u00e9 caracter\u00edstica importante na fabrica\u00e7\u00e3o de produtos l\u00e1cteos, como iogurtes e queijos de texturas e sabores espec\u00edficos, conferindo-lhes altos valores de mercado. O seu rendimento m\u00e9dio para produ\u00e7\u00e3o de queijos \u00e9 aproximadamente 5 kg de leite para 1 kg de queijo produzido. O retorno financeiro com a produ\u00e7\u00e3o de cordeiros tamb\u00e9m deve ser considerado. A ovelha leiteira tamb\u00e9m tem sido respons\u00e1vel por produ\u00e7\u00e3o de animais de boa composi\u00e7\u00e3o de carca\u00e7a dos cordeiros, devido ao melhoramento gen\u00e9tico em busca de melhor produ\u00e7\u00e3o de leite e composi\u00e7\u00e3o de carca\u00e7a.<\/p>\n\t\t\n<style>\n#text-2315615261 {\n  font-size: 1rem;\n  color: rgb(0, 0, 0);\n}\n#text-2315615261 > * {\n  color: rgb(0, 0, 0);\n}\n<\/style>\n\t<\/div>\n\t\n\t\t<\/div>\n\t\t\t\t\t<\/div>\n\n\t\n<\/div>\n<div class=\"row row-collapse row-dashed\"  id=\"row-1519236459\">\n\n\t<div id=\"col-1903733221\" class=\"col medium-6 small-12 large-6\"  data-animate=\"fadeInLeft\">\n\t\t\t\t<div class=\"col-inner\"  >\n\t\t\t\n\t\t\t\n\t<div id=\"text-952238413\" class=\"text\">\n\t\t\n<p style=\"text-align: justify;\">O desenvolvimento de um programa de qualidade do leite de ovelha da Qualib\u00e9\u00e9, passa necessariamente pelo monitoramento constante do teor de s\u00f3lidos e da qualidade sanit\u00e1ria do sistema.<br \/>Al\u00e9m do conhecimento da produ\u00e7\u00e3o de leite de cada ovelha no rebanho, \u00e9 fundamental entender a influ\u00eancia dos procedimentos empregados sobre a produ\u00e7\u00e3o de gordura e prote\u00edna do produto.<br \/>O investimento do produtor em animais especializados na produ\u00e7\u00e3o de leite deve ser acompanhado de perto pela assist\u00eancia t\u00e9cnica atrav\u00e9s do controle de produ\u00e7\u00e3o e sanidade dos animais e a ado\u00e7\u00e3o de manejos e planos nutricionais adequados que atendam os objetivos comerciais da produ\u00e7\u00e3o.Dessa forma garantiremos a efici\u00eancia produtiva e o todo o potencial produtivo do rebanho ser\u00e1 alcan\u00e7ado.<\/p>\n\t\t\n<style>\n#text-952238413 {\n  font-size: 1rem;\n  text-align: right;\n  color: rgb(0, 0, 0);\n}\n#text-952238413 > * {\n  color: rgb(0, 0, 0);\n}\n<\/style>\n\t<\/div>\n\t\n\t\t<\/div>\n\t\t\t\t\t<\/div>\n\n\t\n\n\t<div id=\"col-1192101517\" class=\"col medium-6 small-12 large-6\"  data-animate=\"fadeInRight\">\n\t\t\t\t<div class=\"col-inner\"  >\n\t\t\t\n\t\t\t\n\t<div class=\"img has-hover x md-x lg-x y md-y lg-y\" id=\"image_186922171\">\n\t\t\t\t\t\t\t\t<div class=\"img-inner image-zoom image-cover dark\" style=\"padding-top:85%;\">\n\t\t\t<img decoding=\"async\" width=\"1020\" height=\"870\" src=\"https:\/\/qualibee.com.br\/wp-content\/uploads\/2024\/04\/banner7-1024x873.png\" class=\"attachment-large size-large\" alt=\"\" srcset=\"https:\/\/qualibee.com.br\/wp-content\/uploads\/2024\/04\/banner7-1024x873.png 1024w, https:\/\/qualibee.com.br\/wp-content\/uploads\/2024\/04\/banner7-510x435.png 510w, https:\/\/qualibee.com.br\/wp-content\/uploads\/2024\/04\/banner7-300x256.png 300w, https:\/\/qualibee.com.br\/wp-content\/uploads\/2024\/04\/banner7-768x655.png 768w, https:\/\/qualibee.com.br\/wp-content\/uploads\/2024\/04\/banner7.png 1270w\" sizes=\"(max-width: 1020px) 100vw, 1020px\" \/>\t\t\t\t\t\t\n\t\t\t\t\t<\/div>\n\t\t\t\t\t\t\t\t\n<style>\n#image_186922171 {\n  width: 100%;\n}\n<\/style>\n\t<\/div>\n\t\n\t\t<\/div>\n\t\t\t\t\t<\/div>\n\n\t\n<\/div>\n\t<div id=\"gap-1922188753\" class=\"gap-element clearfix\" style=\"display:block; height:auto;\">\n\t\t\n<style>\n#gap-1922188753 {\n  padding-top: 52px;\n}\n<\/style>\n\t<\/div>\n\t\n","protected":false},"excerpt":{"rendered":"","protected":false},"author":2,"featured_media":0,"parent":0,"menu_order":0,"comment_status":"closed","ping_status":"closed","template":"page-blank.php","meta":{"footnotes":""},"class_list":["post-70","page","type-page","status-publish","hentry"],"_links":{"self":[{"href":"https:\/\/qualibee.com.br\/index.php\/wp-json\/wp\/v2\/pages\/70","targetHints":{"allow":["GET"]}}],"collection":[{"href":"https:\/\/qualibee.com.br\/index.php\/wp-json\/wp\/v2\/pages"}],"about":[{"href":"https:\/\/qualibee.com.br\/index.php\/wp-json\/wp\/v2\/types\/page"}],"author":[{"embeddable":true,"href":"https:\/\/qualibee.com.br\/index.php\/wp-json\/wp\/v2\/users\/2"}],"replies":[{"embeddable":true,"href":"https:\/\/qualibee.com.br\/index.php\/wp-json\/wp\/v2\/comments?post=70"}],"version-history":[{"count":13,"href":"https:\/\/qualibee.com.br\/index.php\/wp-json\/wp\/v2\/pages\/70\/revisions"}],"predecessor-version":[{"id":793,"href":"https:\/\/qualibee.com.br\/index.php\/wp-json\/wp\/v2\/pages\/70\/revisions\/793"}],"wp:attachment":[{"href":"https:\/\/qualibee.com.br\/index.php\/wp-json\/wp\/v2\/media?parent=70"}],"curies":[{"name":"wp","href":"https:\/\/api.w.org\/{rel}","templated":true}]}}