{"id":73,"date":"2022-08-09T14:58:22","date_gmt":"2022-08-09T17:58:22","guid":{"rendered":"https:\/\/qualibee.com.br\/?page_id=73"},"modified":"2024-04-09T14:38:38","modified_gmt":"2024-04-09T17:38:38","slug":"ovinocultura-leiteira","status":"publish","type":"page","link":"https:\/\/qualibee.com.br\/index.php\/ovinocultura-leiteira\/","title":{"rendered":"Caprinocultura Leiteira"},"content":{"rendered":"<div class=\"row row-collapse row-full-width\"  id=\"row-15474304\">\n\n\t<div id=\"col-101945813\" class=\"col small-12 large-12\"  >\n\t\t\t\t<div class=\"col-inner\"  >\n\t\t\t\n\t\t\t\n\t<div id=\"gap-302987956\" class=\"gap-element clearfix\" style=\"display:block; height:auto;\">\n\t\t\n<style>\n#gap-302987956 {\n  padding-top: 47px;\n}\n<\/style>\n\t<\/div>\n\t\n<div class=\"row row-collapse row-dashed\"  id=\"row-1582827605\">\n\n\t<div id=\"col-73391386\" class=\"col medium-6 small-12 large-6\"  data-animate=\"fadeInLeft\">\n\t\t\t\t<div class=\"col-inner text-right\"  >\n\t\t\t\n\t\t\t\n\t<div class=\"img has-hover x md-x lg-x y md-y lg-y\" id=\"image_204282431\">\n\t\t\t\t\t\t\t\t<div class=\"img-inner image-cover dark\" style=\"padding-top:97%;\">\n\t\t\t<img decoding=\"async\" width=\"1020\" height=\"973\" src=\"https:\/\/qualibee.com.br\/wp-content\/uploads\/2024\/04\/banner4-2-1024x977.png\" class=\"attachment-large size-large\" alt=\"\" srcset=\"https:\/\/qualibee.com.br\/wp-content\/uploads\/2024\/04\/banner4-2-1024x977.png 1024w, https:\/\/qualibee.com.br\/wp-content\/uploads\/2024\/04\/banner4-2-510x487.png 510w, https:\/\/qualibee.com.br\/wp-content\/uploads\/2024\/04\/banner4-2-300x286.png 300w, https:\/\/qualibee.com.br\/wp-content\/uploads\/2024\/04\/banner4-2-768x733.png 768w, https:\/\/qualibee.com.br\/wp-content\/uploads\/2024\/04\/banner4-2.png 1305w\" sizes=\"(max-width: 1020px) 100vw, 1020px\" \/>\t\t\t\t\t\t\n\t\t\t\t\t<\/div>\n\t\t\t\t\t\t\t\t\n<style>\n#image_204282431 {\n  width: 100%;\n}\n<\/style>\n\t<\/div>\n\t\n\t\t<\/div>\n\t\t\t\t\t<\/div>\n\n\t\n\n\t<div id=\"col-1952818461\" class=\"col medium-6 small-12 large-6\"  data-animate=\"fadeInRight\">\n\t\t\t\t<div class=\"col-inner\"  >\n\t\t\t\n\t\t\t\n\t<div id=\"text-1688881619\" class=\"text\">\n\t\t\n<h2>Caprinocultura Leiteira<\/h2>\n\t\t\n<style>\n#text-1688881619 {\n  font-size: 1.5rem;\n  text-align: left;\n  color: #024959;\n}\n#text-1688881619 > * {\n  color: #024959;\n}\n<\/style>\n\t<\/div>\n\t\n\t<div id=\"text-2012404007\" class=\"text\">\n\t\t\n<p style=\"text-align: justify;\">A Caprinocultura leiteira, possui expressiva import\u00e2ncia para cen\u00e1rio agropecu\u00e1rio brasileiro. Programas de incentivo do governo, assim como o crescimento do consumo do leite e seus derivados promovem a expans\u00e3o da cria\u00e7\u00e3o de cabras leiteiras especializadas no territ\u00f3rio brasileiro. <br \/>O leite caprino \u00e9 comercializado como leite fluido e tamb\u00e9m \u00e9 mat\u00e9ria prima para fabrica\u00e7\u00e3o de queijos finos, iogurte, cosm\u00e9ticos e \u00e9 recomendado como substituto ao consumo de leite de vaca para pessoas intolerantes a lactose e a case\u00edna desta esp\u00e9cie. As cabras apresentam alta capacidade seletiva dos alimentos, o que proporciona melhor aproveitamento da dieta e excelente efici\u00eancia em produ\u00e7\u00e3o de leite.<br \/>Para obter sucesso na caprinocultura leiteira o produtor rural tem a necessidade de manter em seu rebanho cabras cada vez mais eficientes na produ\u00e7\u00e3o.<\/p>\n\t\t\n<style>\n#text-2012404007 {\n  font-size: 1rem;\n  color: rgb(0,0,0);\n}\n#text-2012404007 > * {\n  color: rgb(0,0,0);\n}\n<\/style>\n\t<\/div>\n\t\n\t\t<\/div>\n\t\t\t\t\t<\/div>\n\n\t\n<\/div>\n\t\t<\/div>\n\t\t\t\t\t<\/div>\n\n\t\n\n\t<div id=\"col-516488227\" class=\"col small-12 large-12\"  >\n\t\t\t\t<div class=\"col-inner\"  >\n\t\t\t\n\t\t\t\n<div class=\"row row-collapse row-dashed\"  id=\"row-442069346\">\n\n\t<div id=\"col-1585431447\" class=\"col medium-6 small-12 large-6\"  data-animate=\"fadeInLeft\">\n\t\t\t\t<div class=\"col-inner\"  >\n\t\t\t\n\t\t\t\n\t<div id=\"text-1635951512\" class=\"text\">\n\t\t\n<p style=\"text-align: justify;\">Para isso \u00e9 necess\u00e1rio conhecer a produ\u00e7\u00e3o individual dos animais e estabelecer programas de evolu\u00e7\u00e3o produtiva do rebanho.<br \/>O desenvolvimento de programas de nutri\u00e7\u00e3o, reprodu\u00e7\u00e3o e monitoramento da qualidade do leite s\u00e3o ferramentas essenciais para que a assist\u00eancia t\u00e9cnica da Qualib\u00e9\u00e9 possa garantir ao caprinocultor que o sistema produtivo alcance todo o seu potencial.<br \/>Atrav\u00e9s do trabalho em conjunto de t\u00e9cnicos e produtores podemos conhecer as potencialidades do sistema e estabelecer procedimentos que aumente a efici\u00eancia produtiva e a lucratividade do sistema, e assim garantiremos uma escala de produ\u00e7\u00e3o sustent\u00e1vel.<\/p>\n\t\t\n<style>\n#text-1635951512 {\n  font-size: 1rem;\n  text-align: right;\n  color: rgb(0,0,0);\n}\n#text-1635951512 > * {\n  color: rgb(0,0,0);\n}\n<\/style>\n\t<\/div>\n\t\n\t\t<\/div>\n\t\t\t\t\t<\/div>\n\n\t\n\n\t<div id=\"col-307117223\" class=\"col medium-6 small-12 large-6\"  data-animate=\"fadeInRight\">\n\t\t\t\t<div class=\"col-inner\"  >\n\t\t\t\n\t\t\t\n\t<div class=\"img has-hover x md-x lg-x y md-y lg-y\" id=\"image_1069993053\">\n\t\t\t\t\t\t\t\t<div class=\"img-inner image-cover dark\" style=\"padding-top:67%;\">\n\t\t\t<img decoding=\"async\" width=\"1020\" height=\"1020\" src=\"https:\/\/qualibee.com.br\/wp-content\/uploads\/2022\/08\/IMG_20220224_092021-1024x1024.jpg\" class=\"attachment-large size-large\" alt=\"\" srcset=\"https:\/\/qualibee.com.br\/wp-content\/uploads\/2022\/08\/IMG_20220224_092021-1024x1024.jpg 1024w, https:\/\/qualibee.com.br\/wp-content\/uploads\/2022\/08\/IMG_20220224_092021-100x100.jpg 100w, https:\/\/qualibee.com.br\/wp-content\/uploads\/2022\/08\/IMG_20220224_092021-scaled-510x510.jpg 510w, https:\/\/qualibee.com.br\/wp-content\/uploads\/2022\/08\/IMG_20220224_092021-300x300.jpg 300w, https:\/\/qualibee.com.br\/wp-content\/uploads\/2022\/08\/IMG_20220224_092021-150x150.jpg 150w, https:\/\/qualibee.com.br\/wp-content\/uploads\/2022\/08\/IMG_20220224_092021-768x768.jpg 768w, https:\/\/qualibee.com.br\/wp-content\/uploads\/2022\/08\/IMG_20220224_092021-1536x1536.jpg 1536w, https:\/\/qualibee.com.br\/wp-content\/uploads\/2022\/08\/IMG_20220224_092021-2048x2048.jpg 2048w, https:\/\/qualibee.com.br\/wp-content\/uploads\/2022\/08\/IMG_20220224_092021-600x600.jpg 600w\" sizes=\"(max-width: 1020px) 100vw, 1020px\" \/>\t\t\t\t\t\t\n\t\t\t\t\t<\/div>\n\t\t\t\t\t\t\t\t\n<style>\n#image_1069993053 {\n  width: 100%;\n}\n<\/style>\n\t<\/div>\n\t\n\t\t<\/div>\n\t\t\t\t\t<\/div>\n\n\t\n<\/div>\n\t<div id=\"gap-1718116077\" class=\"gap-element clearfix\" style=\"display:block; height:auto;\">\n\t\t\n<style>\n#gap-1718116077 {\n  padding-top: 50px;\n}\n<\/style>\n\t<\/div>\n\t\n\t\t<\/div>\n\t\t\t\t\t<\/div>\n\n\t\n<\/div>\n","protected":false},"excerpt":{"rendered":"","protected":false},"author":2,"featured_media":0,"parent":0,"menu_order":0,"comment_status":"closed","ping_status":"closed","template":"page-blank.php","meta":{"footnotes":""},"class_list":["post-73","page","type-page","status-publish","hentry"],"_links":{"self":[{"href":"https:\/\/qualibee.com.br\/index.php\/wp-json\/wp\/v2\/pages\/73","targetHints":{"allow":["GET"]}}],"collection":[{"href":"https:\/\/qualibee.com.br\/index.php\/wp-json\/wp\/v2\/pages"}],"about":[{"href":"https:\/\/qualibee.com.br\/index.php\/wp-json\/wp\/v2\/types\/page"}],"author":[{"embeddable":true,"href":"https:\/\/qualibee.com.br\/index.php\/wp-json\/wp\/v2\/users\/2"}],"replies":[{"embeddable":true,"href":"https:\/\/qualibee.com.br\/index.php\/wp-json\/wp\/v2\/comments?post=73"}],"version-history":[{"count":16,"href":"https:\/\/qualibee.com.br\/index.php\/wp-json\/wp\/v2\/pages\/73\/revisions"}],"predecessor-version":[{"id":790,"href":"https:\/\/qualibee.com.br\/index.php\/wp-json\/wp\/v2\/pages\/73\/revisions\/790"}],"wp:attachment":[{"href":"https:\/\/qualibee.com.br\/index.php\/wp-json\/wp\/v2\/media?parent=73"}],"curies":[{"name":"wp","href":"https:\/\/api.w.org\/{rel}","templated":true}]}}