{"id":76,"date":"2022-08-09T14:59:10","date_gmt":"2022-08-09T17:59:10","guid":{"rendered":"https:\/\/qualibee.com.br\/?page_id=76"},"modified":"2024-04-09T14:34:30","modified_gmt":"2024-04-09T17:34:30","slug":"alternativa-para-o-agronegocio","status":"publish","type":"page","link":"https:\/\/qualibee.com.br\/index.php\/alternativa-para-o-agronegocio\/","title":{"rendered":"Alternativa para o agroneg\u00f3cio"},"content":{"rendered":"<div class=\"row row-collapse row-full-width\"  id=\"row-281055283\">\n\n\t<div id=\"col-970457667\" class=\"col small-12 large-12\"  >\n\t\t\t\t<div class=\"col-inner\"  >\n\t\t\t\n\t\t\t\n\t<div id=\"gap-1336648653\" class=\"gap-element clearfix\" style=\"display:block; height:auto;\">\n\t\t\n<style>\n#gap-1336648653 {\n  padding-top: 42px;\n}\n<\/style>\n\t<\/div>\n\t\n<div class=\"row row-collapse row-dashed\"  id=\"row-1333338724\">\n\n\t<div id=\"col-112868404\" class=\"col medium-6 small-12 large-6\"  data-animate=\"fadeInLeft\">\n\t\t\t\t<div class=\"col-inner text-right\"  >\n\t\t\t\n\t\t\t\n\t<div id=\"text-1647019089\" class=\"text\">\n\t\t\n<h2>Ovinocaprinocultura leiteira como alternativa para o agroneg\u00f3cio<\/h2>\n\t\t\n<style>\n#text-1647019089 {\n  font-size: 1.2rem;\n  text-align: right;\n  color: #024959;\n}\n#text-1647019089 > * {\n  color: #024959;\n}\n<\/style>\n\t<\/div>\n\t\n\t<div class=\"img has-hover x md-x lg-x y md-y lg-y\" id=\"image_1985345914\">\n\t\t\t\t\t\t\t\t<div class=\"img-inner image-cover dark\" style=\"padding-top:100%;\">\n\t\t\t<img decoding=\"async\" width=\"1020\" height=\"973\" src=\"https:\/\/qualibee.com.br\/wp-content\/uploads\/2024\/04\/banner-1024x977.png\" class=\"attachment-large size-large\" alt=\"\" srcset=\"https:\/\/qualibee.com.br\/wp-content\/uploads\/2024\/04\/banner-1024x977.png 1024w, https:\/\/qualibee.com.br\/wp-content\/uploads\/2024\/04\/banner-510x487.png 510w, https:\/\/qualibee.com.br\/wp-content\/uploads\/2024\/04\/banner-300x286.png 300w, https:\/\/qualibee.com.br\/wp-content\/uploads\/2024\/04\/banner-768x733.png 768w, https:\/\/qualibee.com.br\/wp-content\/uploads\/2024\/04\/banner.png 1305w\" sizes=\"(max-width: 1020px) 100vw, 1020px\" \/>\t\t\t\t\t\t\n\t\t\t\t\t<\/div>\n\t\t\t\t\t\t\t\t\n<style>\n#image_1985345914 {\n  width: 100%;\n}\n<\/style>\n\t<\/div>\n\t\n\t\t<\/div>\n\t\t\t\t\t<\/div>\n\n\t\n\n\t<div id=\"col-1483267987\" class=\"col medium-6 small-12 large-6\"  data-animate=\"fadeInRight\">\n\t\t\t\t<div class=\"col-inner\"  >\n\t\t\t\n\t\t\t\n\t<div id=\"gap-1894969509\" class=\"gap-element clearfix\" style=\"display:block; height:auto;\">\n\t\t\n<style>\n#gap-1894969509 {\n  padding-top: 81px;\n}\n<\/style>\n\t<\/div>\n\t\n\t<div id=\"text-2436901232\" class=\"text\">\n\t\t\n<p style=\"text-align: justify;\">A cria\u00e7\u00e3o de pequenos ruminantes leiteiros apresenta um grande potencial de desenvolvimento no contexto da pecu\u00e1ria brasileira. A atividade apresenta in\u00fameras vantagens como: facilidade no manejo dos animais; excelente capacidade de adapta\u00e7\u00e3o a diferentes cen\u00e1rios; possibilidade de produ\u00e7\u00e3o em \u00e1reas menores; curto ciclo reprodutivo; alto retorno financeiro; baixo custo de implanta\u00e7\u00e3o do sistema. Por isso, a ovinocaprinocultura leiteira chama aten\u00e7\u00e3o como alternativa sustent\u00e1vel, compat\u00edvel com pequenos, m\u00e9dios e grandes produtores, podendo ser uma atividade socioecon\u00f4mica promissora para o agroneg\u00f3cio.<br \/>Por ser respons\u00e1vel pela fabrica\u00e7\u00e3o de produtos de alta qualidade nutricional e de sabores e texturas diferenciados, os produtos \u00e0 base de leite de pequenos ruminantes tamb\u00e9m possuem alto valor agregado.<br \/>Por ser respons\u00e1vel pela fabrica\u00e7\u00e3o de produtos de alta qualidade nutricional e de sabores e texturas diferenciados, os produtos \u00e0 base de leite de pequenos ruminantes tamb\u00e9m possuem alto valor agregado.<br \/>A crescente exig\u00eancia do consumidor final por produtos de diferenciados, faz com que a qualidade do produto entregue ao mercado seja fator fundamental para a expans\u00e3o da atividade.<\/p>\n\t\t\n<style>\n#text-2436901232 {\n  font-size: 1rem;\n  color: rgb(0,0,0);\n}\n#text-2436901232 > * {\n  color: rgb(0,0,0);\n}\n<\/style>\n\t<\/div>\n\t\n\t\t<\/div>\n\t\t\t\t\t<\/div>\n\n\t\n<\/div>\n\t\t<\/div>\n\t\t\t\t\t<\/div>\n\n\t\n\n\t<div id=\"col-1118653032\" class=\"col small-12 large-12\"  >\n\t\t\t\t<div class=\"col-inner\"  >\n\t\t\t\n\t\t\t\n<div class=\"row row-collapse row-dashed\"  id=\"row-2056020630\">\n\n\t<div id=\"col-725656650\" class=\"col medium-6 small-12 large-6\"  data-animate=\"fadeInLeft\">\n\t\t\t\t<div class=\"col-inner\"  >\n\t\t\t\n\t\t\t\n\t<div id=\"text-4126162809\" class=\"text\">\n\t\t\n<p style=\"text-align: justify;\">Por isso para se atingir todo o potencial da produ\u00e7\u00e3o leiteira de cabra e ovelha \u00e9 necess\u00e1rio se conhecer o potencial produtivo da propriedade rural para realizar um gerenciamento de processos e criar eficientes procedimentos de manejo produtivo e controle de qualidade do leite.<br \/>Para a <strong>Qualib\u00e9\u00e9<\/strong>, conhecer a produ\u00e7\u00e3o e planejar estrat\u00e9gias para a melhoria progressiva da produ\u00e7\u00e3o e da qualidade do leite al\u00e9m de abrir novas possibilidades de mercado ao produtor rural, \u00e9 ferramenta essencial para que se evite perdas produtivas e melhore a efici\u00eancia de produ\u00e7\u00e3o do sistema. Ou seja, aumentar a produ\u00e7\u00e3o por animal e consequentemente a lucratividade da propriedade. Por isso o processo de desenvolvimento da ovinocaprinocultura leiteira \u00e9 dependente de um trabalho conjunto entre t\u00e9cnicos, acad\u00eamicos, empresas e produtores rurais. S\u00f3 assim criaremos juntos ferramentas funcionais e eficientes para atingir todo o potencial produtivo dos pequenos ruminantes.<\/p>\n\t\t\n<style>\n#text-4126162809 {\n  font-size: 1rem;\n  text-align: right;\n  color: rgb(0,0,0);\n}\n#text-4126162809 > * {\n  color: rgb(0,0,0);\n}\n<\/style>\n\t<\/div>\n\t\n\t\t<\/div>\n\t\t\t\t\t<\/div>\n\n\t\n\n\t<div id=\"col-1751789409\" class=\"col medium-6 small-12 large-6\"  data-animate=\"fadeInRight\">\n\t\t\t\t<div class=\"col-inner\"  >\n\t\t\t\n\t\t\t\n\t<div class=\"img has-hover x md-x lg-x y md-y lg-y\" id=\"image_1976314077\">\n\t\t\t\t\t\t\t\t<div class=\"img-inner image-cover dark\" style=\"padding-top:94%;\">\n\t\t\t<img decoding=\"async\" width=\"1020\" height=\"973\" src=\"https:\/\/qualibee.com.br\/wp-content\/uploads\/2024\/04\/banner2-3-1024x977.png\" class=\"attachment-large size-large\" alt=\"\" srcset=\"https:\/\/qualibee.com.br\/wp-content\/uploads\/2024\/04\/banner2-3-1024x977.png 1024w, https:\/\/qualibee.com.br\/wp-content\/uploads\/2024\/04\/banner2-3-510x487.png 510w, https:\/\/qualibee.com.br\/wp-content\/uploads\/2024\/04\/banner2-3-300x286.png 300w, https:\/\/qualibee.com.br\/wp-content\/uploads\/2024\/04\/banner2-3-768x733.png 768w, https:\/\/qualibee.com.br\/wp-content\/uploads\/2024\/04\/banner2-3.png 1305w\" sizes=\"(max-width: 1020px) 100vw, 1020px\" \/>\t\t\t\t\t\t\n\t\t\t\t\t<\/div>\n\t\t\t\t\t\t\t\t\n<style>\n#image_1976314077 {\n  width: 100%;\n}\n<\/style>\n\t<\/div>\n\t\n\t\t<\/div>\n\t\t\t\t\t<\/div>\n\n\t\n<\/div>\n\t\t<\/div>\n\t\t\t\t\t<\/div>\n\n\t\n<\/div>\n\t<div id=\"gap-1443030095\" class=\"gap-element clearfix\" style=\"display:block; height:auto;\">\n\t\t\n<style>\n#gap-1443030095 {\n  padding-top: 42px;\n}\n<\/style>\n\t<\/div>\n\t\n","protected":false},"excerpt":{"rendered":"","protected":false},"author":2,"featured_media":0,"parent":0,"menu_order":0,"comment_status":"closed","ping_status":"closed","template":"page-blank.php","meta":{"footnotes":""},"class_list":["post-76","page","type-page","status-publish","hentry"],"_links":{"self":[{"href":"https:\/\/qualibee.com.br\/index.php\/wp-json\/wp\/v2\/pages\/76","targetHints":{"allow":["GET"]}}],"collection":[{"href":"https:\/\/qualibee.com.br\/index.php\/wp-json\/wp\/v2\/pages"}],"about":[{"href":"https:\/\/qualibee.com.br\/index.php\/wp-json\/wp\/v2\/types\/page"}],"author":[{"embeddable":true,"href":"https:\/\/qualibee.com.br\/index.php\/wp-json\/wp\/v2\/users\/2"}],"replies":[{"embeddable":true,"href":"https:\/\/qualibee.com.br\/index.php\/wp-json\/wp\/v2\/comments?post=76"}],"version-history":[{"count":11,"href":"https:\/\/qualibee.com.br\/index.php\/wp-json\/wp\/v2\/pages\/76\/revisions"}],"predecessor-version":[{"id":787,"href":"https:\/\/qualibee.com.br\/index.php\/wp-json\/wp\/v2\/pages\/76\/revisions\/787"}],"wp:attachment":[{"href":"https:\/\/qualibee.com.br\/index.php\/wp-json\/wp\/v2\/media?parent=76"}],"curies":[{"name":"wp","href":"https:\/\/api.w.org\/{rel}","templated":true}]}}