{"id":982,"date":"2024-09-17T14:26:06","date_gmt":"2024-09-17T17:26:06","guid":{"rendered":"https:\/\/qualibee.com.br\/?page_id=982"},"modified":"2025-02-15T14:48:38","modified_gmt":"2025-02-15T17:48:38","slug":"planos-de-consultoria-tecnica-novos-empreendedores-rurais","status":"publish","type":"page","link":"https:\/\/qualibee.com.br\/index.php\/planos-de-consultoria-tecnica-novos-empreendedores-rurais\/","title":{"rendered":"Novos Empreendedores Rurais"},"content":{"rendered":"\t<section class=\"section\" id=\"section_434721189\">\n\t\t<div class=\"bg section-bg fill bg-fill  bg-loaded\" >\n\n\t\t\t\n\t\t\t<div class=\"section-bg-overlay absolute fill\"><\/div>\n\t\t\t\n\n\t\t<\/div>\n\n\t\t\n\n\t\t<div class=\"section-content relative\">\n\t\t\t\n<div class=\"row align-middle\"  id=\"row-498962559\">\n\n\t<div id=\"col-1153543906\" class=\"col medium-6 small-12 large-6\"  data-animate=\"bounceInLeft\">\n\t\t\t\t<div class=\"col-inner text-left\"  >\n\t\t\t\n\t\t\t\n\t<div id=\"text-3873922054\" class=\"text\">\n\t\t\n\t\t\n<style>\n#text-3873922054 {\n  font-size: 1.2rem;\n  line-height: 0.75;\n  text-align: center;\n  color: #024959;\n}\n#text-3873922054 > * {\n  color: #024959;\n}\n@media (min-width:850px) {\n  #text-3873922054 {\n    font-size: 1.2rem;\n  }\n}\n<\/style>\n\t<\/div>\n\t\n\t<div id=\"gap-1141964022\" class=\"gap-element clearfix\" style=\"display:block; height:auto;\">\n\t\t\n<style>\n#gap-1141964022 {\n  padding-top: 63px;\n}\n@media (min-width:550px) {\n  #gap-1141964022 {\n    padding-top: 79px;\n  }\n}\n<\/style>\n\t<\/div>\n\t\n\t<div id=\"text-3994157693\" class=\"text\">\n\t\t\n<h1>PLANOS DE CONSULTORIA PARA NOVOS EMPREEDEDORES<\/h1>\n\t\t\n<style>\n#text-3994157693 {\n  font-size: 1.13rem;\n  line-height: 2;\n  text-align: left;\n  color: #7c2f14;\n}\n#text-3994157693 > * {\n  color: #7c2f14;\n}\n<\/style>\n\t<\/div>\n\t\n\t<div id=\"text-2556920034\" class=\"text\">\n\t\t\n<div class=\"elementor-element elementor-element-12e2bbf elementor-widget elementor-widget-heading\" data-id=\"12e2bbf\" data-element_type=\"widget\" data-widget_type=\"heading.default\">\n<div class=\"elementor-widget-container\">\n<p class=\"elementor-heading-title elementor-size-default\">Planos de consultoria t\u00e9cnica adequados ao seu cen\u00e1rio, com especialistas para<br \/>orient\u00e1-lo na implementa\u00e7\u00e3o e no planejamento inicial do seu agroneg\u00f3cio.<\/p>\n<\/div>\n<\/div>\n\t\t\n<style>\n#text-2556920034 {\n  font-size: 1.25rem;\n  line-height: 1.3;\n  text-align: left;\n}\n<\/style>\n\t<\/div>\n\t\n\t<div id=\"text-3663448882\" class=\"text\">\n\t\t\n<p><span style=\"font-family: Arial, serif; font-size: 85%;\">Simula\u00e7\u00e3o do sistema de produ\u00e7\u00e3o, proje\u00e7\u00e3o de custos e receitas, e muito mais.<\/span><\/p>\n\t\t\n<style>\n#text-3663448882 {\n  font-size: 1.45rem;\n  line-height: 0.95;\n  text-align: left;\n}\n<\/style>\n\t<\/div>\n\t\n<a rel=\"noopener noreferrer\" href=\"https:\/\/wa.me\/553125285193\" target=\"_blank\" class=\"button success is-large box-shadow-2 expand\"  style=\"border-radius:99px;padding:0px 0px 0px 0px;\">\n    <span>Agende sua Reuni\u00e3o agora!<\/span>\n  <\/a>\n\n\t\t<\/div>\n\t\t\t\t\t<\/div>\n\n\t\n\n\t<div id=\"col-477903207\" class=\"col medium-6 small-12 large-6\"  >\n\t\t\t\t<div class=\"col-inner\"  >\n\t\t\t\n\t\t\t\n\t<div class=\"img has-hover x md-x lg-x y md-y lg-y\" id=\"image_1718356484\">\n\t\t\t\t\t\t\t\t<div class=\"img-inner image-cover dark\" style=\"padding-top:99%;margin:0px 0px -90px 0px;\">\n\t\t\t<img decoding=\"async\" width=\"819\" height=\"1024\" src=\"https:\/\/qualibee.com.br\/wp-content\/uploads\/2025\/01\/WhatsApp-Image-2025-01-23-at-08.54.02-819x1024.jpeg\" class=\"attachment-large size-large\" alt=\"\" srcset=\"https:\/\/qualibee.com.br\/wp-content\/uploads\/2025\/01\/WhatsApp-Image-2025-01-23-at-08.54.02-819x1024.jpeg 819w, https:\/\/qualibee.com.br\/wp-content\/uploads\/2025\/01\/WhatsApp-Image-2025-01-23-at-08.54.02-510x638.jpeg 510w, https:\/\/qualibee.com.br\/wp-content\/uploads\/2025\/01\/WhatsApp-Image-2025-01-23-at-08.54.02-240x300.jpeg 240w, https:\/\/qualibee.com.br\/wp-content\/uploads\/2025\/01\/WhatsApp-Image-2025-01-23-at-08.54.02-768x960.jpeg 768w, https:\/\/qualibee.com.br\/wp-content\/uploads\/2025\/01\/WhatsApp-Image-2025-01-23-at-08.54.02.jpeg 1024w\" sizes=\"(max-width: 819px) 100vw, 819px\" \/>\t\t\t\t\t\t\n\t\t\t\t\t<\/div>\n\t\t\t\t\t\t\t\t\n<style>\n#image_1718356484 {\n  width: 100%;\n}\n<\/style>\n\t<\/div>\n\t\n\t\t<\/div>\n\t\t\t\t\n<style>\n#col-477903207 > .col-inner {\n  padding: 0px 0px 0px 0px;\n  margin: 0px 0px -130px 0px;\n}\n@media (min-width:550px) {\n  #col-477903207 > .col-inner {\n    margin: 0px 0px -130px 0px;\n  }\n}\n<\/style>\n\t<\/div>\n\n\t\n<\/div>\n\t<div id=\"gap-804561372\" class=\"gap-element clearfix\" style=\"display:block; height:auto;\">\n\t\t\n<style>\n#gap-804561372 {\n  padding-top: 63px;\n}\n@media (min-width:550px) {\n  #gap-804561372 {\n    padding-top: 58px;\n  }\n}\n<\/style>\n\t<\/div>\n\t\n<div class=\"row\"  id=\"row-1234116818\">\n\n\t<div id=\"col-1850331252\" class=\"col medium-3 small-12 large-3\"  >\n\t\t\t\t<div class=\"col-inner\"  >\n\t\t\t\n\t\t\t\n\t\t<\/div>\n\t\t\t\t\t<\/div>\n\n\t\n\n\t<div id=\"col-1406429248\" class=\"col medium-6 small-12 large-6\"  >\n\t\t\t\t<div class=\"col-inner\"  >\n\t\t\t\n\t\t\t\n\t\t<\/div>\n\t\t\t\t\t<\/div>\n\n\t\n\n\t<div id=\"col-659609776\" class=\"col medium-3 small-12 large-3\"  >\n\t\t\t\t<div class=\"col-inner\"  >\n\t\t\t\n\t\t\t\n\t\t<\/div>\n\t\t\t\t\t<\/div>\n\n\t\n<\/div>\n\t\t<\/div>\n\n\t\t\n<style>\n#section_434721189 {\n  padding-top: 0px;\n  padding-bottom: 0px;\n  background-color: rgb(255, 255, 255);\n}\n#section_434721189 .section-bg-overlay {\n  background-color: rgba(255, 255, 255, 0.85);\n}\n#section_434721189 .ux-shape-divider--top svg {\n  height: 150px;\n  --divider-top-width: 100%;\n}\n#section_434721189 .ux-shape-divider--bottom svg {\n  height: 150px;\n  --divider-width: 100%;\n}\n<\/style>\n\t<\/section>\n\t\n\t<section class=\"section\" id=\"section_62462145\">\n\t\t<div class=\"bg section-bg fill bg-fill  bg-loaded\" >\n\n\t\t\t\n\t\t\t\n\t\t\t\n\n\t\t<\/div>\n\n\t\t\n\n\t\t<div class=\"section-content relative\">\n\t\t\t\n<div class=\"row\"  id=\"row-3903646\">\n\n\t<div id=\"col-1717238135\" class=\"col medium-2 small-12 large-2\"  >\n\t\t\t\t<div class=\"col-inner\"  >\n\t\t\t\n\t\t\t\n\t\t<\/div>\n\t\t\t\t\t<\/div>\n\n\t\n\n\t<div id=\"col-1699109028\" class=\"col medium-8 small-12 large-8\"  >\n\t\t\t\t<div class=\"col-inner\"  >\n\t\t\t\n\t\t\t\n\t<div id=\"text-1014135142\" class=\"text\">\n\t\t\n<h1><span style=\"color: #ffffff;\">Transforme seu neg\u00f3cio com nosso Suporte Completo!<\/span><\/h1>\n\t\t\n<style>\n#text-1014135142 {\n  font-size: 1.5rem;\n  line-height: 0.95;\n  text-align: center;\n}\n<\/style>\n\t<\/div>\n\t\n<div class=\"video video-fit mb\" style=\"padding-top:56.25%;\"><p><iframe title=\"Planos de Consultoria Personalizados para Novos Empreendedores Rurais\" width=\"1020\" height=\"574\" src=\"https:\/\/www.youtube.com\/embed\/-N5As-bJtT0?feature=oembed\" frameborder=\"0\" allow=\"accelerometer; autoplay; clipboard-write; encrypted-media; gyroscope; picture-in-picture; web-share\" referrerpolicy=\"strict-origin-when-cross-origin\" allowfullscreen><\/iframe><\/p>\n<\/div>\n\t<div id=\"text-3323972439\" class=\"text\">\n\t\t\n<p><span style=\"font-family: Arial, serif; font-size: 100%;\">Avalia\u00e7\u00e3o das \u00e1reas, coleta de amostras de solo, levantamento das potencialidades produtivas, cronograma de execu\u00e7\u00e3o do projeto, orienta\u00e7\u00e3o para aquisi\u00e7\u00e3o de rebanho, plantios e equipamentos, suporte remoto e muito mais.<\/span><\/p>\n\t\t\n<style>\n#text-3323972439 {\n  font-size: 1.55rem;\n  line-height: 1.25;\n  text-align: center;\n  color: rgb(255, 255, 255);\n}\n#text-3323972439 > * {\n  color: rgb(255, 255, 255);\n}\n<\/style>\n\t<\/div>\n\t\n<div class=\"row\"  id=\"row-292990833\">\n\n\t<div id=\"col-1199897843\" class=\"col medium-3 small-12 large-3\"  >\n\t\t\t\t<div class=\"col-inner\"  >\n\t\t\t\n\t\t\t\n\t\t<\/div>\n\t\t\t\t\t<\/div>\n\n\t\n\n\t<div id=\"col-125211249\" class=\"col medium-6 small-12 large-6\"  >\n\t\t\t\t<div class=\"col-inner\"  >\n\t\t\t\n\t\t\t\n<a rel=\"noopener noreferrer\" href=\"https:\/\/wa.me\/553125285193\" target=\"_blank\" class=\"button white box-shadow-3 expand\"  style=\"border-radius:99px;\">\n    <span>SOLICITE UMA VISITA<\/span>\n  <\/a>\n\n\t\t<\/div>\n\t\t\t\t\t<\/div>\n\n\t\n\n\t<div id=\"col-1002183808\" class=\"col medium-3 small-12 large-3\"  >\n\t\t\t\t<div class=\"col-inner\"  >\n\t\t\t\n\t\t\t\n\t\t<\/div>\n\t\t\t\t\t<\/div>\n\n\t\n<\/div>\n\t\t<\/div>\n\t\t\t\t\t<\/div>\n\n\t\n\n\t<div id=\"col-1407182908\" class=\"col medium-2 small-12 large-2\"  >\n\t\t\t\t<div class=\"col-inner\"  >\n\t\t\t\n\t\t\t\n\t\t<\/div>\n\t\t\t\t\t<\/div>\n\n\t\n<\/div>\n\t\t<\/div>\n\n\t\t\n<style>\n#section_62462145 {\n  padding-top: 30px;\n  padding-bottom: 30px;\n  background-color: rgb(2, 73, 89);\n}\n#section_62462145 .ux-shape-divider--top svg {\n  height: 150px;\n  --divider-top-width: 100%;\n}\n#section_62462145 .ux-shape-divider--bottom svg {\n  height: 150px;\n  --divider-width: 100%;\n}\n<\/style>\n\t<\/section>\n\t\n\t<section class=\"section\" id=\"section_833886008\">\n\t\t<div class=\"bg section-bg fill bg-fill  bg-loaded\" >\n\n\t\t\t\n\t\t\t\n\t\t\t\n\n\t\t<\/div>\n\n\t\t\n\n\t\t<div class=\"section-content relative\">\n\t\t\t\n\t<div id=\"gap-579925346\" class=\"gap-element clearfix\" style=\"display:block; height:auto;\">\n\t\t\n<style>\n#gap-579925346 {\n  padding-top: 88px;\n}\n<\/style>\n\t<\/div>\n\t\n<div class=\"row\"  id=\"row-1119909459\">\n\n\t<div id=\"col-1550648723\" class=\"col medium-6 small-12 large-6\"  >\n\t\t\t\t<div class=\"col-inner\"  >\n\t\t\t\n\t\t\t\n\t<div id=\"text-3381387143\" class=\"text\">\n\t\t\n<h1 class=\"elementor-heading-title elementor-size-default\">Diagn\u00f3stico online<\/h1>\n\t\t\n<style>\n#text-3381387143 {\n  font-size: 1.35rem;\n  line-height: 1.45;\n  text-align: left;\n  color: #7c2f14;\n}\n#text-3381387143 > * {\n  color: #7c2f14;\n}\n<\/style>\n\t<\/div>\n\t\n\t<div id=\"text-4256444754\" class=\"text\">\n\t\t\n<h1>Reuni\u00e3o t\u00e9cnica online:<\/h1>\n\t\t\n<style>\n#text-4256444754 {\n  text-align: left;\n  color: rgb(59, 85, 94);\n}\n#text-4256444754 > * {\n  color: rgb(59, 85, 94);\n}\n<\/style>\n\t<\/div>\n\t\n\t<div id=\"text-2302111885\" class=\"text\">\n\t\t\n<ul>\n<li class=\"elementor-heading-title elementor-size-default\">Simula\u00e7\u00e3o do sistema de produ\u00e7\u00e3o;<\/li>\n<li class=\"elementor-heading-title elementor-size-default\">Proje\u00e7\u00e3o de custos e receitas do neg\u00f3cio;<\/li>\n<li class=\"elementor-heading-title elementor-size-default\">Defini\u00e7\u00f5es de prioridades e metas financeiras;<\/li>\n<li class=\"elementor-heading-title elementor-size-default\">Esclarecimento de d\u00favidas sobre o sistema de produ\u00e7\u00e3o;<\/li>\n<li class=\"elementor-heading-title elementor-size-default\">Relat\u00f3rio de simula\u00e7\u00e3o de viabilidade de investimento.<\/li>\n<\/ul>\n\t\t\n<style>\n#text-2302111885 {\n  font-size: 1.05rem;\n  line-height: 1.05;\n  color: #024959;\n}\n#text-2302111885 > * {\n  color: #024959;\n}\n<\/style>\n\t<\/div>\n\t\n\t\t<\/div>\n\t\t\t\t\t<\/div>\n\n\t\n\n\t<div id=\"col-186987894\" class=\"col medium-6 small-12 large-6\"  >\n\t\t\t\t<div class=\"col-inner text-center\"  >\n\t\t\t\n\t\t\t\n\t<div class=\"img has-hover x md-x lg-x y md-y lg-y\" id=\"image_1828738530\">\n\t\t\t\t\t\t\t\t<div class=\"img-inner dark\" style=\"margin:- 0px 100px 0px;\">\n\t\t\t<img decoding=\"async\" width=\"256\" height=\"256\" src=\"https:\/\/qualibee.com.br\/wp-content\/uploads\/2024\/10\/consulta-online-1.png\" class=\"attachment-large size-large\" alt=\"\" srcset=\"https:\/\/qualibee.com.br\/wp-content\/uploads\/2024\/10\/consulta-online-1.png 256w, https:\/\/qualibee.com.br\/wp-content\/uploads\/2024\/10\/consulta-online-1-100x100.png 100w, https:\/\/qualibee.com.br\/wp-content\/uploads\/2024\/10\/consulta-online-1-150x150.png 150w\" sizes=\"(max-width: 256px) 100vw, 256px\" \/>\t\t\t\t\t\t\n\t\t\t\t\t<\/div>\n\t\t\t\t\t\t\t\t\n<style>\n#image_1828738530 {\n  width: 50%;\n}\n<\/style>\n\t<\/div>\n\t\n\t\t<\/div>\n\t\t\t\t\t<\/div>\n\n\t\n<\/div>\n\t\t<\/div>\n\n\t\t\n<style>\n#section_833886008 {\n  padding-top: 30px;\n  padding-bottom: 30px;\n}\n#section_833886008 .ux-shape-divider--top svg {\n  height: 150px;\n  --divider-top-width: 100%;\n}\n#section_833886008 .ux-shape-divider--bottom svg {\n  height: 150px;\n  --divider-width: 100%;\n}\n<\/style>\n\t<\/section>\n\t\n\t<section class=\"section\" id=\"section_235487310\">\n\t\t<div class=\"bg section-bg fill bg-fill  bg-loaded\" >\n\n\t\t\t\n\t\t\t\n\t\t\t\n\n\t\t<\/div>\n\n\t\t\n\n\t\t<div class=\"section-content relative\">\n\t\t\t\n<div class=\"row\"  id=\"row-1888998517\">\n\n\t<div id=\"col-758432345\" class=\"col medium-6 small-12 large-6\"  >\n\t\t\t\t<div class=\"col-inner text-center\"  >\n\t\t\t\n\t\t\t\n\t<div id=\"text-970638903\" class=\"text\">\n\t\t\n<h1 class=\"elementor-heading-title elementor-size-default\">Visita diagn\u00f3stico<\/h1>\n\t\t\n<style>\n#text-970638903 {\n  font-size: 1.35rem;\n  line-height: 1.45;\n  text-align: left;\n  color: #7c2f14;\n}\n#text-970638903 > * {\n  color: #7c2f14;\n}\n<\/style>\n\t<\/div>\n\t\n\t<div id=\"text-1188324511\" class=\"text\">\n\t\t\n<h1>Visita t\u00e9cnica presencial:<\/h1>\n\t\t\n<style>\n#text-1188324511 {\n  text-align: left;\n  color: rgb(2, 73, 89);\n}\n#text-1188324511 > * {\n  color: rgb(2, 73, 89);\n}\n<\/style>\n\t<\/div>\n\t\n\t<div id=\"text-3844302846\" class=\"text\">\n\t\t\n<ul>\n<li style=\"text-align: left;\">Avalia\u00e7\u00e3o das \u00e1reas para a implementa\u00e7\u00e3o das estruturas;<\/li>\n<li style=\"text-align: left;\">Avalia\u00e7\u00e3o das \u00e1reas para plantio;<\/li>\n<li style=\"text-align: left;\">Coleta da amostra de solo e envio ao laborat\u00f3rio;<\/li>\n<li style=\"text-align: left;\">Levantamento das Potencialidades Produtivas;<\/li>\n<li style=\"text-align: left;\">Relat\u00f3rio de visita t\u00e9cnica;<\/li>\n<\/ul>\n\t\t\n<style>\n#text-3844302846 {\n  font-size: 1.05rem;\n  line-height: 1.05;\n  color: #024959;\n}\n#text-3844302846 > * {\n  color: #024959;\n}\n<\/style>\n\t<\/div>\n\t\n\t\t<\/div>\n\t\t\t\t\t<\/div>\n\n\t\n\n\t<div id=\"col-194456430\" class=\"col medium-6 small-12 large-6\"  >\n\t\t\t\t<div class=\"col-inner text-center\"  >\n\t\t\t\n\t\t\t\n\t<div class=\"img has-hover x md-x lg-x y md-y lg-y\" id=\"image_93097439\">\n\t\t\t\t\t\t\t\t<div class=\"img-inner dark\" style=\"margin:0 0px 0px 0px;\">\n\t\t\t<img decoding=\"async\" width=\"256\" height=\"256\" src=\"https:\/\/qualibee.com.br\/wp-content\/uploads\/2024\/10\/do-utilizador.png\" class=\"attachment-large size-large\" alt=\"\" srcset=\"https:\/\/qualibee.com.br\/wp-content\/uploads\/2024\/10\/do-utilizador.png 256w, https:\/\/qualibee.com.br\/wp-content\/uploads\/2024\/10\/do-utilizador-100x100.png 100w, https:\/\/qualibee.com.br\/wp-content\/uploads\/2024\/10\/do-utilizador-150x150.png 150w\" sizes=\"(max-width: 256px) 100vw, 256px\" \/>\t\t\t\t\t\t\n\t\t\t\t\t<\/div>\n\t\t\t\t\t\t\t\t\n<style>\n#image_93097439 {\n  width: 53%;\n}\n<\/style>\n\t<\/div>\n\t\n\t\t<\/div>\n\t\t\t\t\t<\/div>\n\n\t\n<\/div>\n\t\t<\/div>\n\n\t\t\n<style>\n#section_235487310 {\n  padding-top: 30px;\n  padding-bottom: 30px;\n}\n#section_235487310 .ux-shape-divider--top svg {\n  height: 150px;\n  --divider-top-width: 100%;\n}\n#section_235487310 .ux-shape-divider--bottom svg {\n  height: 150px;\n  --divider-width: 100%;\n}\n<\/style>\n\t<\/section>\n\t\n\t<section class=\"section\" id=\"section_15192199\">\n\t\t<div class=\"bg section-bg fill bg-fill  bg-loaded\" >\n\n\t\t\t\n\t\t\t\n\t\t\t\n\n\t\t<\/div>\n\n\t\t\n\n\t\t<div class=\"section-content relative\">\n\t\t\t\n<div class=\"row\"  id=\"row-770947125\">\n\n\t<div id=\"col-1061177755\" class=\"col medium-6 small-12 large-6\"  >\n\t\t\t\t<div class=\"col-inner\"  >\n\t\t\t\n\t\t\t\n\t<div id=\"text-1469738253\" class=\"text\">\n\t\t\n<h1 class=\"elementor-heading-title elementor-size-default\">Novos (as) produtores (as)<\/h1>\n\t\t\n<style>\n#text-1469738253 {\n  font-size: 1.35rem;\n  line-height: 1.45;\n  text-align: left;\n  color: #7c2f14;\n}\n#text-1469738253 > * {\n  color: #7c2f14;\n}\n<\/style>\n\t<\/div>\n\t\n\t<div id=\"text-1143660335\" class=\"text\">\n\t\t\n<h1>Visitas t\u00e9cnicas presenciais:<\/h1>\n\t\t\n<style>\n#text-1143660335 {\n  text-align: left;\n  color: #024959;\n}\n#text-1143660335 > * {\n  color: #024959;\n}\n<\/style>\n\t<\/div>\n\t\n\t<div id=\"text-3733328888\" class=\"text\">\n\t\t\n<ul>\n<li class=\"elementor-heading-title elementor-size-default\">Elabora\u00e7\u00e3o do cronograma de execu\u00e7\u00e3o do projeto;<\/li>\n<li class=\"elementor-heading-title elementor-size-default\">Desenho T\u00e9cnico das instala\u00e7\u00f5es (apriscos e sala de ordenha);<\/li>\n<li class=\"elementor-heading-title elementor-size-default\">Orienta\u00e7\u00e3o para implementa\u00e7\u00e3o dos plantios e colheitas;<\/li>\n<li class=\"elementor-heading-title elementor-size-default\">Desenho T\u00e9cnico das \u00e1reas de piquete;<\/li>\n<li class=\"elementor-heading-title elementor-size-default\">Orienta\u00e7\u00e3o para Aquisi\u00e7\u00e3o do Rebanho;<\/li>\n<li class=\"elementor-heading-title elementor-size-default\">Orienta\u00e7\u00e3o para Aquisi\u00e7\u00e3o dos equipamentos;<\/li>\n<li class=\"elementor-heading-title elementor-size-default\">Tr\u00eas visitas t\u00e9cnicas presenciais programadas;<\/li>\n<li class=\"elementor-heading-title elementor-size-default\">Participa\u00e7\u00e3o no Grupo de Troca de Experi\u00eancias Qualib\u00e9\u00e9;<\/li>\n<li class=\"elementor-heading-title elementor-size-default\">Suporte remoto via grupo do Whatsapp;<\/li>\n<li class=\"elementor-heading-title elementor-size-default\">Implementa\u00e7\u00e3o de sistema em at\u00e9 18 meses.<\/li>\n<\/ul>\n\t\t\n<style>\n#text-3733328888 {\n  font-size: 1.05rem;\n  line-height: 1.07;\n  color: #024959;\n}\n#text-3733328888 > * {\n  color: #024959;\n}\n<\/style>\n\t<\/div>\n\t\n\t\t<\/div>\n\t\t\t\t\t<\/div>\n\n\t\n\n\t<div id=\"col-1593422233\" class=\"col medium-6 small-12 large-6\"  >\n\t\t\t\t<div class=\"col-inner text-center\"  >\n\t\t\t\n\t\t\t\n\t<div id=\"gap-1230349167\" class=\"gap-element clearfix\" style=\"display:block; height:auto;\">\n\t\t\n<style>\n#gap-1230349167 {\n  padding-top: 95px;\n}\n<\/style>\n\t<\/div>\n\t\n\t<div class=\"img has-hover x md-x lg-x y md-y lg-y\" id=\"image_445157338\">\n\t\t\t\t\t\t\t\t<div class=\"img-inner dark\" style=\"margin:px 0px 0 0px;\">\n\t\t\t<img decoding=\"async\" width=\"256\" height=\"256\" src=\"https:\/\/qualibee.com.br\/wp-content\/uploads\/2024\/10\/trabalho-em-equipe.png\" class=\"attachment-large size-large\" alt=\"\" srcset=\"https:\/\/qualibee.com.br\/wp-content\/uploads\/2024\/10\/trabalho-em-equipe.png 256w, https:\/\/qualibee.com.br\/wp-content\/uploads\/2024\/10\/trabalho-em-equipe-100x100.png 100w, https:\/\/qualibee.com.br\/wp-content\/uploads\/2024\/10\/trabalho-em-equipe-150x150.png 150w\" sizes=\"(max-width: 256px) 100vw, 256px\" \/>\t\t\t\t\t\t\n\t\t\t\t\t<\/div>\n\t\t\t\t\t\t\t\t\n<style>\n#image_445157338 {\n  width: 55%;\n}\n<\/style>\n\t<\/div>\n\t\n\t\t<\/div>\n\t\t\t\t\t<\/div>\n\n\t\n<\/div>\n<div class=\"row\"  id=\"row-1575121481\">\n\n\t<div id=\"col-1247652611\" class=\"col medium-4 small-12 large-4\"  >\n\t\t\t\t<div class=\"col-inner\"  >\n\t\t\t\n\t\t\t\n\t\t<\/div>\n\t\t\t\t\t<\/div>\n\n\t\n\n\t<div id=\"col-1998826068\" class=\"col medium-4 small-12 large-4\"  >\n\t\t\t\t<div class=\"col-inner\"  >\n\t\t\t\n\t\t\t\n<a rel=\"noopener noreferrer\" href=\"https:\/\/wa.me\/553125285193\" target=\"_blank\" class=\"button success box-shadow-3 expand\"  style=\"border-radius:99px;\">\n    <span>Saiba mais<\/span>\n  <\/a>\n\n\t\t<\/div>\n\t\t\t\t\t<\/div>\n\n\t\n\n\t<div id=\"col-1113795406\" class=\"col medium-4 small-12 large-4\"  >\n\t\t\t\t<div class=\"col-inner\"  >\n\t\t\t\n\t\t\t\n\t\t<\/div>\n\t\t\t\t\t<\/div>\n\n\t\n<\/div>\n\t\t<\/div>\n\n\t\t\n<style>\n#section_15192199 {\n  padding-top: 30px;\n  padding-bottom: 30px;\n}\n#section_15192199 .ux-shape-divider--top svg {\n  height: 150px;\n  --divider-top-width: 100%;\n}\n#section_15192199 .ux-shape-divider--bottom svg {\n  height: 150px;\n  --divider-width: 100%;\n}\n<\/style>\n\t<\/section>\n\t\n","protected":false},"excerpt":{"rendered":"","protected":false},"author":2,"featured_media":0,"parent":0,"menu_order":0,"comment_status":"closed","ping_status":"closed","template":"page-blank.php","meta":{"footnotes":""},"class_list":["post-982","page","type-page","status-publish","hentry"],"_links":{"self":[{"href":"https:\/\/qualibee.com.br\/index.php\/wp-json\/wp\/v2\/pages\/982","targetHints":{"allow":["GET"]}}],"collection":[{"href":"https:\/\/qualibee.com.br\/index.php\/wp-json\/wp\/v2\/pages"}],"about":[{"href":"https:\/\/qualibee.com.br\/index.php\/wp-json\/wp\/v2\/types\/page"}],"author":[{"embeddable":true,"href":"https:\/\/qualibee.com.br\/index.php\/wp-json\/wp\/v2\/users\/2"}],"replies":[{"embeddable":true,"href":"https:\/\/qualibee.com.br\/index.php\/wp-json\/wp\/v2\/comments?post=982"}],"version-history":[{"count":79,"href":"https:\/\/qualibee.com.br\/index.php\/wp-json\/wp\/v2\/pages\/982\/revisions"}],"predecessor-version":[{"id":1334,"href":"https:\/\/qualibee.com.br\/index.php\/wp-json\/wp\/v2\/pages\/982\/revisions\/1334"}],"wp:attachment":[{"href":"https:\/\/qualibee.com.br\/index.php\/wp-json\/wp\/v2\/media?parent=982"}],"curies":[{"name":"wp","href":"https:\/\/api.w.org\/{rel}","templated":true}]}}