{"id":1379,"date":"2025-07-17T11:11:43","date_gmt":"2025-07-17T14:11:43","guid":{"rendered":"https:\/\/qualibee.com.br\/?post_type=product&#038;p=1379"},"modified":"2025-07-17T12:06:08","modified_gmt":"2025-07-17T15:06:08","slug":"cabrito-saudavel","status":"publish","type":"product","link":"https:\/\/qualibee.com.br\/index.php\/product\/cabrito-saudavel\/","title":{"rendered":"Leite em P\u00f3 para rec\u00e9m-nascidos"},"content":{"rendered":"<p>Leite em P\u00f3 para rec\u00e9m-nascidos<\/p>\n","protected":false},"excerpt":{"rendered":"<p>Leite em P\u00f3 para rec\u00e9m-nascidos<\/p>\n","protected":false},"featured_media":1372,"comment_status":"open","ping_status":"closed","template":"","meta":[],"product_brand":[],"product_cat":[40,27,42,26],"product_tag":[],"class_list":{"0":"post-1379","1":"product","2":"type-product","3":"status-publish","4":"has-post-thumbnail","6":"product_cat-produtos-do-campo","7":"product_cat-caprinos","8":"product_cat-medicamentos","9":"product_cat-ovinos","11":"first","12":"instock","13":"shipping-taxable","14":"product-type-external"},"_links":{"self":[{"href":"https:\/\/qualibee.com.br\/index.php\/wp-json\/wp\/v2\/product\/1379","targetHints":{"allow":["GET"]}}],"collection":[{"href":"https:\/\/qualibee.com.br\/index.php\/wp-json\/wp\/v2\/product"}],"about":[{"href":"https:\/\/qualibee.com.br\/index.php\/wp-json\/wp\/v2\/types\/product"}],"replies":[{"embeddable":true,"href":"https:\/\/qualibee.com.br\/index.php\/wp-json\/wp\/v2\/comments?post=1379"}],"wp:featuredmedia":[{"embeddable":true,"href":"https:\/\/qualibee.com.br\/index.php\/wp-json\/wp\/v2\/media\/1372"}],"wp:attachment":[{"href":"https:\/\/qualibee.com.br\/index.php\/wp-json\/wp\/v2\/media?parent=1379"}],"wp:term":[{"taxonomy":"product_brand","embeddable":true,"href":"https:\/\/qualibee.com.br\/index.php\/wp-json\/wp\/v2\/product_brand?post=1379"},{"taxonomy":"product_cat","embeddable":true,"href":"https:\/\/qualibee.com.br\/index.php\/wp-json\/wp\/v2\/product_cat?post=1379"},{"taxonomy":"product_tag","embeddable":true,"href":"https:\/\/qualibee.com.br\/index.php\/wp-json\/wp\/v2\/product_tag?post=1379"}],"curies":[{"name":"wp","href":"https:\/\/api.w.org\/{rel}","templated":true}]}}