{"id":877,"date":"2024-08-20T08:49:26","date_gmt":"2024-08-20T11:49:26","guid":{"rendered":"https:\/\/qualibee.com.br\/?post_type=product&#038;p=877"},"modified":"2024-08-20T11:06:03","modified_gmt":"2024-08-20T14:06:03","slug":"curso-itinerante-na-fazenda","status":"publish","type":"product","link":"https:\/\/qualibee.com.br\/index.php\/product\/curso-itinerante-na-fazenda\/","title":{"rendered":"Curso Itinerante na Fazenda"},"content":{"rendered":"<h2 style=\"text-align: center;\">Curso Presencial: Do Leite ao Queijo &#8211; Curso Itinerante na Fazenda<\/h2>\n<p style=\"text-align: justify;\">Este curso \u00e9 ideal para quem deseja aprender na pr\u00e1tica, diretamente no campo.<\/p>\n<p>Vivencie o dia a dia da produ\u00e7\u00e3o de leite e queijos de cabra e ovelha, com aulas pr\u00e1ticas e imersivas. Conhe\u00e7a e interaja com outros produtores e entusiastas, compartilhando conhecimentos e experi\u00eancias valiosas. Todo ano, o curso \u00e9 realizado em um local diferente, proporcionando novas experi\u00eancias e imers\u00f5es no mundo dos queijos de cabra e ovelha.<\/p>\n<p style=\"text-align: justify;\">Participe e transforme sua paix\u00e3o em um neg\u00f3cio pr\u00e1tico, produtivo e prazeroso!<\/p>\n<p>&nbsp;<\/p>\n<p><iframe src=\"https:\/\/docs.google.com\/forms\/d\/e\/1FAIpQLSdUjr_rnqwFltFsVTT4isFuCWxclm9SGqpp7DCMLPMBVTezpg\/viewform?embedded=true\" width=\"700\" height=\"520\" frameborder=\"0\" marginwidth=\"0\" marginheight=\"0\">Carregando\u2026<\/iframe><\/p>\n","protected":false},"excerpt":{"rendered":"<p>Descubra o fascinante mundo da ovinocultura e caprinocultura leiteira com o nosso curso presencial \u201cDo Leite ao Queijo: Curso Itinerante na Fazenda\u201d.<\/p>\n","protected":false},"featured_media":878,"comment_status":"open","ping_status":"closed","template":"","meta":[],"product_brand":[],"product_cat":[16,25],"product_tag":[],"class_list":{"0":"post-877","1":"product","2":"type-product","3":"status-publish","4":"has-post-thumbnail","6":"product_cat-classificados","7":"product_cat-cursos","9":"first","10":"instock","11":"shipping-taxable","12":"product-type-simple"},"_links":{"self":[{"href":"https:\/\/qualibee.com.br\/index.php\/wp-json\/wp\/v2\/product\/877","targetHints":{"allow":["GET"]}}],"collection":[{"href":"https:\/\/qualibee.com.br\/index.php\/wp-json\/wp\/v2\/product"}],"about":[{"href":"https:\/\/qualibee.com.br\/index.php\/wp-json\/wp\/v2\/types\/product"}],"replies":[{"embeddable":true,"href":"https:\/\/qualibee.com.br\/index.php\/wp-json\/wp\/v2\/comments?post=877"}],"wp:featuredmedia":[{"embeddable":true,"href":"https:\/\/qualibee.com.br\/index.php\/wp-json\/wp\/v2\/media\/878"}],"wp:attachment":[{"href":"https:\/\/qualibee.com.br\/index.php\/wp-json\/wp\/v2\/media?parent=877"}],"wp:term":[{"taxonomy":"product_brand","embeddable":true,"href":"https:\/\/qualibee.com.br\/index.php\/wp-json\/wp\/v2\/product_brand?post=877"},{"taxonomy":"product_cat","embeddable":true,"href":"https:\/\/qualibee.com.br\/index.php\/wp-json\/wp\/v2\/product_cat?post=877"},{"taxonomy":"product_tag","embeddable":true,"href":"https:\/\/qualibee.com.br\/index.php\/wp-json\/wp\/v2\/product_tag?post=877"}],"curies":[{"name":"wp","href":"https:\/\/api.w.org\/{rel}","templated":true}]}}