{"id":879,"date":"2024-08-20T08:54:21","date_gmt":"2024-08-20T11:54:21","guid":{"rendered":"https:\/\/qualibee.com.br\/?post_type=product&#038;p=879"},"modified":"2024-12-11T14:03:32","modified_gmt":"2024-12-11T17:03:32","slug":"capacitacao-e-mentoria-para-novo-consultor-em-ovinocaprinocultura-leiteira","status":"publish","type":"product","link":"https:\/\/qualibee.com.br\/index.php\/product\/capacitacao-e-mentoria-para-novo-consultor-em-ovinocaprinocultura-leiteira\/","title":{"rendered":"Capacita\u00e7\u00e3o e Mentoria para novo consultor em Ovinocaprinocultura leiteira"},"content":{"rendered":"<h3 style=\"text-align: center;\"><strong>Capacita\u00e7\u00e3o e Mentoria para novo consultor em Ovinocaprinocultura leiteira<\/strong><br \/>\n<strong>Com Gabriela Bastos e Felipe Santiago<\/strong><\/h3>\n<p style=\"text-align: justify;\">Ao longo do curso, voc\u00ea ter\u00e1 acesso a conte\u00fado detalhados e atualizados sobre a produ\u00e7\u00e3o de leite de caprinos e ovinos, nutri\u00e7\u00e3o e alimenta\u00e7\u00e3o dos pequenos ruminantes, manejo reprodutivo, problemas sanit\u00e1rios, mastites e muito mais. Cada m\u00f3dulo foi cuidadosamente elaborado para fornecer informa\u00e7\u00f5es essenciais e pr\u00e1ticas, que podem ser aplicadas diretamente no campo.<\/p>\n<p>Al\u00e9m disso, o curso oferece um m\u00f3dulo extra exclusivo, onde voc\u00ea aprender\u00e1 como estabelecer uma assist\u00eancia t\u00e9cnica continuada ao chegar na fazenda. Este \u00e9 um diferencial importante para quem deseja se destacar no mercado e oferecer um servi\u00e7o de consultoria completo e eficiente.<\/p>\n<p style=\"text-align: justify;\">N\u00e3o perca essa oportunidade de aprender com os melhores! Inscreva-se e comece a transformar sua carreira na ovinocaprinocultura leiteira.<\/p>\n<p style=\"text-align: left;\"><strong>M\u00f3dulo 1:<\/strong> Produ\u00e7\u00e3o de Leite de Caprinos e Ovinos. O que voc\u00ea precisa saber.<br \/>\n<strong>M\u00f3dulo 2:<\/strong> Nutri\u00e7\u00e3o e Alimenta\u00e7\u00e3o dos Pequenos Ruminantes &#8211; Parte I Conceitos e fundamentos.<br \/>\n<strong>M\u00f3dulo 3:<\/strong> Nutri\u00e7\u00e3o e Alimenta\u00e7\u00e3o dos Pequenos Ruminantes &#8211; Parte II Aplica\u00e7\u00f5es pr\u00e1ticas no campo.<br \/>\n<strong>M\u00f3dulo 4:<\/strong> Principais Problemas Sanit\u00e1rios. Causas e preven\u00e7\u00e3o.<br \/>\n<strong>M\u00f3dulo 5:<\/strong> Mastites em Ovinos e Caprinos. Como proceder.<br \/>\n<strong>M\u00f3dulo 6:<\/strong> Manejo Reprodutivo dos Pequenos Ruminantes. Na pr\u00e1tica.<br \/>\n<strong>M\u00f3dulo 7:<\/strong> Pr\u00e1ticas Gerais no Manejo da Produ\u00e7\u00e3o Leiteira. Caprinocultura e Ovinocultura<br \/>\n<strong>M\u00f3dulo 8:<\/strong> Instala\u00e7\u00e3o e Ambi\u00eancia. Como projetar um aprisco pr\u00e1tico e eficiente.<br \/>\n<strong>M\u00f3dulo 9:<\/strong> Gest\u00e3o Zoot\u00e9cnica na Propriedade. Quais \u00edndices monitorar e como agir.<br \/>\n<strong>M\u00f3dulo 10:<\/strong> Interpreta\u00e7\u00e3o da Produ\u00e7\u00e3o e An\u00e1lise do Leite Como interpretar os resultados.<br \/>\n<strong>M\u00f3dulo Extra:<\/strong> Cheguei na Fazenda, e agora? Como estabelecer uma assist\u00eancia t\u00e9cnica continuada.<\/p>\n<p>&nbsp;<\/p>\n<p><iframe src=\"https:\/\/docs.google.com\/forms\/d\/e\/1FAIpQLScsisSR8Iy6cABKr1KaCHmPMjuHO6hEKtx5LkjrC36ii8G93g\/viewform?embedded=true\" width=\"640\" height=\"2976\" frameborder=\"0\" marginwidth=\"0\" marginheight=\"0\">Carregando\u2026<\/iframe><\/p>\n","protected":false},"excerpt":{"rendered":"<p>Este curso \u00e9 ideal para quem deseja se tornar um consultor especializado em ovinocaprinocultura leiteira. Com uma abordagem pr\u00e1tica e objetiva, Gabriela Bastos e Felipe Santiago compartilham seus conhecimentos e experi\u00eancias para capacitar novos profissionais na \u00e1rea.<\/p>\n","protected":false},"featured_media":880,"comment_status":"open","ping_status":"closed","template":"","meta":[],"product_brand":[],"product_cat":[33],"product_tag":[],"class_list":{"0":"post-879","1":"product","2":"type-product","3":"status-publish","4":"has-post-thumbnail","6":"product_cat-novos-tecnicos","8":"first","9":"instock","10":"shipping-taxable","11":"product-type-simple"},"_links":{"self":[{"href":"https:\/\/qualibee.com.br\/index.php\/wp-json\/wp\/v2\/product\/879","targetHints":{"allow":["GET"]}}],"collection":[{"href":"https:\/\/qualibee.com.br\/index.php\/wp-json\/wp\/v2\/product"}],"about":[{"href":"https:\/\/qualibee.com.br\/index.php\/wp-json\/wp\/v2\/types\/product"}],"replies":[{"embeddable":true,"href":"https:\/\/qualibee.com.br\/index.php\/wp-json\/wp\/v2\/comments?post=879"}],"wp:featuredmedia":[{"embeddable":true,"href":"https:\/\/qualibee.com.br\/index.php\/wp-json\/wp\/v2\/media\/880"}],"wp:attachment":[{"href":"https:\/\/qualibee.com.br\/index.php\/wp-json\/wp\/v2\/media?parent=879"}],"wp:term":[{"taxonomy":"product_brand","embeddable":true,"href":"https:\/\/qualibee.com.br\/index.php\/wp-json\/wp\/v2\/product_brand?post=879"},{"taxonomy":"product_cat","embeddable":true,"href":"https:\/\/qualibee.com.br\/index.php\/wp-json\/wp\/v2\/product_cat?post=879"},{"taxonomy":"product_tag","embeddable":true,"href":"https:\/\/qualibee.com.br\/index.php\/wp-json\/wp\/v2\/product_tag?post=879"}],"curies":[{"name":"wp","href":"https:\/\/api.w.org\/{rel}","templated":true}]}}