{"id":889,"date":"2024-08-20T09:41:31","date_gmt":"2024-08-20T12:41:31","guid":{"rendered":"https:\/\/qualibee.com.br\/?post_type=product&#038;p=889"},"modified":"2024-08-20T11:06:35","modified_gmt":"2024-08-20T14:06:35","slug":"criacao-saudavel-dicas-essenciais-com-a-veterinaria","status":"publish","type":"product","link":"https:\/\/qualibee.com.br\/index.php\/product\/criacao-saudavel-dicas-essenciais-com-a-veterinaria\/","title":{"rendered":"Cria\u00e7\u00e3o saud\u00e1vel: Dicas essenciais com a Veterin\u00e1ria"},"content":{"rendered":"<h2 style=\"text-align: center;\"><strong>Cria\u00e7\u00e3o saud\u00e1vel: Dicas essenciais com a Veterin\u00e1ria<\/strong><\/h2>\n<p style=\"text-align: justify;\">Voc\u00ea \u00e9 produtor (a) e quer aprender as melhores pr\u00e1ticas para garantir a sa\u00fade e o bem-estar dos seus animais? A Dra. Tha\u00eds Fitaroni, veterin\u00e1ria especializada, oferece uma mentoria individualizada para ajudar voc\u00ea a alcan\u00e7ar esse objetivo. Cada encontro online \u00e9 cuidadosamente adaptado \u00e0s suas necessidades espec\u00edficas, garantindo que voc\u00ea obtenha o m\u00e1ximo benef\u00edcio.<\/p>\n<p style=\"text-align: justify;\">N\u00e3o perca a oportunidade de transformar a sa\u00fade da sua cria\u00e7\u00e3o! Entre em contato e agende sua primeira mentoria.<\/p>\n<p><iframe src=\"https:\/\/docs.google.com\/forms\/d\/e\/1FAIpQLSd7T7nqmkj_IOns2OBoTq6qeDDOTkJ28IiUF_Yg4WNBbI5uKw\/viewform?embedded=true\" width=\"700\" height=\"520\" frameborder=\"0\" marginwidth=\"0\" marginheight=\"0\">Carregando\u2026<\/iframe><\/p>\n","protected":false},"excerpt":{"rendered":"<p>Descubra como manter sua cria\u00e7\u00e3o saud\u00e1vel com a mentoria individualizada da Dra. Tha\u00eds Fitaroni!<\/p>\n","protected":false},"featured_media":891,"comment_status":"open","ping_status":"closed","template":"","meta":[],"product_brand":[],"product_cat":[16,30],"product_tag":[],"class_list":{"0":"post-889","1":"product","2":"type-product","3":"status-publish","4":"has-post-thumbnail","6":"product_cat-classificados","7":"product_cat-mentoria","9":"first","10":"instock","11":"shipping-taxable","12":"product-type-simple"},"_links":{"self":[{"href":"https:\/\/qualibee.com.br\/index.php\/wp-json\/wp\/v2\/product\/889","targetHints":{"allow":["GET"]}}],"collection":[{"href":"https:\/\/qualibee.com.br\/index.php\/wp-json\/wp\/v2\/product"}],"about":[{"href":"https:\/\/qualibee.com.br\/index.php\/wp-json\/wp\/v2\/types\/product"}],"replies":[{"embeddable":true,"href":"https:\/\/qualibee.com.br\/index.php\/wp-json\/wp\/v2\/comments?post=889"}],"wp:featuredmedia":[{"embeddable":true,"href":"https:\/\/qualibee.com.br\/index.php\/wp-json\/wp\/v2\/media\/891"}],"wp:attachment":[{"href":"https:\/\/qualibee.com.br\/index.php\/wp-json\/wp\/v2\/media?parent=889"}],"wp:term":[{"taxonomy":"product_brand","embeddable":true,"href":"https:\/\/qualibee.com.br\/index.php\/wp-json\/wp\/v2\/product_brand?post=889"},{"taxonomy":"product_cat","embeddable":true,"href":"https:\/\/qualibee.com.br\/index.php\/wp-json\/wp\/v2\/product_cat?post=889"},{"taxonomy":"product_tag","embeddable":true,"href":"https:\/\/qualibee.com.br\/index.php\/wp-json\/wp\/v2\/product_tag?post=889"}],"curies":[{"name":"wp","href":"https:\/\/api.w.org\/{rel}","templated":true}]}}