{"id":892,"date":"2024-08-20T09:42:49","date_gmt":"2024-08-20T12:42:49","guid":{"rendered":"https:\/\/qualibee.com.br\/?post_type=product&#038;p=892"},"modified":"2024-08-20T10:58:57","modified_gmt":"2024-08-20T13:58:57","slug":"queijos-de-cabra-e-ovelha-passo-a-passo-com-a-doutora-queijeira","status":"publish","type":"product","link":"https:\/\/qualibee.com.br\/index.php\/product\/queijos-de-cabra-e-ovelha-passo-a-passo-com-a-doutora-queijeira\/","title":{"rendered":"Queijos de Cabra ou Ovelha: Passo a Passo com a Doutora Queijeira"},"content":{"rendered":"<h2 style=\"text-align: center;\"><strong>Queijos de Cabra ou Ovelha: Passo a Passo com a Doutora Queijeira<\/strong><\/h2>\n<p style=\"text-align: justify;\">Cada sess\u00e3o \u00e9 cuidadosamente adaptada \u00e0s suas necessidades espec\u00edficas, garantindo que voc\u00ea obtenha o m\u00e1ximo benef\u00edcio. Durante a mentoria, voc\u00ea aprender\u00e1 t\u00e9cnicas avan\u00e7adas e pr\u00e1ticas essenciais para elevar a qualidade dos seus queijos e se destacar no mercado.<\/p>\n<p style=\"text-align: justify;\">N\u00e3o perca a oportunidade de transformar sua produ\u00e7\u00e3o de queijos! Entre em contato e agende sua primeira mentoria com a Dra. Patricia Andrade.<\/p>\n<p><iframe src=\"https:\/\/docs.google.com\/forms\/d\/e\/1FAIpQLScdcvwS6X8arY0ZnWrD9R0i-Fwwy3jtnWUzWY6YGJd7vIOKBw\/viewform?embedded=true\" width=\"700\" height=\"520\" frameborder=\"0\" marginwidth=\"0\" marginheight=\"0\">Carregando\u2026<\/iframe><\/p>\n","protected":false},"excerpt":{"rendered":"<p>Voc\u00ea \u00e9 queijeiro (a) e deseja aprimorar suas habilidades na produ\u00e7\u00e3o de queijos? A Dra. Patr\u00edcia Andrade, veterin\u00e1ria especializada, oferece uma mentoria personalizada para ajudar voc\u00ea a dominar receitas especiais, elaborar queijos autorais, aplicar boas pr\u00e1ticas de produ\u00e7\u00e3o, entender o processo de matura\u00e7\u00e3o e escolher as melhores embalagens para seus produtos.<\/p>\n","protected":false},"featured_media":894,"comment_status":"open","ping_status":"closed","template":"","meta":[],"product_brand":[],"product_cat":[16,30],"product_tag":[],"class_list":{"0":"post-892","1":"product","2":"type-product","3":"status-publish","4":"has-post-thumbnail","6":"product_cat-classificados","7":"product_cat-mentoria","9":"first","10":"instock","11":"shipping-taxable","12":"product-type-simple"},"_links":{"self":[{"href":"https:\/\/qualibee.com.br\/index.php\/wp-json\/wp\/v2\/product\/892","targetHints":{"allow":["GET"]}}],"collection":[{"href":"https:\/\/qualibee.com.br\/index.php\/wp-json\/wp\/v2\/product"}],"about":[{"href":"https:\/\/qualibee.com.br\/index.php\/wp-json\/wp\/v2\/types\/product"}],"replies":[{"embeddable":true,"href":"https:\/\/qualibee.com.br\/index.php\/wp-json\/wp\/v2\/comments?post=892"}],"wp:featuredmedia":[{"embeddable":true,"href":"https:\/\/qualibee.com.br\/index.php\/wp-json\/wp\/v2\/media\/894"}],"wp:attachment":[{"href":"https:\/\/qualibee.com.br\/index.php\/wp-json\/wp\/v2\/media?parent=892"}],"wp:term":[{"taxonomy":"product_brand","embeddable":true,"href":"https:\/\/qualibee.com.br\/index.php\/wp-json\/wp\/v2\/product_brand?post=892"},{"taxonomy":"product_cat","embeddable":true,"href":"https:\/\/qualibee.com.br\/index.php\/wp-json\/wp\/v2\/product_cat?post=892"},{"taxonomy":"product_tag","embeddable":true,"href":"https:\/\/qualibee.com.br\/index.php\/wp-json\/wp\/v2\/product_tag?post=892"}],"curies":[{"name":"wp","href":"https:\/\/api.w.org\/{rel}","templated":true}]}}